{"id":874,"date":"2022-04-04T19:40:06","date_gmt":"2022-04-04T17:40:06","guid":{"rendered":"http:\/\/harmonia-zmyslow.pl\/?page_id=874"},"modified":"2024-09-03T10:32:42","modified_gmt":"2024-09-03T08:32:42","slug":"dmk-terapie-enzymatyczne","status":"publish","type":"page","link":"https:\/\/harmonia-zmyslow.pl\/index.php\/dmk-terapie-enzymatyczne\/","title":{"rendered":"DMK terapie enzymatyczne"},"content":{"rendered":"\n<p>Leczenie kosmeceutykami DMK opiera si\u0119 na fundamentalnej koncepcji \u201e<strong>usun\u0105\u0107 patologi\u0119 &#8211; przywr\u00f3ci\u0107 norm\u0119 &#8211; chroni\u0107 &#8211; wspiera\u0107 wynik<\/strong>\u201d, kt\u00f3ra wzywa do terapii w etapach i zgodnie z potrzebami sk\u00f3ry pacjenta.&nbsp;<\/p>\n\n\n\n<ol>\n<li><strong>Usuwanie patologii<\/strong>&nbsp;&#8211; usuwamy martwe kom\u00f3rki nask\u00f3rka za pomoc\u0105 hydrolizy enzymatycznej.<\/li>\n\n\n\n<li><strong>Przywr\u00f3cenie normy<\/strong>&nbsp;&#8211; przywr\u00f3cenie p\u0142aszcza hydrolipidowego sk\u00f3ry za pomoc\u0105 naturalnych frakcjonowanych olej\u00f3w i wodnych ekstakt\u00f3w ro\u015blinnych.<\/li>\n\n\n\n<li><strong>Chronienie wyniku<\/strong>&nbsp;&#8211; chronienie sk\u00f3ry przed wolnymi rodnikami i glikacj\u0105 za pomoc\u0105 silnych receptur antyoksydant\u00f3w (witamina C, ekstrakt z pestek winogron, betaglukan)<\/li>\n\n\n\n<li><strong>Wspieranie wyniku<\/strong>&nbsp;&#8211; wspieranie prawid\u0142owych funkcji sk\u00f3rnych za pomoc\u0105 indywidualnie dobranej terapii domowej DMK po procedurach medycznych wykonanych w gabinecie.&nbsp;<\/li>\n<\/ol>\n\n\n\n<p>Kosmeceutyki DMK posiadaj\u0105 certyfikaty FDA, EMA, CE. S\u0105 wszechstronne, nadaj\u0105 si\u0119 do wszystkich rodzaj\u00f3w sk\u00f3ry i radz\u0105 sobie ze wszystkimi patologiami sk\u00f3rnymi.&nbsp;<\/p>\n\n\n\n<p>Produkty DMK nie zawieraj\u0105 substancji zapachowych, barwnik\u00f3w, nie s\u0105 komedogenne i s\u0105 opracowane na podstawie sk\u0142adnik\u00f3w ro\u015blinnych, enzym\u00f3w, aminokwas\u00f3w i peptyd\u00f3w. Maj\u0105 wysok\u0105 czysto\u015b\u0107 surowc\u00f3w i spos\u00f3b przetwarzania, s\u0105 w pe\u0142ni zgodne z jako\u015bci\u0105 lek\u00f3w.&nbsp;<\/p>\n\n\n\n<h4 class=\"wp-block-heading\">Terapia enzymatyczna DMK<\/h4>\n\n\n\n<p>Enzymy s\u0105 naturalnymi katalizatorami, czyli &#8222;przyspieszaczami&#8221; proces\u00f3w zachodz\u0105cych w sk\u00f3rze. Pomagaj\u0105 one wyg\u0142adzi\u0107 zmarszczki, wyr\u00f3wnuj\u0105 koloryt sk\u00f3ry i nadaj\u0105 jej zdrowy blask. Transdermalne maski enzymatyczne DMK aktywuj\u0105 naturalne procesy chemiczne w kom\u00f3rkach, wzbogacaj\u0105c je o wszystkie niezb\u0119dne witaminy, minera\u0142y, bia\u0142ka i aminokwasy, normalizuj\u0105 procesy metaboliczne, funkcjonowanie naczy\u0144 krwiono\u015bnych i usuwaj\u0105 zmarszczki mimiczne.<\/p>\n\n\n\n<h4 class=\"wp-block-heading\">Jak to dzia\u0142a?<\/h4>\n\n\n\n<figure class=\"wp-block-image\"><img decoding=\"async\" src=\"https:\/\/kosmetologiaholistyczna.com\/assets\/www\/35\/terapie-dmk16284970881.png\" alt=\"Zdjecie: \/terapie-dmk16284970881\"\/><\/figure>\n\n\n\n<p>Po na\u0142o\u017ceniu na sk\u00f3r\u0119, Enzyme Masque #1 przenika przez mieszek w\u0142osowy, gruczo\u0142y potowe, gruczo\u0142y \u0142ojowe do g\u0142\u0119bszych warstw nask\u00f3rka i sk\u00f3ry w\u0142a\u015bciwej i hydrolizuje odpady kom\u00f3rkowe, przekszta\u0142caj\u0105c je w s\u0142abe kwasy. &nbsp;Za pomoc\u0105 odwr\u00f3conej osmozy poprzez system drena\u017cu limfatycznego i kana\u0142 \u017cylny wyp\u0142ukuje je na powierzchni\u0119. Po oddzia\u0142ywaniu na toksyny, do procesu w\u0142\u0105czane s\u0105 enzymy messengery, kt\u00f3re przekazuj\u0105 informacje przez receptory kom\u00f3rkowe i aktywuj\u0105 w\u0142asne enzymy sk\u00f3ry, uruchamiaj\u0105c syntez\u0119 w\u0142\u00f3kien kolagenowych.<\/p>\n\n\n\n<p>Enzyme Masque #1 zawiera r\u00f3wnie\u017c kompleks mitochondrialny \u0406\u0406 (MK\u0406\u0406), kt\u00f3ry stymuluje mitochondria kom\u00f3rek do produkcji energii i wyzwalania niezb\u0119dnych proces\u00f3w fizjologicznych. MK\u0406\u0406 ma na celu op\u00f3\u017anienie zmian zwi\u0105zanych z wiekiem i stymulacj\u0119 proces\u00f3w fizjologicznych.<\/p>\n\n\n\n<p>Dysmutaza ponadtlenkowa (SOD) poch\u0142ania wolne rodniki i zapobiega uszkodzeniom tkanek, zapobiegaj\u0105c przedwczesnemu starzeniu si\u0119. Zawarte w masce lizyna, prolina i glicyna zapewniaj\u0105 proces produkcji w\u0142\u00f3kien kolagenowych. Kwas asparaginowy wzmacnia \u015bciany naczy\u0144 w\u0142osowatych, a kwas glutaminowy eliminuje toksyny i dzia\u0142a na struktury mi\u0119\u015bniowe.<\/p>\n\n\n\n<p>Terapia enzymatyczna aktywnie uruchamia kana\u0142y makrokr\u0105\u017cenia i poprawia dostarczanie tlenu, \u0142agodzi skurcz naczy\u0144 krwiono\u015bnych. Ze wzgl\u0119du na wp\u0142yw na kom\u00f3rki Langerhansa, funkcje ochronne sk\u00f3ry s\u0105 wzmocnione.<\/p>\n\n\n\n<p>Po zmyciu Enzyme Masque #1 mo\u017cna zaobserwowa\u0107 szczeg\u00f3lne zjawisko &#8211; &#8222;efekt plazmatyczny&#8221; &#8211; rozszerzenie naczy\u0144 krwiono\u015bnych w postaci &#8222;mapy drogowej&#8221;. Naczynia w\u0142osowate stan\u0105 si\u0119 bardziej spr\u0119\u017cyste i poprawi si\u0119 przep\u0142yw krwi.<\/p>\n\n\n\n<p><strong>Czas trwania zabiegu<\/strong><\/p>\n\n\n\n<p>90 min<\/p>\n\n\n\n<p>&nbsp;<strong>Liczba zabieg\u00f3w<\/strong><\/p>\n\n\n\n<p>5 &#8211; 10<\/p>\n\n\n\n<p>&nbsp;<strong>Odst\u0119py mi\u0119dzy zabiegami<\/strong><\/p>\n\n\n\n<p>1-4 tyg.&nbsp;<\/p>\n\n\n\n<p>&nbsp;<strong>Obszar<\/strong><\/p>\n\n\n\n<p>Twarz , szyja, dekolt,<\/p>\n\n\n\n<h4 class=\"wp-block-heading\">Dla kogo jest zabieg?<\/h4>\n\n\n\n<p>Receptury DMK s\u0105 opracowywane na podstawie sk\u0142adnik\u00f3w, kt\u00f3re sk\u00f3ra rozpoznaje i akceptuje i s\u0105 przeznaczone do normalizacji proces\u00f3w metabolicznych w sk\u00f3rze, leczenia problem\u00f3w kosmetycznych:<\/p>\n\n\n\n<ul>\n<li>Tr\u0105dzik<\/li>\n\n\n\n<li>Tr\u0105dzik pospolity<\/li>\n\n\n\n<li>Tr\u0105dzik r\u00f3\u017cowaty<\/li>\n\n\n\n<li>Couperose<\/li>\n\n\n\n<li>Hiperpigmentacja<\/li>\n\n\n\n<li>Zmiany sk\u00f3rne zwi\u0105zane z wiekiem<\/li>\n\n\n\n<li>Blizny<\/li>\n\n\n\n<li>Choroby dermatologiczne (\u0142uszczyca, atopowe zapalenie sk\u00f3ry)<\/li>\n<\/ul>\n\n\n\n<h4 class=\"wp-block-heading\">Przeciwwskazania<\/h4>\n\n\n\n<p>Brak. Zabiegi te bezpieczne s\u0105 dla ka\u017cdego.<\/p>\n\n\n\n<p>cena zabiegu:<\/p>\n\n\n\n<p>terapia 1 stopnia 300 z\u0142<\/p>\n\n\n\n<p>terapia 2 stopnia 350 zl<\/p>\n\n\n\n<p>terapia 3 stopnia 420 z\u0142 <\/p>\n","protected":false},"excerpt":{"rendered":"<p>Leczenie kosmeceutykami DMK opiera si\u0119 na fundamentalnej koncepcji \u201eusun\u0105\u0107 patologi\u0119 &#8211; przywr\u00f3ci\u0107 norm\u0119 &#8211; chroni\u0107 &#8211; wspiera\u0107 wynik\u201d, kt\u00f3ra wzywa do terapii w etapach i zgodnie z potrzebami sk\u00f3ry pacjenta.&nbsp; Kosmeceutyki DMK posiadaj\u0105 certyfikaty FDA, EMA, CE. S\u0105 wszechstronne, nadaj\u0105 si\u0119 do wszystkich rodzaj\u00f3w sk\u00f3ry i radz\u0105 sobie ze wszystkimi patologiami sk\u00f3rnymi.&nbsp; Produkty DMK nie [&hellip;]<\/p>\n","protected":false},"author":1,"featured_media":0,"parent":0,"menu_order":0,"comment_status":"closed","ping_status":"closed","template":"","meta":{"_et_pb_use_builder":"","_et_pb_old_content":"","_et_gb_content_width":"","footnotes":""},"_links":{"self":[{"href":"https:\/\/harmonia-zmyslow.pl\/index.php\/wp-json\/wp\/v2\/pages\/874"}],"collection":[{"href":"https:\/\/harmonia-zmyslow.pl\/index.php\/wp-json\/wp\/v2\/pages"}],"about":[{"href":"https:\/\/harmonia-zmyslow.pl\/index.php\/wp-json\/wp\/v2\/types\/page"}],"author":[{"embeddable":true,"href":"https:\/\/harmonia-zmyslow.pl\/index.php\/wp-json\/wp\/v2\/users\/1"}],"replies":[{"embeddable":true,"href":"https:\/\/harmonia-zmyslow.pl\/index.php\/wp-json\/wp\/v2\/comments?post=874"}],"version-history":[{"count":2,"href":"https:\/\/harmonia-zmyslow.pl\/index.php\/wp-json\/wp\/v2\/pages\/874\/revisions"}],"predecessor-version":[{"id":1090,"href":"https:\/\/harmonia-zmyslow.pl\/index.php\/wp-json\/wp\/v2\/pages\/874\/revisions\/1090"}],"wp:attachment":[{"href":"https:\/\/harmonia-zmyslow.pl\/index.php\/wp-json\/wp\/v2\/media?parent=874"}],"curies":[{"name":"wp","href":"https:\/\/api.w.org\/{rel}","templated":true}]}}