{"id":870,"date":"2022-04-04T19:38:22","date_gmt":"2022-04-04T17:38:22","guid":{"rendered":"http:\/\/harmonia-zmyslow.pl\/?page_id=870"},"modified":"2025-10-08T12:25:03","modified_gmt":"2025-10-08T10:25:03","slug":"pro-xn","status":"publish","type":"page","link":"https:\/\/harmonia-zmyslow.pl\/index.php\/pro-xn\/","title":{"rendered":"Pro Xn"},"content":{"rendered":"\n<figure class=\"wp-block-image size-large is-resized\"><img loading=\"lazy\" decoding=\"async\" width=\"888\" height=\"1024\" src=\"https:\/\/harmonia-zmyslow.pl\/wp-content\/uploads\/2025\/10\/5.XANTHOHUMOL-RECOVERY-TREATMENT_3-888x1024.jpg\" alt=\"\" class=\"wp-image-1135\" style=\"width:823px;height:auto\"\/><\/figure>\n\n\n\n<p>Marka PRO XN powsta\u0142a z pasji do kosmetologii i chemii. Dzi\u0119ki wsp\u00f3\u0142pracy polskiego zespo\u0142u, uda\u0142o si\u0119 skutecznie wykorzysta\u0107 Kompleks Ksantohumolu w produktach i terapiach kosmetologicznych. Wykazuje on 30 razy silniejsze w\u0142a\u015bciwo\u015bci od witaminy C oraz 200 razy mocniejsze od resweratrolu. Zosta\u0142 on zamkni\u0119ty w preparacie o wysokiej biodost\u0119pno\u015bci, zwi\u0119kszaj\u0105c jednocze\u015bnie jego przenikalno\u015b\u0107 przez warstw\u0119 rogow\u0105 nask\u00f3rka, co maksymalizuje efektywno\u015b\u0107 dzia\u0142ania.<\/p>\n\n\n\n<p><strong>PRO XN \u2014 autorski zabieg I stopnia&nbsp;<\/strong><\/p>\n\n\n\n<p>Autorski zabieg PRO XN \u2014 I stopnia to zaawansowana terapia wykorzystuj\u0105ca dzia\u0142anie ksantohumolu, kwasu azelainowego i glukonolatonu. Kwas azalainowy wykazuje dzia\u0142anie przeciwbakteryjne i rozja\u015bniaj\u0105ce, dzi\u0119ki czemu \u0142agodzi objawy tr\u0105dziku pospolitego i r\u00f3\u017cowatego oraz wyr\u00f3wnuje koloryt sk\u00f3ry. Glukonolaton aktywuje syntez\u0119 niezb\u0119dnych lipid\u00f3w (ceramid\u00f3w i fosfolipid\u00f3w), zapewniaj\u0105c ochron\u0119 sk\u00f3ry oraz przenosi cz\u0105steczki wody w g\u0142\u0105b sk\u00f3ry, przyczyniaj\u0105c si\u0119 do utrzymania jej odpowiedniej wilgoci.<\/p>\n\n\n\n<p>Terapia PRO XN \u2014 I stopnia wykazuje w\u0142a\u015bciwo\u015bci przeciwzapalne skierowane w szczeg\u00f3lno\u015bci dla sk\u00f3r wra\u017cliwych i zaburzonych chorobowo (atopowe zapalenie sk\u00f3ry, \u0142uszczyca). Przeznaczona jest tak\u017ce dla kobiet w ci\u0105\u017cy oraz karmi\u0105cych piersi\u0105.<\/p>\n\n\n\n<p><strong>Wskazania<\/strong><\/p>\n\n\n\n<ul>\n<li>Sk\u00f3ra wra\u017cliwa,<\/li>\n\n\n\n<li>Sk\u00f3ra atopowa,<\/li>\n\n\n\n<li>Sk\u00f3ra podczas leczenia retinoidami oraz po zako\u0144czonej kuracji,<\/li>\n\n\n\n<li>Sk\u00f3ra z uszkodzeniami pos\u0142onecznymi<\/li>\n<\/ul>\n\n\n\n<p>Cena twarz z szyj\u0105 350 z\u0142<\/p>\n\n\n\n<p><strong>PRO XN \u2014 autorski zabieg II stopnia z retinolem<\/strong><\/p>\n\n\n\n<p>Terapia zosta\u0142a wzbogacona o dzia\u0142anie najnowszej generacji retinoidu \u2013 estra kwasu retinowego. Wykazuje silne w\u0142a\u015bciwo\u015bci biorewitalizuj\u0105ce z ni\u017cszym potencja\u0142em dra\u017cni\u0105cym. Jest to innowacyjne po\u0142\u0105czenie retinoidu z kwasem traneksamowym i azelainowym. Autorski zabieg PRO XN \u2013 II stopnia pozwala na uzyskanie dzia\u0142ania rozja\u015bniaj\u0105cego, przeciwzapalnego i nawil\u017caj\u0105cego.<\/p>\n\n\n\n<p><strong>Wskazania<\/strong><\/p>\n\n\n\n<ul>\n<li>Zmarszczki, linie, bruzdy,<\/li>\n\n\n\n<li>Wiotko\u015b\u0107 sk\u00f3ry,<\/li>\n\n\n\n<li>Nier\u00f3wnomierny koloryt,<\/li>\n\n\n\n<li>Sk\u00f3ra szara, ziemista,<\/li>\n\n\n\n<li>Sk\u00f3ra dojrza\u0142a,<\/li>\n\n\n\n<li>Sk\u00f3ra w okresie menopauzy<\/li>\n<\/ul>\n\n\n\n<p>Cena zabiegu twarz z szyj\u0105 400 z\u0142<\/p>\n\n\n\n<p><strong>PRO XN Acne Rescue Treatment \u2014 terapia przeciwtr\u0105dzikowa z laktoferyn\u0105<\/strong><\/p>\n\n\n\n<p>Terapia dla problematycznej sk\u00f3ry z nawracaj\u0105cym tr\u0105dzikiem, nadmiernym wydzielaniem sebum oraz przebarwieniami pozapalnymi.&nbsp;<\/p>\n\n\n\n<p>Procedura zabiegowa opiera si\u0119 na zwalczaniu czterech kluczowych czynnik\u00f3w wp\u0142ywaj\u0105cych na stan jednostki w\u0142osowo-\u0142ojowej: regulacj\u0119 produkcji sebum, kontrol\u0119 hiperkeratynizacji, eliminacj\u0119 kolonizacji bakterii Propionibacterium Acne oraz stymulacj\u0119 miejscowej odpowiedzi immunologicznej.<\/p>\n\n\n\n<p>Laktoferyna wykazuje w\u0142a\u015bciwo\u015bci przeciwstarzeniowe, ochronne i reguluj\u0105ce, odgrywa kluczow\u0105 rol\u0119 w procesie terapeutycznym. Sk\u0142adnik ten wp\u0142ywa korzystnie na utrzymanie stabilno\u015bci mikrobiomu sk\u00f3ry oraz aktywuje procesy regeneracyjne. Dodatek kondycjonuj\u0105cego kompleksu aminokwas\u00f3w i z\u0142ota koloidalnego wzbogaca formu\u0142\u0119, wzmacniaj\u0105c w\u0142a\u015bciwo\u015bci regeneracyjne i zwi\u0119kszaj\u0105c zdolno\u015b\u0107 sk\u00f3ry do zatrzymywania wody. To wszystko tworzy optymalne warunki dla prawid\u0142owego funkcjonowania sk\u00f3ry, zachowuj\u0105cej zdrowy wygl\u0105d.<\/p>\n\n\n\n<p><strong>Wskazania<\/strong><\/p>\n\n\n\n<ul>\n<li>Sk\u00f3ra tr\u0105dzikowa,<\/li>\n\n\n\n<li>Sk\u00f3ra wymagaj\u0105ca oczyszczenia,<\/li>\n\n\n\n<li>Sk\u00f3ra z rozszerzonymi porami,<\/li>\n\n\n\n<li>Sk\u00f3ra z nadprodukcj\u0105 \u0142oju,<\/li>\n\n\n\n<li>Sk\u00f3ra pozbawiona blasku.<\/li>\n<\/ul>\n\n\n\n<p>Cena twarz z szyja 350 z\u0142<\/p>\n\n\n\n<p><strong>PRO XN \u2014 autorski zabieg III stopnia z mezoterapi\u0105 mikroig\u0142ow\u0105 Dermapenem 4.0<\/strong><\/p>\n\n\n\n<p>Terapia oparta o dzia\u0142anie innowacyjnej formu\u0142y estru kwasu retinowego, ksantohumolu oraz laktoferyny w po\u0142\u0105czeniu z mezoterapi\u0105 mikroig\u0142ow\u0105.<\/p>\n\n\n\n<p>Mikronak\u0142uwanie jest jedn\u0105 z najbezpieczniejszych i najskuteczniejszych metod odm\u0142adzania i regeneracji sk\u00f3ry. Opiera si\u0119 ona na stymulacji naturalnych proces\u00f3w regeneracyjnych i odnowy sk\u00f3ry. Mezoterapia mikroig\u0142owa polega na wykonaniu serii mikronak\u0142u\u0107 na obszarze poddanym zabiegowi. G\u0142\u0119boko\u015b\u0107 nak\u0142u\u0107 jest dostosowywana do indywidualnych potrzeb pacjenta oraz obszaru leczenia. Urz\u0105dzenie jest delikatnie przyk\u0142adane do sk\u00f3ry, a nast\u0119pnie stopniowo przesuwane po wybranym obszarze. Automatyczne nak\u0142uwanie zwi\u0119ksza efektywno\u015b\u0107 zabiegu, redukuje dolegliwo\u015bci b\u00f3lowe i dyskomfort pacjenta, oraz skraca czas rekonwalescencji. Zapewnia tak\u017ce lepsze wch\u0142anianie substancji aktywnych przez sk\u00f3r\u0119 ni\u017c tradycyjna mezoterapia.<\/p>\n\n\n\n<p><strong>Wskazania<\/strong><\/p>\n\n\n\n<ul>\n<li>Zmarszczki, linie, bruzdy,<\/li>\n\n\n\n<li>Wiotko\u015b\u0107 sk\u00f3ry,<\/li>\n\n\n\n<li>Nier\u00f3wnomierny koloryt,<\/li>\n\n\n\n<li>Sk\u00f3ra szara, ziemista,<\/li>\n\n\n\n<li>Sk\u00f3ra dojrza\u0142a,<\/li>\n\n\n\n<li>Sk\u00f3ra w okresie menopauzy.<\/li>\n<\/ul>\n\n\n\n<p><strong>Przeciwwskazania<\/strong><\/p>\n\n\n\n<p>-Ci\u0105\u017ca,<\/p>\n\n\n\n<p>-Okres laktacji,<\/p>\n\n\n\n<p>-Zaka\u017cenia sk\u00f3ry,<\/p>\n\n\n\n<p>-Przerwana ci\u0105g\u0142o\u015b\u0107 nask\u00f3rka,<\/p>\n\n\n\n<p>-Choroby nowotworowe<\/p>\n\n\n\n<p>Cena twarz z szyj\u0105 600 z\u0142<\/p>\n\n\n\n<figure class=\"wp-block-image size-large is-resized\"><img loading=\"lazy\" decoding=\"async\" width=\"792\" height=\"1024\" src=\"https:\/\/harmonia-zmyslow.pl\/wp-content\/uploads\/2025\/10\/BRIGHT-UP-MASK_1a_1-p-800-792x1024.jpg\" alt=\"\" class=\"wp-image-1137\" style=\"width:500px;height:auto\" srcset=\"https:\/\/harmonia-zmyslow.pl\/wp-content\/uploads\/2025\/10\/BRIGHT-UP-MASK_1a_1-p-800-792x1024.jpg 792w, https:\/\/harmonia-zmyslow.pl\/wp-content\/uploads\/2025\/10\/BRIGHT-UP-MASK_1a_1-p-800-480x620.jpg 480w\" sizes=\"(min-width: 0px) and (max-width: 480px) 480px, (min-width: 481px) 792px, 100vw\" \/><\/figure>\n\n\n\n<p><strong>PRO XN Bright Up No 1 i No 2 \u2014 terapia rozja\u015bniaj\u0105ca, redukcja przebarwie\u0144<\/strong><\/p>\n\n\n\n<p>Zaawansowana terapia rozja\u015bniaj\u0105ca, uwzgl\u0119dniaj\u0105ca poziom i intensywno\u015b\u0107 w zale\u017cno\u015bci od aktualnego stanu sk\u00f3ry, stopnia uszkodzenia kom\u00f3rek oraz trybu \u017cycia.<\/p>\n\n\n\n<p>Rozja\u015bniaj\u0105cy program terapeutyczny PRO XN opiera si\u0119 na zastosowaniu innowacyjnego kompleksu ksantohumolu, charakteryzuj\u0105cego si\u0119 wysok\u0105 aktywno\u015bci\u0105 rozja\u015bniaj\u0105c\u0105 i antyoksydacyjn\u0105, w po\u0142\u0105czeniu z substancjami synergicznie kontroluj\u0105cymi szlaki melanogenne.<\/p>\n\n\n\n<p><strong>Kluczowe sk\u0142adniki aktywne w masce no 1 Ph 3,2<\/strong><\/p>\n\n\n\n<p>Formu\u0142a maski oparta o sk\u0142adniki z\u0142uszczaj\u0105ce i rozja\u015bniaj\u0105ce, takie jak: kwas traneksamowy, kwas szikimowy i azeloglicyna, kt\u00f3re przyspieszaj\u0105 naturalny proces z\u0142uszczania nask\u00f3rka i wykazuj\u0105 wysok\u0105 tolerancj\u0119 dla wszystkich typ\u00f3w sk\u00f3ry.<\/p>\n\n\n\n<p>Maska zosta\u0142a dodatkowo wzbogacona o unikalne systemy dostarczania substancji aktywnych. System CellucapTM -C uwalnia silnie dzia\u0142aj\u0105c\u0105 witamin\u0119 C w trakcie aplikacji, podczas wcierania preparatu w sk\u00f3r\u0119. Mikrokapsu\u0142ki rozpadaj\u0105 si\u0119 dostarczaj\u0105c sk\u0142adniki przez d\u0142u\u017cszy czas. System Neoclair ProTM to peptyd o silnym dzia\u0142aniu antyoksydacyjnym. Sk\u00f3ra dodatkowo jest wzbogacona o niezb\u0119dne minera\u0142y ( cynk, magnez, lit) pochodz\u0105ce z wody g\u0142\u0119binowej Earth Marine Water, kt\u00f3ra r\u00f3wnocze\u015bnie dzia\u0142a silnie detoksykuj\u0105co.<\/p>\n\n\n\n<p><strong>Wskazania<\/strong><\/p>\n\n\n\n<p>-dla ka\u017cdego rodzaju sk\u00f3ry ze zmianami barwnikowymi, szczeg\u00f3lnie dla sk\u00f3r ze sk\u0142onno\u015bci\u0105 do &nbsp;sucho\u015bci i wra\u017cliwo\u015bci,<\/p>\n\n\n\n<p>-sk\u00f3ra z nier\u00f3wnomiernym kolorytem,<\/p>\n\n\n\n<p>-przebarwienia pozapalne,<\/p>\n\n\n\n<p>-Fitzpatrick I-V.<\/p>\n\n\n\n<p><strong>Kluczowe sk\u0142adniki aktywne w masce no 2 Ph 2,14<\/strong><\/p>\n\n\n\n<p>Maska o w\u0142a\u015bciwo\u015bciach depigmentuj\u0105cych b\u0119d\u0105ca mieszank\u0105 kwas\u00f3w zapewniaj\u0105cych nask\u00f3rkowy poziom z\u0142uszczania. Kwas mlekowy zmniejsza szorstko\u015b\u0107 sk\u00f3ry oraz p\u0142ytkie zmarszczki spowodowane fotouszkodzeniami \u015brodowiskowymi.<\/p>\n\n\n\n<p>Kwas kojowy i azelainowy wykazuj\u0105 jedne z silniejszych i najlepiej udowodnionych klinicznie dzia\u0142a\u0144 depigmentuj\u0105cych<\/p>\n\n\n\n<p>na drodze hamowania enzymu tyrozynazy. Kwas azelainowy zmniejsza stopie\u0144 podra\u017cnienia sk\u00f3ry.<\/p>\n\n\n\n<p>Dodatkowo po\u0142\u0105czenie kwasu salicylowego i Earth Marine Water oczyszcza uj\u015bcia gruczo\u0142\u00f3w \u0142ojowych i detoksykuje zanieczyszczon\u0105 sk\u00f3r\u0119.<\/p>\n\n\n\n<p><strong>Wskazania<\/strong><\/p>\n\n\n\n<p>-sk\u00f3ra z przebarwieniami pos\u0142onecznymi, hormonalnymi,<\/p>\n\n\n\n<p>-sk\u00f3ra z objawami fotostarzenia,<\/p>\n\n\n\n<p>-sk\u00f3ra gruba z nier\u00f3wnomiern\u0105 struktur\u0105 i kolorytem,<\/p>\n\n\n\n<p>-sk\u00f3ra zanieczyszczona, zask\u00f3rniki,<\/p>\n\n\n\n<p>-Fitzpatrick ( I-V).<\/p>\n\n\n\n<p>Cena twarz z szyj\u0105 i ampu\u0142k\u0105 do domu 350 z\u0142<\/p>\n\n\n\n<figure class=\"wp-block-image size-large is-resized\"><img loading=\"lazy\" decoding=\"async\" width=\"1024\" height=\"915\" src=\"https:\/\/harmonia-zmyslow.pl\/wp-content\/uploads\/2025\/10\/BRIGHT_UP_AMPOULE_3-1024x915.jpg\" alt=\"\" class=\"wp-image-1138\" style=\"width:388px;height:auto\" srcset=\"https:\/\/harmonia-zmyslow.pl\/wp-content\/uploads\/2025\/10\/BRIGHT_UP_AMPOULE_3-980x875.jpg 980w, https:\/\/harmonia-zmyslow.pl\/wp-content\/uploads\/2025\/10\/BRIGHT_UP_AMPOULE_3-480x429.jpg 480w\" sizes=\"(min-width: 0px) and (max-width: 480px) 480px, (min-width: 481px) and (max-width: 980px) 980px, (min-width: 981px) 1024px, 100vw\" \/><\/figure>\n\n\n\n<p><strong>Intensywna ampu\u0142ka wzmacniaj\u0105ca efektywno\u015b\u0107 zabieg\u00f3w rozja\u015bniaj\u0105cych.<\/strong><\/p>\n\n\n\n<p><strong>Bright Up Ampoule<\/strong><\/p>\n\n\n\n<p>&nbsp;to skoncentrowana formu\u0142a o dzia\u0142aniu antyoksydacyjnym oraz rozja\u015bniaj\u0105cym, stanowi nieod\u0142\u0105czny<\/p>\n\n\n\n<p>element programu terapeutycznego Bright Up Treatment NO.1<\/p>\n\n\n\n<p>Formu\u0142a \u0142\u0105czy w sobie synergiczne dzia\u0142anie substancji tak, aby kontrolowa\u0107 wi\u0119kszo\u015b\u0107 szlak\u00f3w melanogennych i zapobiega\u0107 uszkodzeniom oksydacyjnym melanocyt\u00f3w. 4-butylrezorcynol i arbutyna efektywnie hamuj\u0105 enzym tyrozynaz\u0119, natomiast Kompleksu Ksantohumolu kontroluje szlaki melanogenne poprzez hamowanie czynnika GM-CSF, MITF oraz ogranicza transport melanosom\u00f3w do keratynocyt\u00f3w.<\/p>\n\n\n\n<p>Wyj\u0105tkowa formu\u0142a ampu\u0142ki zapewnia wysok\u0105 stabilno\u015b\u0107 i efektywno\u015b\u0107 substancji ze wzgl\u0119du na ich aktywacj\u0119 bezpo\u015brednio przed u\u017cyciem.<\/p>\n\n\n\n<p><strong>Wskazania<\/strong><\/p>\n\n\n\n<p>Zwi\u0119kszenie efektywno\u015bci zabieg\u00f3w rozja\u015bniaj\u0105cych,<\/p>\n\n\n\n<p>Przebarwienia pozapalne, pos\u0142oneczne, hormonalne,<\/p>\n\n\n\n<p>Sk\u00f3ra nara\u017cona na du\u017cy wp\u0142yw czynnik\u00f3w zewn\u0119trznych i wewn\u0119trznych przyczyniaj\u0105ca si\u0119 do stresu oksydacyjnego,<\/p>\n\n\n\n<p>Sk\u00f3ra sk\u0142onna do sucho\u015bci, nadreaktywno\u015bci z nier\u00f3wnomiernym kolorytem i przebarwieniami.<\/p>\n\n\n\n<p><strong>Kluczowe sk\u0142adniki aktywne<\/strong><\/p>\n\n\n\n<ul>\n<li>Kompleks Ksantohumolu,&nbsp;<\/li>\n\n\n\n<li>4-butylrezorcynol,&nbsp;<\/li>\n\n\n\n<li>Niacynamid,&nbsp;<\/li>\n\n\n\n<li>Arbutyna,&nbsp;<\/li>\n\n\n\n<li>Kwas laktobionowy,&nbsp;<\/li>\n\n\n\n<li>Glukonolakton,&nbsp;<\/li>\n\n\n\n<li>RelipidiumTM.<\/li>\n<\/ul>\n\n\n\n<p><strong>Ampu\u0142ka BOOST UP AMPOULE wzmacniaj\u0105ca efektywno\u015b\u0107 zabieg\u00f3w rozja\u015bniaj\u0105cych i anty-age.<\/strong><\/p>\n\n\n\n<p>Formu\u0142a ampu\u0142ki oparta o wyj\u0105tkowe po\u0142\u0105czenie dw\u00f3ch substancji: retinolu i kwasu hydroksystearynowego, stanowi element programu terapeutycznego Bright Up Treatment NO.2<\/p>\n\n\n\n<p>Po\u0142\u0105czenie tych dw\u00f3ch substancji w jednej formule nie tylko zwi\u0119ksza skuteczno\u015b\u0107 retinolu przy jednoczesnym zmniejszeniu jego st\u0119\u017cenia i zmniejszeniu ryzyka nadwra\u017cliwo\u015bci, ale tak\u017ce przyczynia si\u0119 do osi\u0105gni\u0119cia lepszych efekt\u00f3w produkcji w\u0142\u00f3kien kolagenowych (u\u017cycie tych dw\u00f3ch sk\u0142adnik\u00f3w zwi\u0119ksza ilo\u015b\u0107 kolagenu III o 238%).&nbsp;<\/p>\n\n\n\n<p>Dodatkowo kwas hydroksystearynowy jest wa\u017cnym sk\u0142adnikiem znacz\u0105co redukuj\u0105cym indukcj\u0119 markera p53 przez promieniowanie UV. Bia\u0142ko p53 odgrywa wa\u017cn\u0105 rol\u0119 na szlaku melanogenezy. Sk\u0142adnik ten cechuje si\u0119 tak\u017ce siln\u0105 redukcj\u0105 powstawania kom\u00f3rek uszkodzonych przez promieniowanie UV- dzia\u0142a fotoprotekcyjne i zapobiega fotostarzeniu. Wyj\u0105tkowa formu\u0142a ampu\u0142ki zapewnia wysok\u0105 stabilno\u015b\u0107 i efektywno\u015b\u0107 substancji ze wzgl\u0119du na ich aktywacj\u0119 bezpo\u015brednio przed u\u017cyciem.<\/p>\n\n\n\n<p><strong>Wskazania<\/strong><\/p>\n\n\n\n<ul>\n<li>Zwi\u0119kszenie efektywno\u015bci zabieg\u00f3w rozja\u015bniaj\u0105cych i anty-age,<\/li>\n\n\n\n<li>Zmniejszenie przebarwie\u0144 pos\u0142onecznych, hormonalnych,<\/li>\n\n\n\n<li>Sk\u00f3ra uszkodzona przez promieniowanie UVR,<\/li>\n\n\n\n<li>Restrukturyzacja nask\u00f3rka,<\/li>\n\n\n\n<li>Zwi\u0119kszenie elastyczno\u015bci i g\u0119sto\u015bci sk\u00f3ry.<\/li>\n<\/ul>\n\n\n\n<p><strong>Kluczowe sk\u0142adniki aktywne<\/strong><\/p>\n\n\n\n<ul>\n<li>Retinol ( 1%),<\/li>\n\n\n\n<li>Kwas hydroksystearynowy,&nbsp;<\/li>\n\n\n\n<li>Koenzym Q10.<\/li>\n<\/ul>\n","protected":false},"excerpt":{"rendered":"<p>Marka PRO XN powsta\u0142a z pasji do kosmetologii i chemii. Dzi\u0119ki wsp\u00f3\u0142pracy polskiego zespo\u0142u, uda\u0142o si\u0119 skutecznie wykorzysta\u0107 Kompleks Ksantohumolu w produktach i terapiach kosmetologicznych. Wykazuje on 30 razy silniejsze w\u0142a\u015bciwo\u015bci od witaminy C oraz 200 razy mocniejsze od resweratrolu. Zosta\u0142 on zamkni\u0119ty w preparacie o wysokiej biodost\u0119pno\u015bci, zwi\u0119kszaj\u0105c jednocze\u015bnie jego przenikalno\u015b\u0107 przez warstw\u0119 rogow\u0105 [&hellip;]<\/p>\n","protected":false},"author":1,"featured_media":0,"parent":0,"menu_order":0,"comment_status":"closed","ping_status":"closed","template":"","meta":{"_et_pb_use_builder":"","_et_pb_old_content":"","_et_gb_content_width":"","footnotes":""},"_links":{"self":[{"href":"https:\/\/harmonia-zmyslow.pl\/index.php\/wp-json\/wp\/v2\/pages\/870"}],"collection":[{"href":"https:\/\/harmonia-zmyslow.pl\/index.php\/wp-json\/wp\/v2\/pages"}],"about":[{"href":"https:\/\/harmonia-zmyslow.pl\/index.php\/wp-json\/wp\/v2\/types\/page"}],"author":[{"embeddable":true,"href":"https:\/\/harmonia-zmyslow.pl\/index.php\/wp-json\/wp\/v2\/users\/1"}],"replies":[{"embeddable":true,"href":"https:\/\/harmonia-zmyslow.pl\/index.php\/wp-json\/wp\/v2\/comments?post=870"}],"version-history":[{"count":2,"href":"https:\/\/harmonia-zmyslow.pl\/index.php\/wp-json\/wp\/v2\/pages\/870\/revisions"}],"predecessor-version":[{"id":1139,"href":"https:\/\/harmonia-zmyslow.pl\/index.php\/wp-json\/wp\/v2\/pages\/870\/revisions\/1139"}],"wp:attachment":[{"href":"https:\/\/harmonia-zmyslow.pl\/index.php\/wp-json\/wp\/v2\/media?parent=870"}],"curies":[{"name":"wp","href":"https:\/\/api.w.org\/{rel}","templated":true}]}}