{"id":76,"date":"2016-07-21T15:16:26","date_gmt":"2016-07-21T13:16:26","guid":{"rendered":"http:\/\/harmonia-zmyslow.pl\/?page_id=76"},"modified":"2024-09-04T09:42:34","modified_gmt":"2024-09-04T07:42:34","slug":"makijaz-permamentny","status":"publish","type":"page","link":"https:\/\/harmonia-zmyslow.pl\/index.php\/makijaz-permamentny\/","title":{"rendered":"makija\u017c permanentny"},"content":{"rendered":"<p class=\"p1\"><span class=\"s2\"><span class=\"Apple-converted-space\">\u00a0 \u00a0 \u00a0 \u00a0 \u00a0 \u00a0 \u00a0 \u00a0\u00a0<\/span><\/span><\/p>\n<p class=\"p1\"><a href=\"http:\/\/harmonia-zmyslow.pl\/index.php\/regulmin\/\"><img loading=\"lazy\" decoding=\"async\" class=\"size-medium wp-image-578 aligncenter\" src=\"http:\/\/harmonia-zmyslow.pl\/wp-content\/uploads\/2016\/11\/justix-297x300.png\" alt=\"justix\" width=\"297\" height=\"300\" srcset=\"https:\/\/harmonia-zmyslow.pl\/wp-content\/uploads\/2016\/11\/justix-297x300.png 297w, https:\/\/harmonia-zmyslow.pl\/wp-content\/uploads\/2016\/11\/justix.png 592w\" sizes=\"(max-width: 297px) 100vw, 297px\" \/><\/a><\/p>\n<p class=\"p1\"><span class=\"s2\"><span class=\"Apple-converted-space\"><img loading=\"lazy\" decoding=\"async\" class=\"size-medium wp-image-160 aligncenter\" src=\"http:\/\/harmonia-zmyslow.pl\/wp-content\/uploads\/2016\/07\/makija\u017c-p-287x300.png\" alt=\"makija\u017c p\" width=\"287\" height=\"300\" srcset=\"https:\/\/harmonia-zmyslow.pl\/wp-content\/uploads\/2016\/07\/makija\u017c-p-287x300.png 287w, https:\/\/harmonia-zmyslow.pl\/wp-content\/uploads\/2016\/07\/makija\u017c-p.png 499w\" sizes=\"(max-width: 287px) 100vw, 287px\" \/> <\/span><\/span><\/p>\n<p class=\"p3\" style=\"text-align: center;\"><span class=\"s4\">Obudzi\u0107 si\u0119 rano z niemal perfekcyjnym makija\u017cem,<\/span><\/p>\n<p class=\"p3\" style=\"text-align: center;\"><span class=\"s4\">wyrazistymi oczami,<\/span><\/p>\n<p class=\"p3\" style=\"text-align: center;\"><span class=\"s4\">ze wspaniale soczystymi ustami lub z pi\u0119knymi brwiami,<\/span><\/p>\n<p class=\"p3\" style=\"text-align: center;\"><span class=\"s4\">zbli\u017cy\u0107 si\u0119 do wiecznego pi\u0119kna \u2013 to brzmi kusz\u0105co.<\/span><\/p>\n<p class=\"p3\"><span class=\"s3\">CZYM JEST MAKIJA\u017b PERMANENTNY?<\/span><\/p>\n<p class=\"p3\"><span class=\"s3\">Za pomoc\u0105 delikatnych igie\u0142 do sk\u00f3ry wprowadzane s\u0105 przetestowane na alergi\u0119 najdelikatniejsze pigmenty. Dzi\u0119ki tej metodzie mikropigmentacji mo\u017cna narysowa\u0107 lub skorygowa\u0107 brwi, kreski na powiekach lub usta. Pigmenty s\u0105 wt\u0142aczane w nask\u00f3rek, podkre\u015blaj\u0105c indywidualne pi\u0119kno \u2014 naturalne podkre\u015blenie tzw. nie namalowany make-up.<\/span><\/p>\n<p class=\"p3\"><span class=\"s3\">JAK D\u0141UGO SI\u0118 UTRZYMUJE?<\/span><\/p>\n<p class=\"p3\"><span class=\"s3\">W zale\u017cno\u015bci od typu i kolorytu sk\u00f3ry 1,5 &#8211; 3 lat. Gdy makija\u017c traci nasycenie, mo\u017ce zosta\u0107 w ka\u017cdym czasie od\u015bwie\u017cony. Zalet\u0105 starego ju\u017c jasnego makija\u017cu jest mo\u017cliwo\u015b\u0107 dobrania jego zupe\u0142nie nowego wizerunku.<\/span><\/p>\n<p class=\"p3\"><span class=\"s3\">JAKIE NIESIE ZE SOB\u0104 RYZYKO?<\/span><\/p>\n<p class=\"p3\"><span class=\"s3\">U\u017cywane przez nas pigmenty i potrzebne akcesoria posiadaj\u0105 dermatologiczne certyfikaty jako\u015bci z pozytywnym wynikiem, co oznacza, \u017ce u\u017cywane s\u0105 zgodnie z przepisami prawnymi i wymaganiami higieny.<\/span><\/p>\n<p class=\"p3\"><span class=\"s3\">MAKIJA\u017b PERMANENTNY JEST ROZWI\u0104ZANIEM:<\/span><\/p>\n<p class=\"p3\"><span class=\"s3\">\u2022 dla wszystkich, kt\u00f3rzy najch\u0119tniej wcale si\u0119 nie maluj\u0105 (r\u00f3wnie\u017c sportowc\u00f3w i ludzi odwiedzaj\u0105cych saun\u0119), a mimo to chcieliby wygl\u0105da\u0107 pi\u0119kniej i bardziej \u015bwie\u017co,<\/span><\/p>\n<p class=\"p3\"><span class=\"s3\">\u2022 dla kobiet, kt\u00f3re maj\u0105 ma\u0142o czasu na makija\u017c,<\/span><\/p>\n<p class=\"p3\"><span class=\"s3\">\u2022 dla kobiet nosz\u0105cych okulary i szk\u0142a kontaktowe, kt\u00f3re poprzez fakt, \u017ce s\u0142abo widz\u0105, maj\u0105 problemy z wykonaniem makija\u017cu,<\/span><\/p>\n<p class=\"p3\"><span class=\"s3\">\u2022 dla wszystkich kobiet z rzadkimi brwiami, ma\u0142ymi oczami, z bladymi ustami, lub ustami o nieregularnym kszta\u0142cie, z rzadkimi rz\u0119sami,<\/span><\/p>\n<p class=\"p3\"><span class=\"s3\">\u2022 dla wszystkich kt\u00f3rzy chcieliby dokona\u0107 trwa\u0142ej korekty swojej naturalnej urody,<\/span><\/p>\n<p class=\"p3\"><span class=\"s3\">JAK JEST ON WYKONYWANY?<\/span><\/p>\n<p class=\"p3\"><span class=\"s3\">Podczas rozmowy ustalamy kszta\u0142t i kolor optymalny do typu urody. Makija\u017c permanentny powinien by\u0107 bardzo naturalny i tylko podkre\u015bla\u0107 naturaln\u0105 urod\u0119. Najpierw nanosimy na sk\u00f3r\u0119 lekko znieczulaj\u0105cy fluid, kt\u00f3ry zacznie dzia\u0142a\u0107 w ci\u0105gu 5 minut. Nast\u0119pnie delikatnie rysujemy ig\u0142\u0105 z pigmentem kontury i ostro\u017cnie otwieramy g\u00f3rn\u0105 warstw\u0119 sk\u00f3ry. W mi\u0119dzyczasie lekko znieczulamy i dalej rysujemy kontury. Aby by\u0142y one czyste i bez zarzut\u00f3w, pracujemy niemal wy\u0142\u0105cznie ig\u0142\u0105-1. Kontury i cienie s\u0105 w\u00f3wczas bardzo delikatne i jasne. Nast\u0119pnie za pomoc\u0105 naszego sprz\u0119tu na brwiach cieniujemy pigment, kreski kolorujemy tu\u017c u nasady rz\u0119s, a kontur ust lekko lub ca\u0142kowicie cieniujemy. Zawsze podczas naszej pracy zwracamy uwag\u0119 na to, aby makija\u017c by\u0142 jak najbardziej naturalny, tzn. zawsze pracujemy na dw\u00f3ch r\u00f3\u017cnych pigmentach, aby podkre\u015bli\u0107 naturalno\u015b\u0107. Oczy maj\u0105 wi\u0119cej wyrazu i wygl\u0105daj\u0105 m\u0142odziej, usta s\u0105 pe\u0142niejsze, a mimo to naturalne, a brwi, dzi\u0119ki temu, \u017ce narysowali\u015bmy cieniowanie pigmentami, po kt\u00f3rych w rezultacie pozostaje tylko delikatny roztarty cie\u0144, s\u0105 r\u00f3wnomierne i g\u0119ste.<\/span><\/p>\n<p class=\"p3\"><span class=\"s3\">CZY TO BARDZO BOLI?<\/span><\/p>\n<p class=\"p3\"><span class=\"s3\">Przy ka\u017cdorazowej ingerencji w sk\u00f3r\u0119 co\u015b si\u0119 odczuwa. Tak jest i tutaj. Pracujemy delikatnie i tak przygotowujemy Pa\u0144stwa sk\u00f3r\u0119, \u017ce czasem odczuwacie Pa\u0144stwo nieprzyjemne mrowienie na sk\u00f3rze. Niekt\u00f3rzy odczuwaj\u0105 to bardziej, inni w og\u00f3le nic nie odczuwaj\u0105, w ka\u017cdym razie nigdy nie jest to b\u00f3l nie do zniesienia.<\/span><\/p>\n<p class=\"p3\"><span class=\"s3\">JAK D\u0141UGO SI\u0118 GOI?<\/span><\/p>\n<p class=\"p3\"><span class=\"s3\">Jedyna niedogodno\u015b\u0107 po wykonanym makija\u017cu to z\u0142uszczenie si\u0119 nask\u00f3rka na 3\u20134 dzie\u0144 po zabiegu. Na przyspieszone gojenie ma wp\u0142yw odpowiednia piel\u0119gnacja i nat\u0142uszczanie.<\/span><\/p>\n<p class=\"p3\"><span class=\"s3\">KOMU POTRZEBNY JEST MAKIJA\u017b TRWA\u0141Y?<\/span><\/p>\n<p class=\"p3\"><span class=\"s3\">\u2022 kobietom zadbanym i aktywnym &#8211; mikropigmentacja pozwala oszcz\u0119dzi\u0107 czas po\u015bwi\u0119cany na codzienne wykonanie makija\u017cu.<\/span><\/p>\n<p class=\"p3\"><span class=\"s3\">\u2022 osobom, kt\u00f3rych praca zwi\u0105zana jest z eksponowaniem twarzy<\/span><\/p>\n<p class=\"p3\"><span class=\"s3\">\u2022 kobietom w dojrza\u0142ym wieku, aby przywr\u00f3ci\u0107 wyrazisto\u015b\u0107 rysom<\/span><\/p>\n<p class=\"p3\"><span class=\"s3\">\u2022 osobom z wad\u0105 wzroku, kt\u00f3rym precyzyjne wykonanie makija\u017cu sprawia trudno\u015b\u0107<\/span><\/p>\n<p class=\"p3\"><span class=\"s3\">\u2022 osobom po wypadku lub chorobach, aby zrekonstruowa\u0107 rysunek brwi, rz\u0119s czy ust.<\/span><\/p>\n<p class=\"p3\"><span class=\"s3\">PRZECIWWSKAZANIEM DO WYKONANIA ZABIEGU JEST:<\/span><\/p>\n<p class=\"p3\"><span class=\"s3\">ci\u0105\u017ca, infekcja, cukrzyca, \u0142uszczyca, przyjmowanie lek\u00f3w sterydowych.<\/span><\/p>\n<p class=\"p3\"><span class=\"s3\">JAK NALE\u017bY PRZYGOTOWA\u0106 SIE DO ZABIEGU?<\/span><\/p>\n<p class=\"p3\"><span class=\"s3\">Kilka dni przed zabiegiem ust nale\u017cy przyjmowa\u0107 lek antywirusowy stosowany w leczeniu opryszczki (Heviran, Hascovir) tak by zminimalizowa\u0107 ryzyko aktywowania wirusa po zabiegu. Lek przyjmujemy przez kolejnych kilka dni po wykonaniu makija\u017cu. <\/span><\/p>\n<p class=\"p3\"><span class=\"s3\">Po zabiegu nask\u00f3rek zwykle ulega z\u0142uszczeniu. Wa\u017cne jest by intensywnie nawil\u017ca\u0107 sk\u00f3r\u0119 i chroni\u0107 j\u0105 przed s\u0142o\u0144cem, wysokimi i bardzo niskimi temperaturami, agresywnymi \u015brodkami chemicznymi i kosmetycznymi typu retinol, tretinoina czy kwasy AHA, BHA.<\/span><\/p>\n<p class=\"p3\"><span class=\"s3\">Przez kilka dni barwnik ma bardzo intensywny odcie\u0144 &#8211; nie nale\u017cy si\u0119 tym przejmowa\u0107, po kilku dniach jego intensywno\u015b\u0107 zmniejszy si\u0119 o oko\u0142o 50%. Naturalny makija\u017c permanentny uwydatni Twoje pi\u0119kno.<\/span><\/p>\n<p class=\"p3\" style=\"text-align: right;\">Brwi<br \/>\n<strong>1000 z\u0142<\/strong><\/p>\n<p style=\"text-align: right;\">Oczy<br \/>\n<strong>Kreska na g\u00f3rnej powiece 600-800 z\u0142<\/strong><\/p>\n<p style=\"text-align: right;\">Usta<br \/>\n<strong>\u00a01000z\u0142<\/strong><\/p>\n","protected":false},"excerpt":{"rendered":"<p>\u00a0 \u00a0 \u00a0 \u00a0 \u00a0 \u00a0 \u00a0 \u00a0\u00a0 Obudzi\u0107 si\u0119 rano z niemal perfekcyjnym makija\u017cem, wyrazistymi oczami, ze wspaniale soczystymi ustami lub z pi\u0119knymi brwiami, zbli\u017cy\u0107 si\u0119 do wiecznego pi\u0119kna \u2013 to brzmi kusz\u0105co. CZYM JEST MAKIJA\u017b PERMANENTNY? Za pomoc\u0105 delikatnych igie\u0142 do sk\u00f3ry wprowadzane s\u0105 przetestowane na alergi\u0119 najdelikatniejsze pigmenty. Dzi\u0119ki tej metodzie mikropigmentacji [&hellip;]<\/p>\n","protected":false},"author":1,"featured_media":0,"parent":0,"menu_order":0,"comment_status":"closed","ping_status":"closed","template":"","meta":{"_et_pb_use_builder":"","_et_pb_old_content":"","_et_gb_content_width":"","footnotes":""},"_links":{"self":[{"href":"https:\/\/harmonia-zmyslow.pl\/index.php\/wp-json\/wp\/v2\/pages\/76"}],"collection":[{"href":"https:\/\/harmonia-zmyslow.pl\/index.php\/wp-json\/wp\/v2\/pages"}],"about":[{"href":"https:\/\/harmonia-zmyslow.pl\/index.php\/wp-json\/wp\/v2\/types\/page"}],"author":[{"embeddable":true,"href":"https:\/\/harmonia-zmyslow.pl\/index.php\/wp-json\/wp\/v2\/users\/1"}],"replies":[{"embeddable":true,"href":"https:\/\/harmonia-zmyslow.pl\/index.php\/wp-json\/wp\/v2\/comments?post=76"}],"version-history":[{"count":12,"href":"https:\/\/harmonia-zmyslow.pl\/index.php\/wp-json\/wp\/v2\/pages\/76\/revisions"}],"predecessor-version":[{"id":1092,"href":"https:\/\/harmonia-zmyslow.pl\/index.php\/wp-json\/wp\/v2\/pages\/76\/revisions\/1092"}],"wp:attachment":[{"href":"https:\/\/harmonia-zmyslow.pl\/index.php\/wp-json\/wp\/v2\/media?parent=76"}],"curies":[{"name":"wp","href":"https:\/\/api.w.org\/{rel}","templated":true}]}}