{"id":671,"date":"2018-08-30T22:52:37","date_gmt":"2018-08-30T20:52:37","guid":{"rendered":"http:\/\/harmonia-zmyslow.pl\/?page_id=671"},"modified":"2025-11-11T15:25:20","modified_gmt":"2025-11-11T14:25:20","slug":"671-2","status":"publish","type":"page","link":"https:\/\/harmonia-zmyslow.pl\/index.php\/671-2\/","title":{"rendered":"GEN SYS"},"content":{"rendered":"<p style=\"text-align: justify;\"><img loading=\"lazy\" decoding=\"async\" class=\"size-medium wp-image-480 aligncenter\" src=\"http:\/\/harmonia-zmyslow.pl\/wp-content\/uploads\/2017\/01\/genesis-harmonia-zmyslow-salon-kosmetyczny-augustow-287x300.png\" alt=\"genesis-harmonia-zmyslow-salon-kosmetyczny-augustow\" width=\"287\" height=\"300\" \/><\/p>\n<p style=\"text-align: justify;\">Prze\u0142om w kosmetologii estetycznej!<\/p>\n<p style=\"text-align: justify;\"><strong>MEZOTERAPIA MIKROIG\u0141OWA <\/strong><strong>GENOSYS\u00ae<\/strong><\/p>\n<p style=\"text-align: justify;\">Mezoterapia mikroig\u0142owa jest metod\u0105 pobudzenia procesu odnowy kolagenu i elastyny w sk\u00f3rze, wywo\u0142anego kontrolowanym mikrouszkodzeniem sk\u00f3ry poprzez jej nak\u0142uwanie sterylnymi, medycznymi mikroig\u0142ami. W efekcie serii kilku zabieg\u00f3w, sk\u00f3ra staje si\u0119 grubsza, bardziej napi\u0119ta, drobne linie znikaj\u0105, g\u0142\u0119bsze zmarszczki, blizny i rozszerzone pory wyra\u017anie si\u0119 sp\u0142ycaj\u0105, a kolor i tekstura sk\u00f3ry ulega ujednoliceniu.<\/p>\n<p><span class=\"text_exposed_show\"><span class=\"text_exposed_show\">Do zabiegu stosowane s\u0105: dermapen DERMAFIX z certyfikatem FDA oraz maski CO2 (efekt karboksyterapii), maski peptydowe, oraz mezokoktajle zawieraj\u0105ce silnie skoncentrowane mieszanki peptyd\u00f3w, ceramid\u00f3w, kwasu hialuronowego oraz ekstrakt\u00f3w ro\u015blinnych b\u0119d\u0105ce wolne od konserwant\u00f3w.<\/span><\/span><\/p>\n<p style=\"text-align: justify;\">UWAGA! Do ka\u017cdego zabiegu otwierany zostaje nowy sterylny katrid\u017c z mikroig\u0142ami oraz now\u0105 ampu\u0142k\u0119 &#8211; w obecno\u015bci Klientki, ze wzgl\u0119du na bardzo wysok\u0105 dba\u0142o\u015b\u0107 o higien\u0119 i sterylno\u015b\u0107 zabieg\u00f3w mezoterapii. Ca\u0142a procedura odbywa si\u0119 w r\u0119kawiczkach chirurgicznych.<\/p>\n<p style=\"text-align: justify;\">\n<p style=\"text-align: justify;\">Marka Genosys to lider w\u015br\u00f3d preparat\u00f3w wykorzystywanych do mezoterapii mikroig\u0142owej rollerem lub dermapenem. S\u0105 to bezpieczne, \u015bwiatowej klasy produkty, kt\u00f3re gwarantuj\u0105 bezpiecze\u0144stwo i skuteczno\u015b\u0107 przeprowadzanych zabieg\u00f3w.<br \/>\n<strong>Ampu\u0142ki CTS (Cytokine Concentrate Solution)<br \/>\n<\/strong>Koktajl CTS ze skoncentrowanymi cytokinami\u00a0to kompleks peptydowy, peptydy miedziowe, ro\u015blinne hormony wzrostu i ro\u015blinne kom\u00f3rki macierzyste stymuluj\u0105 przebudow\u0119 tkanek.<\/p>\n<p style=\"text-align: justify;\">Dzia\u0142anie:<strong>\u00a0<\/strong><br \/>\n&#8211; usuwa blizny potr\u0105dzikowe<br \/>\n&#8211; usuwa blizny po oparzeniach<br \/>\n&#8211; poprawia og\u00f3lny stan sk\u00f3ry<br \/>\n&#8211; zwi\u0119ksza elastyczno\u015b\u0107, grubo\u015b\u0107 i spr\u0119\u017cysto\u015b\u0107 sk\u00f3ry<br \/>\n&#8211; zmniejsza widoczno\u015b\u0107 istniej\u0105cych rozst\u0119p\u00f3w<br \/>\n&#8211; sp\u0142yca g\u0142\u0119bokie zmarszczki<\/p>\n<p style=\"text-align: justify;\">W\u0142a\u015bciwo\u015bci:<br \/>\n&#8211; Epidermalny Czynnik Wzrostu i\/czy fibroblastyczny czynnik wzrostu zwalcza objawy starzenia si\u0119 sk\u00f3ry zwi\u0105zane z wiekiem i objawy fotostarzenia.<br \/>\n&#8211; kompleks zawiera specjalnie wyizolowane i oczyszczone czynniki wzrostu przeznaczone do stosowania w procedurach medycznych.<br \/>\n&#8211; jest otrzymany wg dobrze udokumentowanej naukowo technologii produkcji wykorzystuj\u0105cej przetworzone kultury bakteryjne.<br \/>\n&#8211; producent kompleksu jest na li\u015bcie dostawc\u00f3w zarejestrowanych przez FDA \u2013 Ameryka\u0144sk\u0105 Komisje d\/s Lek\u00f3w, kt\u00f3ra dopuszcza tylko metody z zachowaniem wysokiej jako\u015bci produkcji i rygorystycznego systemu kontroli jako\u015bci.<br \/>\n&#8211; kontrol\u0119 jako\u015bci przeprowadza certyfikowane laboratorium i wyszkolona obs\u0142uga.<br \/>\n&#8211; formu\u0142a koktajli zawiera tylko te czynniki wzrostu, kt\u00f3re efektywnie wp\u0142ywaj\u0105 na przebudow\u0119 tkanek sk\u00f3ry.<br \/>\n&#8211; kompleks zawiera tylko kom\u00f3rki o wysokiej sile prze\u017cycia, wysokiej zgodno\u015bci i skutecznej koncentracji w ka\u017cdej partii.<strong><br \/>\n<\/strong><\/p>\n<p style=\"text-align: justify;\">Przeciwwskazania:<strong><br \/>\n<\/strong>&#8211; czynne infekcje (wirusowe, bakteryjne),<br \/>\n&#8211; ci\u0105\u017ca i okres laktacji,<br \/>\n&#8211; stosowanie lek\u00f3w przeciwkrzepliwych (antykoagulant\u00f3w).<\/p>\n<p style=\"text-align: justify;\"><strong>Uwaga!<\/strong> Bezpo\u015brednio po zabiegu sk\u00f3ra jest podra\u017cniona! Po zabiegu w celu uspokojenia sk\u00f3ry nak\u0142adamy wyciszaj\u0105c\u0105 mask\u0119 z PEPTYDAMI.<\/p>\n<p style=\"text-align: justify;\">DERMA-PEN<\/p>\n<p style=\"text-align: justify;\"><strong>Cena zabiegu: od 250z\u0142 <\/strong>(wliczony koszt kardrid\u017ca)<\/p>\n<p style=\"text-align: justify;\">DERMA-ROLLER<\/p>\n<p style=\"text-align: justify;\"><strong>Cena zabiegu:od 210-230z\u0142 <\/strong>(wliczony koszt Dema-Rollera),<\/p>\n<p style=\"text-align: justify;\"><strong><img loading=\"lazy\" decoding=\"async\" class=\"wp-image-481 aligncenter\" src=\"http:\/\/harmonia-zmyslow.pl\/wp-content\/uploads\/2017\/01\/Ampu\u0142ki-CVS-Concentrated-Vitality-Solution-287x300.png\" alt=\"ampulki-cvs-concentrated-vitality-solution\" width=\"200\" height=\"209\" \/>\u00a0 <\/strong><br \/>\nKoktajl regeneruj\u0105cy i silnie nawil\u017caj\u0105cy o bogatej formule, odm\u0142adzaj\u0105cy sk\u00f3r\u0119 i nadaj\u0105cy jej blask i witalno\u015b\u0107. Kolagen, fermentowany ekstrakt z mleczka sojowego i beta \u2013 glukan dostarczaj\u0105 sk\u00f3rze, zm\u0119czonej dzia\u0142aniem niekorzystnych czynnik\u00f3w zewn\u0119trznych i wewn\u0119trznych, substancje od\u017cywcze i minera\u0142y.<\/p>\n<p style=\"text-align: justify;\">Dzia\u0142anie:<br \/>\n&#8211; nawil\u017ca i od\u017cywia sk\u00f3r\u0119<br \/>\n&#8211; poprawia zdolno\u015b\u0107 sk\u00f3ry do wi\u0105zania wody<br \/>\n&#8211; chroni j\u0105 przed utrat\u0105 wilgoci<br \/>\n&#8211; koktajl jest szybko wch\u0142aniany bez pozostawiania lepkiej warstwy.<br \/>\n<strong>Ampu\u0142ki AWS\u00a0<\/strong><strong>Anty-Wrinkle Solution<\/strong><br \/>\n<strong>\u00a0<\/strong>To wysoce funkcjonalny koktajl, kt\u00f3ry intensywnie redukuje zmarszczki.<br \/>\nSh-polipeptyd-7, Acetyl Hexapeptide-8, Cooper Tripeptyde-1 and Palmitoyl Tripeptide-1 przyspiesza naturaln\u0105 odnow\u0119 kom\u00f3rek. Koktajl AWS redukuje zmarszczki i poprawia j\u0119drno\u015b\u0107 sk\u00f3ry.<\/p>\n<p style=\"text-align: justify;\">Koktajl przeciwzmarszczkowy stanowi intensywn\u0105 kuracj\u0119 anty &#8211; aging. Przeznaczony do cery dojrza\u0142ej.Skutecznie uj\u0119drnia i liftinguje sk\u00f3r\u0119, sp\u0142yca istniej\u0105ce zmarszczki i bruzdy. Kompleks peptyd\u00f3w biomimetycznych indukuje aktywno\u015b\u0107 biologiczn\u0105 uszkodzonych w\u0142\u00f3kien i kom\u00f3rek. Stymulowanie czynnik\u00f3w wzrostu powoduje spowolnienie proces\u00f3w starzenia, cofni\u0119cie zniszcze\u0144 wywo\u0142anych wiekiem czy te\u017c nadmiern\u0105 ekspozycj\u0105 na UV. Koktajl zawiera czynniki wzrostu kt\u00f3re odpowiadaj\u0105 za przebudow\u0119 uszkodzonych struktur sk\u00f3ry.<\/p>\n<p style=\"text-align: justify;\">Kluczowym sk\u0142adnikiem koktajli, gwarantuj\u0105cym ich skuteczne dzia\u0142anie jest\u00a0<strong>Sh-polypeptide-7<\/strong>. Jest to kompleks polipeptydowy, zawieraj\u0105ce cenne sk\u0142adniki, zamkni\u0119te w nanoliposomach. Biochemicznie, Sh-polypeptide-7 to bia\u0142ko, kt\u00f3re zosta\u0142o otrzymane w wyniku fermentacji mikrobiologicznej, ale posiadaj\u0105ce tak\u0105 sam\u0105 struktur\u0119 jak ludzki hormon wzrostu.<br \/>\nAplikacja na sk\u00f3r\u0119 czynnik\u00f3w i hormon\u00f3w wzrostu, pochodz\u0105cych z r\u00f3\u017cnych \u017ar\u00f3de\u0142, zosta\u0142a potwierdzona jako efektywna terapia, redukuj\u0105ca widoczne oznaki starzenia si\u0119. Kompleks hormon\u00f3w wzrostu mo\u017ce by\u0107 stosowany w procedurach medycznych.<br \/>\nBiotechnologia hormon\u00f3w wzrostu umo\u017cliwia ca\u0142kowicie now\u0105, rewolucyjn\u0105 metod\u0119 odbudowy starzej\u0105cej si\u0119 i fotostarzej\u0105cej si\u0119 sk\u00f3ry, w celu uzyskania jej odm\u0142odzonego wygl\u0105du: uzupe\u0142nia naturalne biologiczne elementy, kt\u00f3re wyst\u0119puj\u0105 tylko w m\u0142odej, nie zniszczonej sk\u00f3rze i kt\u00f3re reaktywuj\u0105 funkcje obecne jedynie w m\u0142odej sk\u00f3rze.<br \/>\nHormony wzrostu s\u0105 bia\u0142kami sygna\u0142owymi produkowanymi przez kom\u00f3rki macierzyste nask\u00f3rka. Reguluj\u0105 aktywno\u015b\u0107 biologiczn\u0105 procesu naprawy kom\u00f3rkowej i uszkodze\u0144 genetycznych oraz powoduj\u0105, \u017ce sk\u00f3ra jest mi\u0119kka, napi\u0119ta i wygl\u0105daj\u0105ca zdrowo. Produkcja czynnik\u00f3w wzrostu powoduje zapocz\u0105tkowanie proces\u00f3w naprawy i stymulacji aktywno\u015bci, spowalnianie starzenia i cofanie zniszcze\u0144 wywo\u0142anych zanieczyszczeniem \u015brodowiska i promieniowaniem UV.<br \/>\nCzynniki wzrostu mog\u0105 by\u0107 stosowane w procedurach medycyny estetycznej w celu zwi\u0119kszenia efekt\u00f3w profesjonalnego zabiegu, przy czym mo\u017cna je wprowadza\u0107 przed zabiegiem, w trakcie lub po zabiegu.<br \/>\nObecno\u015b\u0107 hormon\u00f3w i czynnik\u00f3w wzrostu gwarantuje stymulacj\u0119 naturalnych mechanizm\u00f3w biochemicznych prowadz\u0105cych do powstania nowej, zdrowej sk\u00f3ry.<\/p>\n<p style=\"text-align: justify;\"><strong><img loading=\"lazy\" decoding=\"async\" class=\"wp-image-482 aligncenter\" src=\"http:\/\/harmonia-zmyslow.pl\/wp-content\/uploads\/2017\/01\/Ampu\u0142ki-HES-z-kwasem-hialuronowym-287x300.png\" alt=\"ampulki-hes-z-kwasem-hialuronowym\" width=\"200\" height=\"209\" \/><\/strong><\/p>\n<p style=\"text-align: justify;\">Specjalnie opracowany koktajl z wysokomolekularnym kwasem hialuronowym zwi\u0119kszaj\u0105cym obj\u0119to\u015b\u0107 tkanek (Volume Solution). Du\u017ca cz\u0105steczka HM posiada wi\u0119ksze zdolno\u015bci wi\u0105zania wody i dostarczania jej do struktur sk\u00f3ry. Preparat\u00a0zapewnia sta\u0142e nawil\u017cenie sk\u00f3ry oraz efekt wype\u0142niaj\u0105cy i liftinguj\u0105cy.\u00a0Koktajl ma tak\u017ce dzia\u0142anie naprawcze wobec sk\u00f3ry naczynkowej i z tr\u0105dzikiem r\u00f3\u017cowatym. Odpowiedzialny jest za to sk\u0142adnik o nazwie BIOPHYTEXTM\u00a0 \u2013\u00a0 kompleks z\u0142o\u017cony z ekstraktu z ruszczyka, escyny, ekstraktu z lukrecji, ekstraktu z w\u0105krotki azjatyckiej, ekstraktu z kwiatu nagietka i hydrolizowanych protein dro\u017cd\u017cowych. Kompleks uszczelnia i chroni \u015bcianki naczy\u0144 krwiono\u015bnych. Mezokoktajl zawiera r\u00f3wnie\u017c EGF (Epidermal Growth Factor).\u00a0Aplikacja na sk\u00f3r\u0119 czynnik\u00f3w i hormon\u00f3w wzrostu, pochodz\u0105cych z r\u00f3\u017cnych \u017ar\u00f3de\u0142, zosta\u0142a potwierdzona jako efektywna terapia, redukuj\u0105ca widoczne oznaki starzenia si\u0119. Kompleks hormon\u00f3w wzrostu mo\u017ce by\u0107 stosowany w procedurach medycznych. Epidermalny czynnik wzrostu i zwalcza objawy starzenia si\u0119 sk\u00f3ry zwi\u0105zane z wiekiem i objawy fotostarzenia.<br \/>\n<strong><br \/>\n<img loading=\"lazy\" decoding=\"async\" class=\"wp-image-487 aligncenter\" src=\"http:\/\/harmonia-zmyslow.pl\/wp-content\/uploads\/2017\/01\/\u017belowa-maska-peptydowa-287x300.png\" alt=\"zelowa-maska-peptydowa\" width=\"200\" height=\"209\" \/><\/strong><strong><br \/>\n<\/strong>Dzia\u0142a koj\u0105co i nawil\u017caj\u0105co po zabiegach derma rollerem, laserem i peelingach.<\/p>\n<p style=\"text-align: justify;\">Maska peptydowa GENOSYS jest produktem do u\u017cytku medycznego, uspokaja i nawil\u017ca sk\u00f3r\u0119 po zabiegach wysuszaj\u0105cych nask\u00f3rek takich jak rolowanie derma rollerem, zabiegi laserem, peelingi kwasowe czy retinoidy.<br \/>\nMo\u017ce s\u0142u\u017cy\u0107 jako lifting przed wa\u017cnym \u201ewyj\u015bciem\u201d.<br \/>\nMaska peptydowa powsta\u0142a z u\u017cyciem innowacyjnej technologii zwanej\u00a0TCD (przenikanie przezsk\u00f3rne kosmetyk\u00f3w), co umo\u017cliwia efektywny transport zawartych w niej sk\u0142adnik\u00f3w aktywnych w g\u0142\u0105b sk\u00f3ry, w jej normalnej temperaturze. Rezultatem jest szybka i efektywna penetracja tych sk\u0142adnik\u00f3w g\u0142\u0119boko w struktury sk\u00f3ry. Maska zawiera peptydy, kt\u00f3re pobudzaj\u0105 produkcj\u0119 kolagenu, a rumianek i inne sk\u0142adniki szybko koj\u0105 i \u0142agodz\u0105 podra\u017cnion\u0105 zabiegiem rolowania czy uszkodzon\u0105 w przypadku lasera lub peelingu sk\u00f3r\u0119, poprawiaj\u0105c jej autogenne zdolno\u015bci utrzymywania odpowiedniego stanu nawil\u017cenia.<\/p>\n<p style=\"text-align: justify;\">Dzia\u0142anie:<br \/>\n&#8211; matryca biologiczna wra\u017cliwa na temperatur\u0119\u00a0\u2013 wilgo\u0107 odparowuje i ch\u0142odzi sk\u00f3r\u0119, gdy maska peptydowa dotknie jej powierzchni.<br \/>\n&#8211; system rozpuszczalnego hydro\u017celu<strong>\u00a0&#8211;\u00a0<\/strong>fizyczna struktura \u017celu robi si\u0119 bardziej p\u0142ynna wraz ze wzrostem temperatury i\u00a0aktywne sk\u0142adniki s\u0105 uwalniane z \u017celu, przenikaj\u0105c w g\u0142\u0105b sk\u00f3ry.<br \/>\n&#8211; mikrokapsu\u0142ki\u00a0<strong>&#8211;\u00a0<\/strong>aktywne sk\u0142adniki zamkni\u0119te s\u0105 w mikrokapsu\u0142kach i pod wp\u0142ywem ciep\u0142a sk\u00f3ry\u00a0przenikaj\u0105 \u0142atwo w jej g\u0142\u0105b dzi\u0119ki systemowi TDS<\/p>\n<p style=\"text-align: justify;\">Maska dzia\u0142a czterofazowo:<\/p>\n<ul style=\"text-align: justify;\">\n<li>Gojenie: Rumianek, Arnika, Witamina K powoduj\u0105 efekt \u0142agodzenia<\/li>\n<li>Ch\u0142odzenie:\u00a0Wilgo\u0107 odparowuje z maski i powoduje efekt ch\u0142odzenia i uspokojenia.<\/li>\n<li>Nawil\u017canie: Maska peptydowa nawil\u017ca 7 razy silniej ni\u017c produkty oczyszczaj\u0105ce sk\u00f3r\u0119 i 3 razy silniej ni\u017c kremy czy maseczki nawil\u017caj\u0105ce.<\/li>\n<li>Regeneracja: Heksapeptydy, kolagen, kwas hialuronowy odpowiadaj\u0105 za efekt odm\u0142odzenia sk\u00f3ry.<\/li>\n<\/ul>\n<p style=\"text-align: justify;\">\n<p style=\"text-align: justify;\">\u00a0<img loading=\"lazy\" decoding=\"async\" class=\"wp-image-485 aligncenter\" src=\"http:\/\/harmonia-zmyslow.pl\/wp-content\/uploads\/2017\/01\/HR\u00b3-Matrix-terapia-przeciw-\u0142ysieniu-i-wypadaniu-w\u0142os\u00f3w-287x300.png\" alt=\"hr%c2%b3-matrix-terapia-przeciw-lysieniu-i-wypadaniu-wlosow\" width=\"200\" height=\"209\" \/><\/p>\n<p style=\"text-align: justify;\">Linia preparat\u00f3w o\u00a0udowodnionej skuteczno\u015bci, kt\u00f3ry wykorzystuje innowacyjny, opatentowany sk\u0142adnik otrzymany wg rygorystycznych zasad systemu zarz\u0105dzania jako\u015bci\u0105. Nowy sk\u0142adnik pozwala uzyska\u0107 realne efekty, b\u0119d\u0105ce wynikiem innowacyjnej technologii.<\/p>\n<p style=\"text-align: justify;\">Peeling do sk\u00f3ry g\u0142owy HR3\u00a0<strong>Matrix CSP<br \/>\n<\/strong><\/p>\n<p style=\"text-align: justify;\">Leczniczy peeling\u00a0do sk\u00f3ry g\u0142owy przeznaczony jest do usuwania keratyny i g\u0142\u0119bokiego oczyszczania por\u00f3w. Usuwa delikatnie sebum i r\u00f3\u017cnego rodzaju zanieczyszczenia, daje uczucie \u015bwie\u017co\u015bci, z\u0142uszczaj\u0105c lekko sk\u00f3r\u0119, a zawarto\u015b\u0107 mentolu pozostawia uczucie ch\u0142odu i \u0142agodzi podra\u017cnienia. Jest niezb\u0119dny do usuni\u0119cia martwych \u0142usek rogowych, w celu u\u0142atwienia penetracji sk\u0142adnik\u00f3w aktywnych zawartych w preparatach.<br \/>\nSk\u0142adniki aktywne:<\/p>\n<ul style=\"text-align: justify;\">\n<li><strong>Sophora Flower \u2013<\/strong><strong>\u00a0<\/strong>opatentowany sk\u0142adnik, kt\u00f3ry poprzez blokowanie enzymu 5-\u03b1-reduktazy, hamuje produkcj\u0119 DHT, odpowiedzialnego za wypadanie w\u0142os\u00f3w i proces \u0142ysienia<strong>,<\/strong><\/li>\n<\/ul>\n<ul style=\"text-align: justify;\">\n<li><strong>Mentol \u2013<\/strong><strong>\u00a0<\/strong>dzia\u0142a przeciwzapalnie, pozostawia uczucie \u015bwie\u017co\u015bci,<\/li>\n<\/ul>\n<ul style=\"text-align: justify;\">\n<li><strong>Kwas salicylowy \u2013<\/strong><strong>\u00a0<\/strong>ma\u00a0w\u0142a\u015bciwo\u015bci bakteriostatyczne, grzybob\u00f3jcze oraz lekko z\u0142uszczaj\u0105ce \u2013 oczyszcza pory, daje efekt od\u015bwie\u017cenia,<\/li>\n<\/ul>\n<ul style=\"text-align: justify;\">\n<li><strong>Ekstrakt z zielonej herbaty \u2013<\/strong><strong>\u00a0<\/strong>dzia\u0142a nawil\u017caj\u0105co, przeciwzapalnie, bakteriob\u00f3jczo. Wzmacnia system odporno\u015bciowy oraz chroni kom\u00f3rki sk\u00f3ry przed wolnymi rodnikami, powstaj\u0105cymi w wyniku dzia\u0142ania promieni s\u0142onecznych oraz szkodliwych czynnik\u00f3w \u015brodowiskowych. Ekstrakt z herbaty jest tak\u017ce \u015brodkiem wzmacniaj\u0105cym cebulki w\u0142os\u00f3w, przeciwdzia\u0142aj\u0105cym ich wypadaniu oraz \u0142upie\u017cowi,<\/li>\n<\/ul>\n<ul style=\"text-align: justify;\">\n<li><strong>Betaina \u2013<\/strong>\u00a0skutecznie niweluje przesuszenie w\u0142os\u00f3w i dzia\u0142a \u0142agodz\u0105co na sk\u00f3r\u0119 g\u0142owy. \u0141agodzi tak\u017ce dzia\u0142anie \u015brodk\u00f3w powierzchniowo czynnych jak SLS,<\/li>\n<\/ul>\n<ul style=\"text-align: justify;\">\n<li><strong>Hydrolizowana keratyna<\/strong>\u00a0&#8211; g\u0142\u00f3wny sk\u0142adnik w\u0142osa, odpowiedzialny za ich wygl\u0105d, kondycj\u0119 i grubo\u015b\u0107. Keratyna wchodzi w sk\u0142ad os\u0142onki w\u0142osa, kt\u00f3rej stan odpowiedzialny jest za po\u0142ysk, g\u0142adko\u015b\u0107 i odporno\u015b\u0107 w\u0142os\u00f3w. Hydrolizat keratyny wykazuje powinowactwo do w\u0142os\u00f3w os\u0142abionych, i wbudowuj\u0105c si\u0119 w uszkodzenia w\u0142osa, uzupe\u0142nia niedob\u00f3r naturalnych sk\u0142adnik\u00f3w, dzi\u0119ki czemu w\u0142osy ulegaj\u0105 wyra\u017anemu wzmocnieniu \u2013 w spos\u00f3b zauwa\u017calny zwi\u0119ksza si\u0119 ich obj\u0119to\u015b\u0107, po\u0142ysk i zdrowy wygl\u0105d,<\/li>\n<\/ul>\n<ul style=\"text-align: justify;\">\n<li><strong>Cnidium Officinale Root Extract<\/strong>\u00a0\u2013\u00a0zia\u0142a \u0142agodz\u0105co, przeciwdzia\u0142a wyst\u0105pieniu infekcji, nawil\u017ca i poprawia kr\u0105\u017cenie krwi.<\/li>\n<\/ul>\n<p style=\"text-align: justify;\">Wskazania:<\/p>\n<ul style=\"text-align: justify;\">\n<li>&#8211; wypadanie w\u0142os\u00f3w,<\/li>\n<li>&#8211; \u0142ysienie,<\/li>\n<li>&#8211; \u015bwi\u0105d sk\u00f3ry g\u0142owy,<\/li>\n<li>&#8211; \u0142upie\u017c, \u0142uszczenie sk\u00f3ry g\u0142owy,<\/li>\n<li>&#8211; oczyszczenie dla zwi\u0119kszenia przenikania.<\/li>\n<\/ul>\n<div style=\"text-align: justify;\"><strong><br \/>\n<\/strong>Kompleks z unikaln\u0105 formu\u0142\u0105, zapobiegaj\u0105c\u0105 utracie w\u0142os\u00f3w poprzez blokowanie 5-alfa-reduktazy, enzymu bezpo\u015brednio odpowiedzialnego za wypadanie w\u0142os\u00f3w i \u0142ysienie androgenowe. Specjalne dobrane sk\u0142adniki kompleksu pobudzaj\u0105 cyrkulacj\u0119 krwi i stymuluj\u0105 tworzenie nowych naczy\u0144 w\u0142osowatych, zwi\u0119kszaj\u0105cych od\u017cywienie i dotlenienie sk\u00f3ry g\u0142owy, co sprzyja wzrostowi nowych w\u0142os\u00f3w. Preparat HR\u00b3 zawiera dwa opatentowane sk\u0142adniki: ekstrakt z Sophora Japonica Linne i peptyd Hexapeptide-33.<\/div>\n<p style=\"text-align: justify;\">CHS\u00a0zawiera ponadto sk\u0142adniki znane, o udowodnionym dzia\u0142aniu, wspomagaj\u0105cym odrost nowych w\u0142os\u00f3w, jak insulinopodobny czynnik wzrostu, fibroblastyczny czynnik wzrostu, peptydy miedziowe i warto\u015bciowe dla w\u0142os\u00f3w witaminy.<\/p>\n<p style=\"text-align: justify;\">Wskazania:\u00a0<strong><br \/>\n<\/strong><\/p>\n<ul style=\"text-align: justify;\">\n<li>&#8211; \u0142ysienie u kobiet i m\u0119\u017cczyzn,<\/li>\n<li>&#8211; wypadanie w\u0142os\u00f3w,<\/li>\n<li>&#8211; w\u0142osy os\u0142abione, s\u0142abo rosn\u0105ce.<\/li>\n<\/ul>\n<div style=\"text-align: justify;\"><\/div>\n<div style=\"text-align: justify;\">Dzia\u0142anie:<strong><br \/>\n<\/strong><\/div>\n<ul>\n<li style=\"text-align: justify;\">&#8211; blokuje nadmierne wydzielanie DHT, dwuhydrotestosteronu odpowiedzialnego za wypadanie w\u0142os\u00f3w i \u0142ysienie,<\/li>\n<li style=\"text-align: justify;\">&#8211; aktywuje powstawanie nowych w\u0142osowatych naczy\u0144 krwiono\u015bnych i powstawanie VEGF,<\/li>\n<li style=\"text-align: justify;\">&#8211; przyspiesza podzia\u0142y kom\u00f3rkowe i wzrost w\u0142osa,<\/li>\n<li style=\"text-align: justify;\">&#8211; przynosi popraw\u0119 w przypadku wypadania w\u0142os\u00f3w i \u0142ysienia zar\u00f3wno u kobiet jak i u m\u0119\u017cczyzn,<\/li>\n<li style=\"text-align: justify;\">&#8211; przed\u0142u\u017cone dzia\u0142anie \u2013 efekty pozostaj\u0105 tak\u017ce po zako\u0144czeniu kuracji.<\/li>\n<\/ul>\n<p>&nbsp;<\/p>\n","protected":false},"excerpt":{"rendered":"<p>Prze\u0142om w kosmetologii estetycznej! MEZOTERAPIA MIKROIG\u0141OWA GENOSYS\u00ae Mezoterapia mikroig\u0142owa jest metod\u0105 pobudzenia procesu odnowy kolagenu i elastyny w sk\u00f3rze, wywo\u0142anego kontrolowanym mikrouszkodzeniem sk\u00f3ry poprzez jej nak\u0142uwanie sterylnymi, medycznymi mikroig\u0142ami. W efekcie serii kilku zabieg\u00f3w, sk\u00f3ra staje si\u0119 grubsza, bardziej napi\u0119ta, drobne linie znikaj\u0105, g\u0142\u0119bsze zmarszczki, blizny i rozszerzone pory wyra\u017anie si\u0119 sp\u0142ycaj\u0105, a kolor i [&hellip;]<\/p>\n","protected":false},"author":1,"featured_media":0,"parent":0,"menu_order":0,"comment_status":"closed","ping_status":"closed","template":"","meta":{"_et_pb_use_builder":"","_et_pb_old_content":"","_et_gb_content_width":"","footnotes":""},"_links":{"self":[{"href":"https:\/\/harmonia-zmyslow.pl\/index.php\/wp-json\/wp\/v2\/pages\/671"}],"collection":[{"href":"https:\/\/harmonia-zmyslow.pl\/index.php\/wp-json\/wp\/v2\/pages"}],"about":[{"href":"https:\/\/harmonia-zmyslow.pl\/index.php\/wp-json\/wp\/v2\/types\/page"}],"author":[{"embeddable":true,"href":"https:\/\/harmonia-zmyslow.pl\/index.php\/wp-json\/wp\/v2\/users\/1"}],"replies":[{"embeddable":true,"href":"https:\/\/harmonia-zmyslow.pl\/index.php\/wp-json\/wp\/v2\/comments?post=671"}],"version-history":[{"count":2,"href":"https:\/\/harmonia-zmyslow.pl\/index.php\/wp-json\/wp\/v2\/pages\/671\/revisions"}],"predecessor-version":[{"id":1320,"href":"https:\/\/harmonia-zmyslow.pl\/index.php\/wp-json\/wp\/v2\/pages\/671\/revisions\/1320"}],"wp:attachment":[{"href":"https:\/\/harmonia-zmyslow.pl\/index.php\/wp-json\/wp\/v2\/media?parent=671"}],"curies":[{"name":"wp","href":"https:\/\/api.w.org\/{rel}","templated":true}]}}