{"id":627,"date":"2018-08-30T14:48:32","date_gmt":"2018-08-30T12:48:32","guid":{"rendered":"http:\/\/harmonia-zmyslow.pl\/?page_id=627"},"modified":"2025-11-11T15:23:34","modified_gmt":"2025-11-11T14:23:34","slug":"627-2","status":"publish","type":"page","link":"https:\/\/harmonia-zmyslow.pl\/index.php\/627-2\/","title":{"rendered":"zabieg rewitalizuj\u0105cy gvo"},"content":{"rendered":"<div>\n<div style=\"text-align: justify;\"><img loading=\"lazy\" decoding=\"async\" class=\"size-medium wp-image-625 aligncenter\" src=\"http:\/\/harmonia-zmyslow.pl\/wp-content\/uploads\/2016\/07\/zabred-300x280.png\" alt=\"zabred\" width=\"300\" height=\"280\" srcset=\"https:\/\/harmonia-zmyslow.pl\/wp-content\/uploads\/2016\/07\/zabred-300x280.png 300w, https:\/\/harmonia-zmyslow.pl\/wp-content\/uploads\/2016\/07\/zabred.png 522w\" sizes=\"(max-width: 300px) 100vw, 300px\" \/><\/div>\n<div style=\"text-align: justify;\"><b>PEPTYDY BIOMIMETYCZNE<\/b> to naturalnie wyst\u0119puj\u0105ce peptydy i\u00a0czynniki wzrostu. Wraz z\u00a0wiekiem ilo\u015b\u0107 naturalnych peptyd\u00f3w organizmu maleje lub uszkodzona zostaje ich prawid\u0142owa synteza, a\u00a0kontrolowane przez nie procesy naprawcze i\u00a0metaboliczne stopniowo s\u0142abn\u0105 i\u00a0ulegaj\u0105 zaburzeniom. Proces ten w\u00a0konsekwencji prowadzi do obserwowanych zmian zwi\u0105zanych <a href=\"http:\/\/m.in\/\">m.in<\/a>. z\u00a0procesem starzenia si\u0119 organizmu.<\/div>\n<div style=\"text-align: justify;\"><\/div>\n<div style=\"text-align: justify;\">Peptydy biomimetyczne to syntetyczne zwi\u0105zki chemiczne dzia\u0142aj\u0105ce na zasadzie wiernego na\u015bladowania naturalnych, obecnych w\u00a0organizmie substancji steruj\u0105cych procesami metabolicznymi oddzia\u0142uj\u0105cymi bezpo\u015brednio na kom\u00f3rki docelowe.<\/div>\n<div style=\"text-align: justify;\"><\/div>\n<div style=\"text-align: justify;\"><b>Zabieg GVO peptydy biomimetyczne<\/b> to intensywny zabieg zawieraj\u0105cy aktywny kompleks przywracaj\u0105cy i\u00a0odbudowuj\u0105cy fizjologiczne procesy sk\u00f3ry. Dzia\u0142a antyoksydacyjnie, zwi\u0119ksza elastyczno\u015b\u0107, nawil\u017cenie i\u00a0napi\u0119cie sk\u00f3ry. Posiada intensywne dzia\u0142anie przeciwzmarszczkowe, redukuje przebarwienia.<\/div>\n<div style=\"text-align: justify;\">GVO peptydy biomimetyczne to zabieg dla wszystkich typ\u00f3w sk\u00f3ry, w\u00a0tym r\u00f3wnie\u017c dla sk\u00f3ry wra\u017cliwej z\u00a0tendencj\u0105 tr\u0105dziku r\u00f3\u017cowatego.<\/div>\n<div style=\"text-align: justify;\"><b>WSKAZANIA<\/b><\/div>\n<ul>\n<li style=\"text-align: justify;\">Przeciwstarzeniowe anti-aging,<\/li>\n<li style=\"text-align: justify;\">Przeciwprzebarwieniowe,<\/li>\n<li style=\"text-align: justify;\">Powstrzymuj\u0105ce wypadanie w\u0142os\u00f3w,<\/li>\n<li style=\"text-align: justify;\">Antycellulitowe,<\/li>\n<li style=\"text-align: justify;\">Rozk\u0142adaj\u0105ce tkank\u0119 t\u0142uszczow\u0105.<\/li>\n<\/ul>\n<div>Zabieg GVO peptydy biomimetyczne jest indywidualnie dobierany przez kosmetologa do rodzaju sk\u00f3ry pacjenta.<b><br \/>\n<\/b><\/div>\n<div><img loading=\"lazy\" decoding=\"async\" class=\"size-medium wp-image-628 alignright\" src=\"http:\/\/harmonia-zmyslow.pl\/wp-content\/uploads\/2018\/08\/IMG_3664-300x250.jpg\" alt=\"IMG_3664\" width=\"300\" height=\"250\" \/><\/div>\n<div style=\"text-align: right;\"><b>\u00a0<\/b><\/div>\n<div style=\"text-align: right;\"><\/div>\n<div style=\"text-align: right;\"><\/div>\n<div style=\"text-align: right;\"><\/div>\n<div style=\"text-align: right;\"><\/div>\n<div style=\"text-align: right;\"><\/div>\n<div style=\"text-align: right;\"><\/div>\n<div style=\"text-align: right;\"><\/div>\n<div style=\"text-align: right;\"><\/div>\n<div style=\"text-align: right;\"><\/div>\n<div style=\"text-align: right;\"><\/div>\n<div style=\"text-align: right;\"><\/div>\n<div style=\"text-align: right;\"><b>Cena zabiegu <\/b><b>o<\/b><b>d 250 z\u0142 <\/b><\/div>\n<\/div>\n<p>&nbsp;<\/p>\n","protected":false},"excerpt":{"rendered":"<p>PEPTYDY BIOMIMETYCZNE to naturalnie wyst\u0119puj\u0105ce peptydy i\u00a0czynniki wzrostu. Wraz z\u00a0wiekiem ilo\u015b\u0107 naturalnych peptyd\u00f3w organizmu maleje lub uszkodzona zostaje ich prawid\u0142owa synteza, a\u00a0kontrolowane przez nie procesy naprawcze i\u00a0metaboliczne stopniowo s\u0142abn\u0105 i\u00a0ulegaj\u0105 zaburzeniom. Proces ten w\u00a0konsekwencji prowadzi do obserwowanych zmian zwi\u0105zanych m.in. z\u00a0procesem starzenia si\u0119 organizmu. Peptydy biomimetyczne to syntetyczne zwi\u0105zki chemiczne dzia\u0142aj\u0105ce na zasadzie wiernego na\u015bladowania [&hellip;]<\/p>\n","protected":false},"author":1,"featured_media":0,"parent":0,"menu_order":0,"comment_status":"closed","ping_status":"closed","template":"","meta":{"_et_pb_use_builder":"","_et_pb_old_content":"","_et_gb_content_width":"","footnotes":""},"_links":{"self":[{"href":"https:\/\/harmonia-zmyslow.pl\/index.php\/wp-json\/wp\/v2\/pages\/627"}],"collection":[{"href":"https:\/\/harmonia-zmyslow.pl\/index.php\/wp-json\/wp\/v2\/pages"}],"about":[{"href":"https:\/\/harmonia-zmyslow.pl\/index.php\/wp-json\/wp\/v2\/types\/page"}],"author":[{"embeddable":true,"href":"https:\/\/harmonia-zmyslow.pl\/index.php\/wp-json\/wp\/v2\/users\/1"}],"replies":[{"embeddable":true,"href":"https:\/\/harmonia-zmyslow.pl\/index.php\/wp-json\/wp\/v2\/comments?post=627"}],"version-history":[{"count":2,"href":"https:\/\/harmonia-zmyslow.pl\/index.php\/wp-json\/wp\/v2\/pages\/627\/revisions"}],"predecessor-version":[{"id":1316,"href":"https:\/\/harmonia-zmyslow.pl\/index.php\/wp-json\/wp\/v2\/pages\/627\/revisions\/1316"}],"wp:attachment":[{"href":"https:\/\/harmonia-zmyslow.pl\/index.php\/wp-json\/wp\/v2\/media?parent=627"}],"curies":[{"name":"wp","href":"https:\/\/api.w.org\/{rel}","templated":true}]}}