{"id":580,"date":"2018-01-11T19:43:45","date_gmt":"2018-01-11T18:43:45","guid":{"rendered":"http:\/\/harmonia-zmyslow.pl\/?page_id=580"},"modified":"2018-01-11T19:48:38","modified_gmt":"2018-01-11T18:48:38","slug":"regulamin-makijaz","status":"publish","type":"page","link":"https:\/\/harmonia-zmyslow.pl\/index.php\/regulamin-makijaz\/","title":{"rendered":"regulamin makija\u017c"},"content":{"rendered":"<div>\n<div>Poni\u017cej wa\u017cne informacje dotycz\u0105ce makija\u017cu i rezerwacji termin\u00f3w &#8211; umawiaj\u0105c si\u0119, automatycznie je akceptujesz.<\/div>\n<div><\/div>\n<\/div>\n<div>Posiadam 11 lat do\u015bwiadczenia w sztuce szeroko poj\u0119tego makija\u017cu.<\/div>\n<div>Moje prace znajduj\u0105 si\u0119 na tej stronie i moim firmowym Fb i Instagramie, prosz\u0119 o zapoznanie si\u0119 z nimi by wiedzie\u0107 czego oczekiwa\u0107. Nie wykonuj\u0119 makija\u017cy kropka w kropk\u0119 z tutoriali z internetu, nie kopiuj\u0119 cudzych prac \u2013 mog\u0105 s\u0142u\u017cy\u0107 jako inspiracja, ale prosz\u0119 si\u0119 liczy\u0107 z tym, \u017ce wykonam je w swoim stylu.<\/div>\n<div><\/div>\n<div><a href=\"https:\/\/www.facebook.com\/pg\/Gabinet-kosmetyczny-Mini-Day-SPA-Harmonia-zmys\u0142\u00f3w-315562318503647\/photos\/?ref=page_internal\"><img loading=\"lazy\" decoding=\"async\" class=\"wp-image-581 aligncenter\" src=\"http:\/\/harmonia-zmyslow.pl\/wp-content\/uploads\/2018\/01\/zobacz-297x300.png\" alt=\"zobacz\" width=\"146\" height=\"147\" srcset=\"https:\/\/harmonia-zmyslow.pl\/wp-content\/uploads\/2018\/01\/zobacz-297x300.png 297w, https:\/\/harmonia-zmyslow.pl\/wp-content\/uploads\/2018\/01\/zobacz-150x150.png 150w, https:\/\/harmonia-zmyslow.pl\/wp-content\/uploads\/2018\/01\/zobacz.png 592w\" sizes=\"(max-width: 146px) 100vw, 146px\" \/><\/a><\/div>\n<div><\/div>\n<div>Pracuj\u0119 g\u0142\u00f3wnie na markach profesjonalnych, selektywnych. Dbam o wysok\u0105 higien\u0119 pracy kt\u00f3ra jest dla mnie bardzo wa\u017cna. Wszystkie p\u0119dzle s\u0105 dok\u0142adnie myte i dezynfekowane, u\u017cywam jednorazowych aplikator\u00f3w do tuszu i szminek.<\/div>\n<div><\/div>\n<div><\/div>\n<div style=\"text-align: center;\"><span style=\"text-decoration: underline;\"><b>WA\u017bNE INFORMACJE<\/b><\/span><\/div>\n<div style=\"text-align: center;\"><\/div>\n<div style=\"text-align: center;\"><\/div>\n<div><\/div>\n<div>REZERWACJA TERMIN\u00d3W<\/div>\n<div><\/div>\n<div>Bardzo prosz\u0119 o przeczytanie ze zrozumieniem ca\u0142o\u015bci by unikn\u0105\u0107 nieporozumie\u0144.<\/div>\n<div>Odpowiem na wszelkie pytania, gdyby pojawi\u0142y si\u0119 jakie\u015b w\u0105tpliwo\u015bci.<\/div>\n<div><\/div>\n<div>Na makija\u017c mo\u017cna um\u00f3wi\u0107 si\u0119 telefonicznie, osobi\u015bcie lub przez wiadomo\u015b\u0107 SMS lub na Fb.<\/div>\n<div>Wiadomo\u015b\u0107 s\u0142u\u017cy\u0107 ma do pierwszego kontaktu w kt\u00f3rym poprosz\u0119 o podanie imienia oraz numeru telefonu w celu oddzwonienia i ustalenia szczeg\u00f3\u0142\u00f3w.<\/div>\n<div>Ostateczna rezerwacja nast\u0119puje tylko i wy\u0142\u0105cznie po wp\u0142acie zadatku.<\/div>\n<div><\/div>\n<div>PRZYGOTOWANIE DO MAKIJA\u017bU<\/div>\n<div><\/div>\n<div>Przed um\u00f3wion\u0105 us\u0142ug\u0105 bardzo prosz\u0119 o zadbanie o stan cery. Prosz\u0119 wykona\u0107 peeling i nawil\u017cy\u0107 j\u0105 odpowiednio lub je\u017celi jest taka potrzeba to zaprosz\u0119 na zabieg kt\u00f3ry odpowiednio przygotuje Twoj\u0105 sk\u00f3r\u0119 do makija\u017cu.<\/div>\n<div>Na makija\u017c przychodzimy bez makija\u017cu z na\u0142o\u017conym kremem na sk\u00f3r\u0119. Zmywanie jakichkolwiek resztek przeze mnie zabiera cenny czas na wykonanie mojej pracy.<\/div>\n<div><\/div>\n<div>BRAK PR\u00d3BNEGO MAKIJA\u017bU:<\/div>\n<div><\/div>\n<div>Je\u017celi nie chcesz wykona\u0107 pr\u00f3bnego makija\u017cu &#8211; robisz to na w\u0142asn\u0105 odpowiedzialno\u015b\u0107. Do\u015bwiadczenie nauczy\u0142o mnie, \u017ce wykonanie pr\u00f3by mo\u017ce zmieni\u0107 bardzo wiele. Zastan\u00f3w si\u0119 czy jeden z najwa\u017cniejszych dni w swoim \u017cyciu chcesz po\u015bwi\u0119ci\u0107 przypadkowi, czy chcesz mie\u0107 pewno\u015b\u0107, \u017ce wszystko b\u0119dzie tak jak sobie wymarzy\u0142a\u015b &#x1f60a;<\/div>\n<div>Nie ponosz\u0119 odpowiedzialno\u015bci za to jak makija\u017c b\u0119dzie si\u0119 trzyma\u0142 i wygl\u0105da\u0142 na cerze, je\u017celi nie zosta\u0142a wcze\u015bniej wprowadzona odpowiednia piel\u0119gnacja: konieczny jest peeling i nawil\u017cenie dostosowane do potrzeb sk\u00f3ry. Takie w\u0142a\u015bnie rzeczy ustalam podczas pr\u00f3by.<\/div>\n<div><\/div>\n<div>ZADATEK:<\/div>\n<div>Przy zapisach OBOWI\u0104ZUJE wp\u0142ata zadatku &#8211; 50 z\u0142 od us\u0142ugi czyli np. paznokcie i makija\u017c to wp\u0142ata zadatku 100 z\u0142.<\/div>\n<div>Jest to rezerwacja terminu i po\u015bwiadczenie, \u017ce traktuj\u0105 Pa\u0144stwo powa\u017cnie um\u00f3wion\u0105 us\u0142ug\u0119. Kwota za us\u0142ug\u0119 w dniu jej wykonania jest odpowiednio pomniejszona o zadatek. Jednocze\u015bnie informuj\u0119, \u017ce zgodnie z prawem <b>w razie odwo\u0142ania przez Pa\u0144stwa terminu, nie p\u00f3\u017aniej ni\u017c miesi\u0105c przed wizyt\u0105, nie ma mo\u017cliwo\u015bci jego zwrotu. Je\u017celi zadatek nie pojawi si\u0119 na moim koncie w ci\u0105gu 3 dni roboczych (mo\u017cna przes\u0142a\u0107 potwierdzenie)- termin przepada.<\/b><\/div>\n<div><\/div>\n<div>Dane do przelewu:<\/div>\n<div>Justyna Mr\u00f3z-Piekarska<\/div>\n<div>93 2490 0005 0000 4004 3408 5201<\/div>\n<div><\/div>\n<div>Dzi\u0119kuj\u0119 za przeczytanie i zrozumienie. Zapraszam do zapis\u00f3w &#x1f642;<\/div>\n","protected":false},"excerpt":{"rendered":"<p>Poni\u017cej wa\u017cne informacje dotycz\u0105ce makija\u017cu i rezerwacji termin\u00f3w &#8211; umawiaj\u0105c si\u0119, automatycznie je akceptujesz. Posiadam 11 lat do\u015bwiadczenia w sztuce szeroko poj\u0119tego makija\u017cu. Moje prace znajduj\u0105 si\u0119 na tej stronie i moim firmowym Fb i Instagramie, prosz\u0119 o zapoznanie si\u0119 z nimi by wiedzie\u0107 czego oczekiwa\u0107. Nie wykonuj\u0119 makija\u017cy kropka w kropk\u0119 z tutoriali z [&hellip;]<\/p>\n","protected":false},"author":1,"featured_media":0,"parent":0,"menu_order":0,"comment_status":"closed","ping_status":"closed","template":"","meta":{"_et_pb_use_builder":"","_et_pb_old_content":"","_et_gb_content_width":"","footnotes":""},"_links":{"self":[{"href":"https:\/\/harmonia-zmyslow.pl\/index.php\/wp-json\/wp\/v2\/pages\/580"}],"collection":[{"href":"https:\/\/harmonia-zmyslow.pl\/index.php\/wp-json\/wp\/v2\/pages"}],"about":[{"href":"https:\/\/harmonia-zmyslow.pl\/index.php\/wp-json\/wp\/v2\/types\/page"}],"author":[{"embeddable":true,"href":"https:\/\/harmonia-zmyslow.pl\/index.php\/wp-json\/wp\/v2\/users\/1"}],"replies":[{"embeddable":true,"href":"https:\/\/harmonia-zmyslow.pl\/index.php\/wp-json\/wp\/v2\/comments?post=580"}],"version-history":[{"count":4,"href":"https:\/\/harmonia-zmyslow.pl\/index.php\/wp-json\/wp\/v2\/pages\/580\/revisions"}],"predecessor-version":[{"id":587,"href":"https:\/\/harmonia-zmyslow.pl\/index.php\/wp-json\/wp\/v2\/pages\/580\/revisions\/587"}],"wp:attachment":[{"href":"https:\/\/harmonia-zmyslow.pl\/index.php\/wp-json\/wp\/v2\/media?parent=580"}],"curies":[{"name":"wp","href":"https:\/\/api.w.org\/{rel}","templated":true}]}}