{"id":523,"date":"2017-01-07T21:13:21","date_gmt":"2017-01-07T20:13:21","guid":{"rendered":"http:\/\/harmonia-zmyslow.pl\/?page_id=523"},"modified":"2024-09-03T10:27:35","modified_gmt":"2024-09-03T08:27:35","slug":"523-2","status":"publish","type":"page","link":"https:\/\/harmonia-zmyslow.pl\/index.php\/523-2\/","title":{"rendered":""},"content":{"rendered":"<p><img loading=\"lazy\" decoding=\"async\" class=\"wp-image-495 aligncenter\" src=\"http:\/\/harmonia-zmyslow.pl\/wp-content\/uploads\/2017\/01\/oxybrazja-harmonia-zmyslow-salon-kosmetyczny-augustow-287x300.png\" alt=\"oxybrazja-harmonia-zmyslow-salon-kosmetyczny-augustow\" width=\"200\" height=\"209\" \/><\/p>\n<p><strong>OXYBRAZJA, DERMABRAZJA WODNO-TLENOWA, PEELING WODNO-TLENOWY <\/strong>\u2013 Zabieg ten okre\u015blany jest na wiele sposob\u00f3w, jednak co to jest?<\/p>\n<p>To rodzaj peelingu gdzie czynnikiem z\u0142uszczaj\u0105cym jest strumie\u0144 rozproszonych kropelek soli fizjologicznej i tlenu, emitowany pod ci\u015bnieniem przez urz\u0105dzenie.<br \/>\nCzynniki, kt\u00f3re s\u0105 wykorzystywane w zabiegu to:<\/p>\n<ol>\n<li><strong>S\u00f3l Fizjologiczna<\/strong> \u2013 Sterylny roztw\u00f3r chlorku sodu w wodzie (0,9%) o st\u0119\u017ceniu identycznym ze st\u0119\u017ceniem p\u0142yn\u00f3w ustrojowych w organizmie ludzkim. Jest substancj\u0105 neutraln\u0105 dla organizmu i nie wywo\u0142uje podra\u017cnie\u0144 ani skutk\u00f3w ubocznych.<br \/>\nW zabiegu oxybrazji daje efekty nawil\u017cenia, zmi\u0119kczenia i wyg\u0142adzenia, a sk\u00f3ra staje si\u0119 aksamitna w dotyku.<\/li>\n<li><strong>Tlen <\/strong>\u2013 Nie bez powodu w Oxybrazji wykorzystywany zosta\u0142 spr\u0119\u017cony tlen. Jak wiadomo jest nam niezb\u0119dny do \u017cycia. Je\u017celi nasza sk\u00f3ra nie oddycha \u2013 pogarsza si\u0119 jej stan. Staje si\u0119 sucha, ma\u0142o elastyczna, szara i w konsekwencji pomarszczona. W dzisiejszych czasach jest to powszechny problem gdy\u017c na co dzie\u0144 przebywamy w klimatyzowanych pomieszczeniach, \u017cyjemy w zanieczyszczonym \u015brodowisku, pe\u0142nym toksyn i chemii. Oxybrazja daje nam mo\u017cliwo\u015b\u0107 dotlenienia, rozja\u015bniona sk\u00f3ry oraz ujednolica jej koloryt.<\/li>\n<\/ol>\n<p>Dlatego po\u0142\u0105czenie tych dw\u00f3ch naturalnych czynnik\u00f3w daje nam najbezpieczniejsz\u0105 metod\u0119 z\u0142uszczania, kt\u00f3r\u0105 bez obaw mo\u017cemy zastosowa\u0107 u tych os\u00f3b, kt\u00f3re przez problemy np. z naczynkami czy tr\u0105dzikiem by\u0142y dyskwalifikowane przy innych zabiegach z\u0142uszczania.<br \/>\nZabieg Oxybrazji jest wykonywany metod\u0105 bezdotykow\u0105, nie dochodzi do bezpo\u015bredniego kontaktu urz\u0105dzenia ze sk\u00f3r\u0105. Dzi\u0119ki temu zabieg jest w 100% higieniczny i bezpieczny.<br \/>\nW trakcie zabiegu odczuwalny jest koj\u0105cy ch\u0142\u00f3d, kt\u00f3ry \u0142agodzi podra\u017cnienia, obkurcza pory, zmniejszaj\u0105c ich widoczno\u015b\u0107 oraz napina mi\u0119\u015bnie twarzy poprawiaj\u0105c jej owal. Sk\u00f3ra jest widocznie wyg\u0142adzona, rozja\u015bniona i od\u015bwie\u017cona, doskonale przygotowana do makija\u017cu, kt\u00f3ry idealnie b\u0119dzie si\u0119 utrzymywa\u0142 na twarzy, a tak\u017ce kolejnych zabieg\u00f3w leczniczych i piel\u0119gnacyjnych.<\/p>\n<p><strong>Mo\u017cliwo\u015bci zastosowania Oxybrazji<\/strong><\/p>\n<ul>\n<li>Odnowa kom\u00f3rek<\/li>\n<li>Cera t\u0142usta, \u0142ojotokowa i mieszana<\/li>\n<li>Tr\u0105dzik pospolity, zask\u00f3rnikowy<\/li>\n<li>\u201eCera palacza\u201d<\/li>\n<li>Poprawa efektywno\u015bci zabieg\u00f3w piel\u0119gnacyjnych<\/li>\n<li>Nadmierne rogowacenie<\/li>\n<li>Fotostarzenie<\/li>\n<li>Zabiegi odm\u0142adzajace<\/li>\n<li>Zabiegi u kobiet w ci\u0105\u017cy<\/li>\n<\/ul>\n<p><strong><br \/>\nTerapia sk\u00f3r t\u0142ustych i tr\u0105dzikowych<\/strong><\/p>\n<ul>\n<li>Cera t\u0142usta ma kolor szaro\u017c\u00f3\u0142ty, zazwyczaj jest do\u015b\u0107 gruba, a jej powierzchnia b\u0142yszcz\u0105ca.<\/li>\n<li>Widoczne s\u0105 na niej uj\u015bcia gruczo\u0142\u00f3w \u0142ojowych w postaci rozszerzonych por\u00f3w z zask\u00f3rnikami.<\/li>\n<li>Jest s\u0142abo ukrwiona, a sebum jest wydzielane w nadmiernej ilo\u015bci<\/li>\n<li>Przy tego rodzaju cerze nale\u017cy zwraca\u0107 szczeg\u00f3ln\u0105 uwag\u0119 na zmniejszenie grubo\u015bci warstwy rogowej, regulacj\u0119 wydzielnicz\u0105 gruczo\u0142\u00f3w \u0142ojowych oraz popraw\u0119 ukrwienia sk\u00f3ry<\/li>\n<\/ul>\n<p>Podstaw\u0105 niwelacji problem\u00f3w towarzysz\u0105cych t\u0142ustej sk\u00f3rze s\u0105 zabiegi z\u0142uszczaj\u0105ce. Oxybrazja jest szczeg\u00f3lnie zalecana do redukcji nadmiernie zrogowacia\u0142ego nask\u00f3rka, gdy\u017c bardzo skutecznie usuwa martwe kom\u00f3rki, pozostawiaj\u0105c sk\u00f3r\u0119 g\u0142adk\u0105 i jednolit\u0105. Ponadto niweluje zask\u00f3rniki oraz zw\u0119\u017ca pory. Wykonanie serii zabieg\u00f3w sprzyja r\u00f3wnie\u017c redukcji blizn potr\u0105dzikowych, wyg\u0142adza i wyr\u00f3wnuje struktur\u0119 sk\u00f3ry.<\/p>\n<p><strong>Zabiegi odm\u0142adzaj\u0105ce, redukcja objaw\u00f3w fotostarzenia<\/strong><\/p>\n<ul>\n<li>Sk\u00f3ra taka jest bardziej <strong>gruba, sucha, szorstka i zrogowacia\u0142a<\/strong>, gdy\u017c promieniowanie pobudza kom\u00f3rki sk\u00f3ry do podzia\u0142\u00f3w i przyspiesza proces rogowacenia nask\u00f3rka.<\/li>\n<li>Promienie UVA si\u0119gaj\u0105 a\u017c do poziomu sk\u00f3ry w\u0142a\u015bciwej i powoduj\u0105 niekorzystne zmiany w fibroblastach oraz dzia\u0142aj\u0105 niszcz\u0105co na \u2013 wytwarzane przez fibroblasty w\u0142\u00f3kna kolagenu i elastyny.<\/li>\n<li><strong>Nieregularne przebarwienia sk\u00f3ry<\/strong> \u2013 Cz\u0119sto w wyniku nadmiernego przebywania na s\u0142o\u0144cu bez ochrony lub korzystania z solarium dochodzi do zaburzenia dzia\u0142ania melanocyt\u00f3w. Ciemniejsze, nieregularne plamy zwykle pojawiaj\u0105 si\u0119 na twarzy, d\u0142oniach, dekolcie czyli cz\u0119\u015bciach cia\u0142a najcz\u0119\u015bciej poddawanych dzia\u0142aniu s\u0142o\u0144ca.<\/li>\n<\/ul>\n<p>EFEKTY:<\/p>\n<p><strong>Oxybrazja<\/strong> daje wspania\u0142e i natychmiastowe efekty. Doskonale redukuje nadmiernie zrogowacia\u0142y nask\u00f3rek, gdy\u017c bardzo skutecznie usuwa martwe kom\u00f3rki. S\u00f3l fizjologiczna pod ci\u015bnieniem powoduje odrywanie si\u0119 zrogowacia\u0142ych kom\u00f3rek od powierzchni sk\u00f3ry, pozostawiaj\u0105c j\u0105 g\u0142adk\u0105 i jednolit\u0105.<br \/>\nPonadto oxybrazja skutecznie oczyszcza uj\u015bcia gruczo\u0142\u00f3w \u0142ojowych, niweluje zask\u00f3rniki oraz zw\u0119\u017ca pory. Wykonanie serii zabieg\u00f3w sprzyja r\u00f3wnie\u017c redukcji blizn potr\u0105dzikowych, wyg\u0142adza i ujednolica struktur\u0119 nask\u00f3rka.<br \/>\nW trakcie zabiegu odczuwalny jest koj\u0105cy ch\u0142\u00f3d, kt\u00f3ry \u0142agodzi podra\u017cnienia, obkurcza pory, zmniejszaj\u0105c ich widoczno\u015b\u0107 oraz napina mi\u0119\u015bnie twarzy poprawiaj\u0105c jej owal. Sk\u00f3ra jest widocznie wyg\u0142adzona, rozja\u015bniona i od\u015bwie\u017cona, doskonale przygotowana do makija\u017cu, kt\u00f3ry idealnie b\u0119dzie si\u0119 utrzymywa\u0142 na twarzy.<\/p>\n<p>DLA KOBIET W CI\u0104\u017bY!<\/p>\n<p>G\u0142adka, promienna cera, poczucie pi\u0119kna to marzenie ka\u017cdej z nas. W tym wyj\u0105tkowym czasie zmienia si\u0119 wszystko. Zmiany dotycz\u0105 r\u00f3wnie\u017c sk\u00f3ry twarzy, kt\u00f3ra niestety nie zawsze jest odzwierciedleniem \u201eb\u0142ogos\u0142awionego stanu\u201d. W trakcie ci\u0105\u017cy dochodzi do przet\u0142uszczania si\u0119 sk\u00f3ry, pojawienia si\u0119 zmian tr\u0105dzikowych i przebarwie\u0144. Gabinety kosmetyczne oferuj\u0105 coraz wi\u0119cej r\u00f3\u017cnego rodzaju zabieg\u00f3w, ca\u0142y czas jednak brakuje takich, kt\u00f3re by\u0142yby bezpieczne dla kobiet w ci\u0105\u017cy. Nowo\u015bci\u0105 w gabinetach jest <strong>Oxybrazja \u2013 wyj\u0105tkowy zabieg dla ka\u017cdego. <\/strong><br \/>\nOxybrazja to po\u0142\u0105czenie niebywa\u0142ej skuteczno\u015bci z bezpiecze\u0144stwem i zadowoleniem ka\u017cdej klientki. Zabieg polega na z\u0142uszczeniu nask\u00f3rka za pomoc\u0105 soli fizjologicznej i powietrza, czyli zupe\u0142nie naturalnych, oboj\u0119tnych dla organizmu sk\u0142adnik\u00f3w. Brak jakichkolwiek sk\u0142adnik\u00f3w chemicznych to gwarancja bezpiecze\u0144stwa. Po zabiegu sk\u00f3ra jest od\u015bwie\u017cona, oczyszczona, pozbawiona niedoskona\u0142o\u015bci, wyg\u0142adzona i silnie nawil\u017cona. Dodatkowo s\u00f3l fizjologiczna i ch\u0142\u00f3d odczuwalny w trakcie zabiegu koi j\u0105 i pomaga pozby\u0107 si\u0119 obrz\u0119k\u00f3w, dzi\u0119ki czemu oxybrazje mo\u017cemy r\u00f3wnie\u017c zastosowa\u0107 na okolice opuchni\u0119tych kostek i podudzi.<\/p>\n<p style=\"text-align: right;\"><strong>Cena:<\/strong><\/p>\n<p style=\"text-align: right;\"><strong>Oxybrazja twarz- 250z\u0142<\/strong><\/p>\n<p style=\"text-align: right;\"><strong>Oxybrazja twarz+ szyja+ dekolt- 300z\u0142<\/strong><\/p>\n","protected":false},"excerpt":{"rendered":"<p>OXYBRAZJA, DERMABRAZJA WODNO-TLENOWA, PEELING WODNO-TLENOWY \u2013 Zabieg ten okre\u015blany jest na wiele sposob\u00f3w, jednak co to jest? To rodzaj peelingu gdzie czynnikiem z\u0142uszczaj\u0105cym jest strumie\u0144 rozproszonych kropelek soli fizjologicznej i tlenu, emitowany pod ci\u015bnieniem przez urz\u0105dzenie. Czynniki, kt\u00f3re s\u0105 wykorzystywane w zabiegu to: S\u00f3l Fizjologiczna \u2013 Sterylny roztw\u00f3r chlorku sodu w wodzie (0,9%) o st\u0119\u017ceniu [&hellip;]<\/p>\n","protected":false},"author":1,"featured_media":0,"parent":0,"menu_order":0,"comment_status":"closed","ping_status":"closed","template":"","meta":{"_et_pb_use_builder":"","_et_pb_old_content":"","_et_gb_content_width":"","footnotes":""},"_links":{"self":[{"href":"https:\/\/harmonia-zmyslow.pl\/index.php\/wp-json\/wp\/v2\/pages\/523"}],"collection":[{"href":"https:\/\/harmonia-zmyslow.pl\/index.php\/wp-json\/wp\/v2\/pages"}],"about":[{"href":"https:\/\/harmonia-zmyslow.pl\/index.php\/wp-json\/wp\/v2\/types\/page"}],"author":[{"embeddable":true,"href":"https:\/\/harmonia-zmyslow.pl\/index.php\/wp-json\/wp\/v2\/users\/1"}],"replies":[{"embeddable":true,"href":"https:\/\/harmonia-zmyslow.pl\/index.php\/wp-json\/wp\/v2\/comments?post=523"}],"version-history":[{"count":3,"href":"https:\/\/harmonia-zmyslow.pl\/index.php\/wp-json\/wp\/v2\/pages\/523\/revisions"}],"predecessor-version":[{"id":1088,"href":"https:\/\/harmonia-zmyslow.pl\/index.php\/wp-json\/wp\/v2\/pages\/523\/revisions\/1088"}],"wp:attachment":[{"href":"https:\/\/harmonia-zmyslow.pl\/index.php\/wp-json\/wp\/v2\/media?parent=523"}],"curies":[{"name":"wp","href":"https:\/\/api.w.org\/{rel}","templated":true}]}}