{"id":473,"date":"2017-01-07T11:24:40","date_gmt":"2017-01-07T10:24:40","guid":{"rendered":"http:\/\/harmonia-zmyslow.pl\/?page_id=473"},"modified":"2025-11-11T14:26:06","modified_gmt":"2025-11-11T13:26:06","slug":"473-2","status":"publish","type":"page","link":"https:\/\/harmonia-zmyslow.pl\/index.php\/473-2\/","title":{"rendered":"zabiegi pielengacyjne"},"content":{"rendered":"<p>[et_pb_section fb_built=&#8221;1&#8243; admin_label=&#8221;section&#8221; _builder_version=&#8221;4.16&#8243; global_colors_info=&#8221;{}&#8221;][et_pb_row column_structure=&#8221;1_3,1_3,1_3&#8243; _builder_version=&#8221;4.23.3&#8243; _module_preset=&#8221;default&#8221; global_colors_info=&#8221;{}&#8221;][et_pb_column type=&#8221;1_3&#8243; _builder_version=&#8221;4.23.3&#8243; _module_preset=&#8221;default&#8221; global_colors_info=&#8221;{}&#8221;][et_pb_image src=&#8221;http:\/\/harmonia-zmyslow.pl\/wp-content\/uploads\/2025\/11\/peeling-kawitwcyjny.png&#8221; title_text=&#8221;peeling kawitwcyjny&#8221; url=&#8221;https:\/\/harmonia-zmyslow.pl\/index.php\/peeling-kawitacyjny\/&#8221; _builder_version=&#8221;4.23.3&#8243; _module_preset=&#8221;default&#8221; global_colors_info=&#8221;{}&#8221;][\/et_pb_image][\/et_pb_column][et_pb_column type=&#8221;1_3&#8243; _builder_version=&#8221;4.23.3&#8243; _module_preset=&#8221;default&#8221; global_colors_info=&#8221;{}&#8221;][et_pb_image src=&#8221;http:\/\/harmonia-zmyslow.pl\/wp-content\/uploads\/2025\/11\/oczyszczanie-wodorowe.png&#8221; title_text=&#8221;oczyszczanie wodorowe&#8221; _builder_version=&#8221;4.23.3&#8243; _module_preset=&#8221;default&#8221; hover_enabled=&#8221;0&#8243; global_colors_info=&#8221;{}&#8221; url=&#8221;https:\/\/harmonia-zmyslow.pl\/?page_id=1243&#038;et_fb=1&#038;PageSpeed=off&#8221; _dynamic_attributes=&#8221;url&#8221; sticky_enabled=&#8221;0&#8243;][\/et_pb_image][\/et_pb_column][et_pb_column type=&#8221;1_3&#8243; _builder_version=&#8221;4.23.3&#8243; _module_preset=&#8221;default&#8221; global_colors_info=&#8221;{}&#8221;][et_pb_image src=&#8221;http:\/\/harmonia-zmyslow.pl\/wp-content\/uploads\/2025\/11\/oxybrazja.png&#8221; title_text=&#8221;oxybrazja&#8221; _builder_version=&#8221;4.23.3&#8243; _module_preset=&#8221;default&#8221; hover_enabled=&#8221;0&#8243; global_colors_info=&#8221;{}&#8221; url=&#8221;@ET-DC@eyJkeW5hbWljIjp0cnVlLCJjb250ZW50IjoicG9zdF9saW5rX3VybF9wYWdlIiwic2V0dGluZ3MiOnsicG9zdF9pZCI6IjEyNjMifX0=@&#8221; _dynamic_attributes=&#8221;url&#8221; sticky_enabled=&#8221;0&#8243;][\/et_pb_image][\/et_pb_column][\/et_pb_row][\/et_pb_section]<\/p>\n","protected":false},"excerpt":{"rendered":"","protected":false},"author":1,"featured_media":0,"parent":0,"menu_order":0,"comment_status":"closed","ping_status":"closed","template":"","meta":{"_et_pb_use_builder":"on","_et_pb_old_content":"\n\n<!-- wp:paragraph -->\n<p>Dermapen 4.0 to\u00a0urz\u0105dzenie do\u00a0mezoterapii mikroig\u0142owe<a href=\"https:\/\/www.google.com\/search?q=mezoterapii+mikroig%C5%82owej&amp;client=safari&amp;sca_esv=c707080508e766c4&amp;channel=mac_bm&amp;source=hp&amp;ei=qPvnaJeZOeWGwPAP-7DFkQo&amp;iflsig=AOw8s4IAAAAAaOgJuDAFwMcyYOvkVCCgcS5bBTRkA_b6&amp;ved=2ahUKEwiA38uO3ZeQAxUNSvEDHXi6AAYQgK4QegQIARAC&amp;uact=5&amp;oq=Dermapen+4.0&amp;gs_lp=Egdnd3Mtd2l6IgxEZXJtYXBlbiA0LjAyCxAAGIAEGLEDGIMBMgUQABiABDIFEAAYgAQyBRAAGIAEMgUQABiABDIFEAAYgAQyBRAAGIAEMgUQABiABDIFEAAYgAQyBRAAGIAESJ4sUKYQWNEocAF4AJABAJgBuAGgAbkMqgEEMS4xMbgBA8gBAPgBAZgCDaACiw2oAgrCAgoQLhgDGOoCGI8BwgIKEAAYAxjqAhiPAcICDRAuGAMY1AIY6gIYjwHCAggQABiABBixA8ICBRAuGIAEwgIOEC4YgAQYsQMY0QMYxwHCAgsQLhiABBjHARivAcICERAuGIAEGLEDGNEDGIMBGMcBwgILEC4YgAQYsQMYgwHCAgsQABiABBiSAxiKBcICCBAuGIAEGLEDwgIOEC4YgAQYxwEYjgUYrwHCAgsQABiABBixAxjJA5gDDPEFKjiZG-aIr_qSBwQxLjEyoAerdLIHBDAuMTK4B_8MwgcIMC4xLjEwLjLIB0A&amp;sclient=gws-wiz&amp;mstk=AUtExfDUFD6xOX5m7TRFYabo2QU_0Nt5Xmh9MMaJxZokEnEK86saFQ9WhLBEh0p848LM2YdNOeTOJvq5-wMLJ6XdkXNp6UAHGwbaWchXDbZp1A27Kpo47ArVDxL_FhLWbFxVg94&amp;csui=3\">j<\/a> stymuluj\u0105ce produkcj\u0119 kolagenu i elastyny poprzez precyzyjne, pulsacyjne mikronak\u0142uwanie sk\u00f3ry, co prowadzi do jej regeneracji, uj\u0119drnienia i odm\u0142odzenia. Zabieg jest wszechstronny, skuteczny w redukcji blizn, zmarszczek i rozst\u0119p\u00f3w, a dzi\u0119ki nowoczesnej technologii zabieg jest szybki i bezpieczny dla r\u00f3\u017cnych typ\u00f3w sk\u00f3ry.\u00a0<\/p>\n<!-- \/wp:paragraph -->\n\n<!-- wp:paragraph -->\n<p><strong>Dla kogo jest Dermapen 4.0?<\/strong><\/p>\n<!-- \/wp:paragraph -->\n\n<!-- wp:list -->\n<ul><!-- wp:list-item -->\n<li><strong>Dla os\u00f3b pragn\u0105cych odm\u0142odzi\u0107 sk\u00f3r\u0119:<\/strong>&nbsp;W celu poprawy j\u0119drno\u015bci, elastyczno\u015bci i wyg\u0142adzenia sk\u00f3ry.<\/li>\n<!-- \/wp:list-item -->\n\n<!-- wp:list-item -->\n<li><strong>Dla os\u00f3b borykaj\u0105cych si\u0119 z problemami sk\u00f3rnymi:<\/strong>&nbsp;Skuteczny w redukcji widoczno\u015bci blizn (w tym potr\u0105dzikowych) i rozst\u0119p\u00f3w, a tak\u017ce zmniejszeniu rozszerzonych por\u00f3w.<\/li>\n<!-- \/wp:list-item -->\n\n<!-- wp:list-item -->\n<li><strong>Dla os\u00f3b z nier\u00f3wnym kolorytem:<\/strong>&nbsp;Zabieg poprawia koloryt sk\u00f3ry i nadaje jej zdrowy, promienny wygl\u0105d.<\/li>\n<!-- \/wp:list-item -->\n\n<!-- wp:list-item -->\n<li><strong>Dla ka\u017cdego typu sk\u00f3ry:<\/strong>&nbsp;Mo\u017ce by\u0107 stosowany r\u00f3wnie\u017c na sk\u00f3r\u0119 cienk\u0105 i delikatn\u0105, przez ca\u0142y rok, pod warunkiem stosowania fotoprotekcji.&nbsp;<\/li>\n<!-- \/wp:list-item --><\/ul>\n<!-- \/wp:list -->\n\n<!-- wp:paragraph -->\n<p><strong>Jak dzia\u0142a Dermapen 4.0?<\/strong><\/p>\n<!-- \/wp:paragraph -->\n\n<!-- wp:list {\"ordered\":true} -->\n<ol><!-- wp:list-item -->\n<li><strong>Mikronak\u0142ucia:<\/strong>&nbsp;Urz\u0105dzenie tworzy tysi\u0105ce mikrokanalik\u00f3w w sk\u00f3rze, pobudzaj\u0105c jej naturalne procesy regeneracyjne.<\/li>\n<!-- \/wp:list-item -->\n\n<!-- wp:list-item -->\n<li><strong>Stymulacja kolagenu:<\/strong>&nbsp;Te mikrouszkodzenia inicjuj\u0105 intensywn\u0105 produkcj\u0119 kolagenu, elastyny i kwasu hialuronowego, co prowadzi do przebudowy sk\u00f3ry.<\/li>\n<!-- \/wp:list-item -->\n\n<!-- wp:list-item -->\n<li><strong>Penetracja substancji aktywnych:<\/strong>&nbsp;W trakcie zabiegu wprowadzane s\u0105 od\u017cywcze i regeneruj\u0105ce preparaty, kt\u00f3re dzi\u0119ki mikronak\u0142uciom g\u0142\u0119biej penetruj\u0105 sk\u00f3r\u0119.&nbsp;<\/li>\n<!-- \/wp:list-item --><\/ol>\n<!-- \/wp:list -->\n\n<!-- wp:paragraph -->\n<p><strong>Wskazania i efekty:<\/strong><\/p>\n<!-- \/wp:paragraph -->\n\n<!-- wp:list -->\n<ul><!-- wp:list-item -->\n<li><strong>J\u0119drno\u015b\u0107 i elastyczno\u015b\u0107:<\/strong>&nbsp;Sk\u00f3ra staje si\u0119 bardziej napi\u0119ta i elastyczna.<\/li>\n<!-- \/wp:list-item -->\n\n<!-- wp:list-item -->\n<li><strong>Redukcja blizn i rozst\u0119p\u00f3w:<\/strong>&nbsp;Nast\u0119puje sp\u0142ycenie i znaczne zmniejszenie ich widoczno\u015bci.<\/li>\n<!-- \/wp:list-item -->\n\n<!-- wp:list-item -->\n<li><strong>Poprawa kolorytu:<\/strong>&nbsp;Sk\u00f3ra odzyskuje zdrowy, promienny wygl\u0105d.<\/li>\n<!-- \/wp:list-item -->\n\n<!-- wp:list-item -->\n<li><strong>Zmniejszenie por\u00f3w:<\/strong>&nbsp;Widoczno\u015b\u0107 por\u00f3w sk\u00f3rnych jest redukowana.&nbsp;<\/li>\n<!-- \/wp:list-item --><\/ul>\n<!-- \/wp:list -->\n\n<!-- wp:paragraph -->\n<p><strong>Na czym polega zabieg?<\/strong><\/p>\n<!-- \/wp:paragraph -->\n\n<!-- wp:list -->\n<ul><!-- wp:list-item -->\n<li>Zabieg wykonywany jest za pomoc\u0105 jednorazowej sterylnie zapakowanej g\u0142owicy z 16 sterylnymi molibdenowymi igie\u0142kami, kt\u00f3re pulsuj\u0105 z du\u017c\u0105 cz\u0119stotliwo\u015bci\u0105.<\/li>\n<!-- \/wp:list-item -->\n\n<!-- wp:list-item -->\n<li>G\u0142\u0119boko\u015b\u0107 nak\u0142u\u0107 jest precyzyjnie dostosowywana (od 0,5 do 3 mm) do indywidualnych potrzeb sk\u00f3ry.\u00a0<\/li>\n<!-- \/wp:list-item --><\/ul>\n<!-- \/wp:list -->\n\n<!-- wp:paragraph -->\n<p><strong>Przeciwwskazania bezwzgl\u0119dne (nie mo\u017cna wykona\u0107 zabiegu):\u00a0<\/strong><\/p>\n<!-- \/wp:paragraph -->\n\n<!-- wp:list -->\n<ul><!-- wp:list-item -->\n<li><strong>Ci\u0105\u017ca i okres karmienia piersi\u0105<\/strong>&nbsp;.<\/li>\n<!-- \/wp:list-item -->\n\n<!-- wp:list-item -->\n<li><strong>Choroby nowotworowe<\/strong>&nbsp;.<\/li>\n<!-- \/wp:list-item -->\n\n<!-- wp:list-item -->\n<li><strong>Aktywne infekcje sk\u00f3rne<\/strong>:\u00a0(np.\u00a0aktywna opryszczka,\u00a0zapalny tr\u0105dzik).<\/li>\n<!-- \/wp:list-item -->\n\n<!-- wp:list-item -->\n<li><strong>Aktywny stan zapalny sk\u00f3ry<\/strong>\u00a0.<\/li>\n<!-- \/wp:list-item -->\n\n<!-- wp:list-item -->\n<li><strong>Alergia na sk\u0142adniki preparat\u00f3w stosowanych podczas zabiegu<\/strong><\/li>\n<!-- \/wp:list-item --><\/ul>\n<!-- \/wp:list -->\n\n<!-- wp:paragraph -->\n<p><strong>Porady praktyczne:<\/strong><\/p>\n<!-- \/wp:paragraph -->\n\n<!-- wp:list -->\n<ul><!-- wp:list-item -->\n<li><strong>Seria zabieg\u00f3w:<\/strong>&nbsp;Zaleca si\u0119 wykonanie serii 4-6 zabieg\u00f3w w odst\u0119pach oko\u0142o 3-4 tygodni, aby uzyska\u0107 optymalne efekty.<\/li>\n<!-- \/wp:list-item -->\n\n<!-- wp:list-item -->\n<li><strong>Piel\u0119gnacja domowa:<\/strong>&nbsp;Po zabiegu kluczowa jest pe\u0142na fotoprotekcja (stosowanie filtr\u00f3w SPF 50).<\/li>\n<!-- \/wp:list-item -->\n\n<!-- wp:list-item -->\n<li><strong>D\u0142ugo\u015b\u0107 efekt\u00f3w:<\/strong>\u00a0Efekty s\u0105 zauwa\u017calne niemal natychmiast, a pe\u0142na metamorfoza zachodzi stopniowo w ci\u0105gu kilku tygodni, kiedy sk\u00f3ra intensywnie produkuje kolagen.\u00a0<\/li>\n<!-- \/wp:list-item --><\/ul>\n<!-- \/wp:list -->\n\n<!-- wp:paragraph -->\n<p><strong>Cena zabiegu<\/strong>:<\/p>\n<!-- \/wp:paragraph -->\n\n<!-- wp:list -->\n<ul><!-- wp:list-item -->\n<li>twarz z szyj\u0105 600 z\u0142<\/li>\n<!-- \/wp:list-item -->\n\n<!-- wp:list-item -->\n<li>twarz z szyj\u0105 i dekoltem 1000 z\u0142<\/li>\n<!-- \/wp:list-item --><\/ul>\n<!-- \/wp:list -->","_et_gb_content_width":"","footnotes":""},"_links":{"self":[{"href":"https:\/\/harmonia-zmyslow.pl\/index.php\/wp-json\/wp\/v2\/pages\/473"}],"collection":[{"href":"https:\/\/harmonia-zmyslow.pl\/index.php\/wp-json\/wp\/v2\/pages"}],"about":[{"href":"https:\/\/harmonia-zmyslow.pl\/index.php\/wp-json\/wp\/v2\/types\/page"}],"author":[{"embeddable":true,"href":"https:\/\/harmonia-zmyslow.pl\/index.php\/wp-json\/wp\/v2\/users\/1"}],"replies":[{"embeddable":true,"href":"https:\/\/harmonia-zmyslow.pl\/index.php\/wp-json\/wp\/v2\/comments?post=473"}],"version-history":[{"count":23,"href":"https:\/\/harmonia-zmyslow.pl\/index.php\/wp-json\/wp\/v2\/pages\/473\/revisions"}],"predecessor-version":[{"id":1271,"href":"https:\/\/harmonia-zmyslow.pl\/index.php\/wp-json\/wp\/v2\/pages\/473\/revisions\/1271"}],"wp:attachment":[{"href":"https:\/\/harmonia-zmyslow.pl\/index.php\/wp-json\/wp\/v2\/media?parent=473"}],"curies":[{"name":"wp","href":"https:\/\/api.w.org\/{rel}","templated":true}]}}