{"id":43,"date":"2016-07-21T13:00:44","date_gmt":"2016-07-21T11:00:44","guid":{"rendered":"http:\/\/harmonia-zmyslow.pl\/?page_id=43"},"modified":"2025-10-08T11:42:42","modified_gmt":"2025-10-08T09:42:42","slug":"zdrowe-i-zadbane-stopy","status":"publish","type":"page","link":"https:\/\/harmonia-zmyslow.pl\/index.php\/zdrowe-i-zadbane-stopy\/","title":{"rendered":"zdrowe i zadbane stopy"},"content":{"rendered":"\n<p><\/p>\n\n\n<p style=\"text-align: justify;\"><strong>Od pewnego czasu obserwujemy , \u017ce piel\u0119gnacja st\u00f3p staje si\u0119 tak samo wa\u017cna jak np: twarzy czy d\u0142oni. Zadbane stopy staj\u0105 si\u0119 nasz\u0105 wizyt\u00f3wk\u0105, wp\u0142ywaj\u0105 na dobre samopoczucie a nawet dodaj\u0105 pewno\u015bci siebie. Dlatego ch\u0119tniej i cz\u0119\u015bciej je piel\u0119gnujemy i co wa\u017cne ju\u017c nie tylko latem, a przez ca\u0142y rok.<\/strong><\/p>\n<p><strong>\u00a0\u00a0\u00a0\u00a0\u00a0\u00a0\u00a0\u00a0\u00a0\u00a0\u00a0\u00a0\u00a0\u00a0\u00a0\u00a0\u00a0\u00a0\u00a0\u00a0\u00a0\u00a0\u00a0\u00a0\u00a0\u00a0\u00a0\u00a0\u00a0\u00a0\u00a0\u00a0\u00a0\u00a0\u00a0\u00a0\u00a0\u00a0\u00a0\u00a0\u00a0\u00a0\u00a0\u00a0\u00a0\u00a0\u00a0\u00a0\u00a0\u00a0\u00a0\u00a0\u00a0\u00a0\u00a0\u00a0\u00a0\u00a0\u00a0\u00a0\u00a0\u00a0\u00a0\u00a0\u00a0\u00a0\u00a0\u00a0\u00a0\u00a0\u00a0\u00a0\u00a0\u00a0\u00a0\u00a0 <\/strong><\/p>\n<h2 style=\"text-align: center;\"><strong>PEDICURE<\/strong><\/h2>\n<p>Podstawowy zabieg piel\u0119gnacyjny z k\u0105piel\u0105 st\u00f3p,\u00a0 nast\u0119pnie usuni\u0119ciem zrogowacia\u0142ego nask\u00f3rka za pomoc\u0105 jednorazowej tarki lub frezarki, ewentualnie zastosowanie preparatu kwasowego na zrogowacenia, peelingiem solnym, skr\u00f3cenie i opi\u0142owanie paznokci oraz usuni\u0119cie sk\u00f3rek. Po wykonaniu pedicure na stopy jest nak\u0142adany specjalnie dobrany do potrzeb sk\u00f3ry krem a paznokcie s\u0105 malowane lakierem lub \u017cellakierem.<\/p>\n<p style=\"text-align: right;\"><strong>\u00a0\u00a0\u00a0 \u00a0 \u00a0 \u00a0\u00a0\u00a0\u00a0\u00a0\u00a0\u00a0\u00a0\u00a0\u00a0\u00a0\u00a0\u00a0\u00a0\u00a0\u00a0\u00a0\u00a0\u00a0\u00a0\u00a0\u00a0\u00a0\u00a0\u00a0\u00a0\u00a0\u00a0\u00a0\u00a0\u00a0\u00a0\u00a0\u00a0\u00a0\u00a0\u00a0\u00a0\u00a0\u00a0\u00a0\u00a0\u00a0\u00a0\u00a0\u00a0\u00a0\u00a0\u00a0\u00a0\u00a0\u00a0\u00a0\u00a0\u00a0\u00a0\u00a0\u00a0\u00a0\u00a0\u00a0\u00a0\u00a0\u00a0\u00a0\u00a0\u00a0\u00a0\u00a0\u00a0\u00a0\u00a0\u00a0\u00a0\u00a0\u00a0\u00a0\u00a0\u00a0\u00a0\u00a0\u00a0\u00a0\u00a0\u00a0\u00a0\u00a0\u00a0\u00a0\u00a0\u00a0\u00a0\u00a0\u00a0\u00a0\u00a0\u00a0\u00a0\u00a0\u00a0\u00a0\u00a0\u00a0\u00a0\u00a0\u00a0\u00a0\u00a0\u00a0\u00a0\u00a0\u00a0\u00a0\u00a0\u00a0\u00a0\u00a0\u00a0\u00a0\u00a0\u00a0\u00a0\u00a0\u00a0\u00a0\u00a0\u00a0\u00a0\u00a0\u00a0\u00a0\u00a0\u00a0\u00a0\u00a0\u00a0\u00a0\u00a0\u00a0\u00a0\u00a0\u00a0\u00a0\u00a0\u00a0\u00a0\u00a0\u00a0\u00a0\u00a0\u00a0\u00a0\u00a0 Czas zabiegu 1,30 h<\/strong><\/p>\n<p style=\"text-align: right;\"><strong>\u00a0 \u00a0 \u00a0 \u00a0 \u00a0 \u00a0 \u00a0 \u00a0 \u00a0 \u00a0 \u00a0 \u00a0 \u00a0 \u00a0 \u00a0 \u00a0 \u00a0 \u00a0 \u00a0 \u00a0 \u00a0 \u00a0 \u00a0 \u00a0 \u00a0 \u00a0 \u00a0 \u00a0 \u00a0 \u00a0 \u00a0 \u00a0 \u00a0 \u00a0 \u00a0 \u00a0 \u00a0 \u00a0 \u00a0 \u00a0 \u00a0 \u00a0 \u00a0 \u00a0 \u00a0 \u00a0 \u00a0 \u00a0 \u00a0 \u00a0 \u00a0 \u00a0 \u00a0 \u00a0 \u00a0 \u00a0 \u00a0 \u00a0 \u00a0 \u00a0 \u00a0 \u00a0 \u00a0 \u00a0 \u00a0 \u00a0 \u00a0 \u00a0 \u00a0z lakierem Manucurist \u00a0<\/strong><\/p>\n<p style=\"text-align: right;\"><strong>lub\u00a0<\/strong><strong>z hybryd\u0105 180 z\u0142<\/strong><\/p>\n<p style=\"text-align: right;\"><b>paznokcie\u00a0<\/b><span style=\"font-weight: 600;\">hybrydowe 90 z\u0142<\/span><\/p>\n<p style=\"text-align: right;\"><b>paznokcie klasyczne Vinylux 80 z\u0142\u00a0<\/b><\/p>\n<div id=\"wp-footer\">\u00a0<\/div>","protected":false},"excerpt":{"rendered":"<p>Od pewnego czasu obserwujemy , \u017ce piel\u0119gnacja st\u00f3p staje si\u0119 tak samo wa\u017cna jak np: twarzy czy d\u0142oni. Zadbane stopy staj\u0105 si\u0119 nasz\u0105 wizyt\u00f3wk\u0105, wp\u0142ywaj\u0105 na dobre samopoczucie a nawet dodaj\u0105 pewno\u015bci siebie. Dlatego ch\u0119tniej i cz\u0119\u015bciej je piel\u0119gnujemy i co wa\u017cne ju\u017c nie tylko latem, a przez ca\u0142y rok. \u00a0\u00a0\u00a0\u00a0\u00a0\u00a0\u00a0\u00a0\u00a0\u00a0\u00a0\u00a0\u00a0\u00a0\u00a0\u00a0\u00a0\u00a0\u00a0\u00a0\u00a0\u00a0\u00a0\u00a0\u00a0\u00a0\u00a0\u00a0\u00a0\u00a0\u00a0\u00a0\u00a0\u00a0\u00a0\u00a0\u00a0\u00a0\u00a0\u00a0\u00a0\u00a0\u00a0\u00a0\u00a0\u00a0\u00a0\u00a0\u00a0\u00a0\u00a0\u00a0\u00a0\u00a0\u00a0\u00a0\u00a0\u00a0\u00a0\u00a0\u00a0\u00a0\u00a0\u00a0\u00a0\u00a0\u00a0\u00a0\u00a0\u00a0\u00a0\u00a0\u00a0\u00a0\u00a0\u00a0 PEDICURE Podstawowy zabieg piel\u0119gnacyjny [&hellip;]<\/p>\n","protected":false},"author":1,"featured_media":0,"parent":0,"menu_order":0,"comment_status":"closed","ping_status":"closed","template":"","meta":{"_et_pb_use_builder":"","_et_pb_old_content":"","_et_gb_content_width":"","footnotes":""},"_links":{"self":[{"href":"https:\/\/harmonia-zmyslow.pl\/index.php\/wp-json\/wp\/v2\/pages\/43"}],"collection":[{"href":"https:\/\/harmonia-zmyslow.pl\/index.php\/wp-json\/wp\/v2\/pages"}],"about":[{"href":"https:\/\/harmonia-zmyslow.pl\/index.php\/wp-json\/wp\/v2\/types\/page"}],"author":[{"embeddable":true,"href":"https:\/\/harmonia-zmyslow.pl\/index.php\/wp-json\/wp\/v2\/users\/1"}],"replies":[{"embeddable":true,"href":"https:\/\/harmonia-zmyslow.pl\/index.php\/wp-json\/wp\/v2\/comments?post=43"}],"version-history":[{"count":13,"href":"https:\/\/harmonia-zmyslow.pl\/index.php\/wp-json\/wp\/v2\/pages\/43\/revisions"}],"predecessor-version":[{"id":1134,"href":"https:\/\/harmonia-zmyslow.pl\/index.php\/wp-json\/wp\/v2\/pages\/43\/revisions\/1134"}],"wp:attachment":[{"href":"https:\/\/harmonia-zmyslow.pl\/index.php\/wp-json\/wp\/v2\/media?parent=43"}],"curies":[{"name":"wp","href":"https:\/\/api.w.org\/{rel}","templated":true}]}}