{"id":368,"date":"2016-11-14T14:12:11","date_gmt":"2016-11-14T13:12:11","guid":{"rendered":"http:\/\/harmonia-zmyslow.pl\/?page_id=368"},"modified":"2018-08-30T14:12:28","modified_gmt":"2018-08-30T12:12:28","slug":"piekne-brwi-i-rzesy-2","status":"publish","type":"page","link":"https:\/\/harmonia-zmyslow.pl\/index.php\/piekne-brwi-i-rzesy-2\/","title":{"rendered":"pi\u0119kne brwi i rz\u0119sy"},"content":{"rendered":"<p style=\"text-align: center;\"><a href=\"http:\/\/harmonia-zmyslow.pl\/index.php\/brwi-2\/\"><img loading=\"lazy\" decoding=\"async\" class=\"alignnone wp-image-369\" src=\"http:\/\/harmonia-zmyslow.pl\/wp-content\/uploads\/2016\/11\/pi\u0119kne-brwi-i-zalotne-rz\u0119sy-287x300.png\" alt=\"piekne-brwi-i-zalotne-rzesy\" width=\"200\" height=\"209\" srcset=\"https:\/\/harmonia-zmyslow.pl\/wp-content\/uploads\/2016\/11\/pi\u0119kne-brwi-i-zalotne-rz\u0119sy-287x300.png 287w, https:\/\/harmonia-zmyslow.pl\/wp-content\/uploads\/2016\/11\/pi\u0119kne-brwi-i-zalotne-rz\u0119sy.png 499w\" sizes=\"(max-width: 200px) 100vw, 200px\" \/><\/a>\u00a0<a href=\"http:\/\/harmonia-zmyslow.pl\/index.php\/przedluzanie\/\"><img loading=\"lazy\" decoding=\"async\" class=\"alignnone wp-image-370\" src=\"http:\/\/harmonia-zmyslow.pl\/wp-content\/uploads\/2016\/11\/przed\u0142u\u017canie-i-zag\u0119szczanie-rz\u0119s-287x300.png\" alt=\"przedluzanie-i-zageszczanie-rzes\" width=\"200\" height=\"209\" srcset=\"https:\/\/harmonia-zmyslow.pl\/wp-content\/uploads\/2016\/11\/przed\u0142u\u017canie-i-zag\u0119szczanie-rz\u0119s-287x300.png 287w, https:\/\/harmonia-zmyslow.pl\/wp-content\/uploads\/2016\/11\/przed\u0142u\u017canie-i-zag\u0119szczanie-rz\u0119s.png 499w\" sizes=\"(max-width: 200px) 100vw, 200px\" \/><\/a>\u00a0<a href=\"http:\/\/harmonia-zmyslow.pl\/index.php\/lash-lifting-od-secret-lashes\/\"><img loading=\"lazy\" decoding=\"async\" class=\"alignnone wp-image-604 \" src=\"http:\/\/harmonia-zmyslow.pl\/wp-content\/uploads\/2016\/11\/ll.png\" alt=\"ll\" width=\"218\" height=\"216\" srcset=\"https:\/\/harmonia-zmyslow.pl\/wp-content\/uploads\/2016\/11\/ll.png 556w, https:\/\/harmonia-zmyslow.pl\/wp-content\/uploads\/2016\/11\/ll-150x150.png 150w, https:\/\/harmonia-zmyslow.pl\/wp-content\/uploads\/2016\/11\/ll-300x298.png 300w\" sizes=\"(max-width: 218px) 100vw, 218px\" \/><\/a><\/p>\n<p>&nbsp;<\/p>\n<p>&nbsp;<\/p>\n<p>&nbsp;<\/p>\n","protected":false},"excerpt":{"rendered":"<p>\u00a0\u00a0 &nbsp; &nbsp; &nbsp;<\/p>\n","protected":false},"author":1,"featured_media":0,"parent":0,"menu_order":0,"comment_status":"closed","ping_status":"closed","template":"","meta":{"_et_pb_use_builder":"","_et_pb_old_content":"","_et_gb_content_width":"","footnotes":""},"_links":{"self":[{"href":"https:\/\/harmonia-zmyslow.pl\/index.php\/wp-json\/wp\/v2\/pages\/368"}],"collection":[{"href":"https:\/\/harmonia-zmyslow.pl\/index.php\/wp-json\/wp\/v2\/pages"}],"about":[{"href":"https:\/\/harmonia-zmyslow.pl\/index.php\/wp-json\/wp\/v2\/types\/page"}],"author":[{"embeddable":true,"href":"https:\/\/harmonia-zmyslow.pl\/index.php\/wp-json\/wp\/v2\/users\/1"}],"replies":[{"embeddable":true,"href":"https:\/\/harmonia-zmyslow.pl\/index.php\/wp-json\/wp\/v2\/comments?post=368"}],"version-history":[{"count":8,"href":"https:\/\/harmonia-zmyslow.pl\/index.php\/wp-json\/wp\/v2\/pages\/368\/revisions"}],"predecessor-version":[{"id":610,"href":"https:\/\/harmonia-zmyslow.pl\/index.php\/wp-json\/wp\/v2\/pages\/368\/revisions\/610"}],"wp:attachment":[{"href":"https:\/\/harmonia-zmyslow.pl\/index.php\/wp-json\/wp\/v2\/media?parent=368"}],"curies":[{"name":"wp","href":"https:\/\/api.w.org\/{rel}","templated":true}]}}