{"id":357,"date":"2016-11-14T14:01:27","date_gmt":"2016-11-14T13:01:27","guid":{"rendered":"http:\/\/harmonia-zmyslow.pl\/?page_id=357"},"modified":"2025-10-08T11:41:05","modified_gmt":"2025-10-08T09:41:05","slug":"piekne-dlonie-i-paznokcie-2","status":"publish","type":"page","link":"https:\/\/harmonia-zmyslow.pl\/index.php\/piekne-dlonie-i-paznokcie-2\/","title":{"rendered":"pi\u0119kne d\u0142onie i paznokcie"},"content":{"rendered":"<p style=\"text-align: justify;\">\n<p style=\"text-align: justify;\"><strong>Kiedy na powitanie podajemy komu\u015b d\u0142o\u0144, to tak, jakby\u015bmy wr\u0119czali mu swoj\u0105 wizyt\u00f3wk\u0119. zadbaj wi\u0119c, aby sk\u00f3ra r\u0105k by\u0142a zawsze g\u0142adka, a paznokcie zdrowe, l\u015bni\u0105ce i zadbane.<\/strong><\/p>\n<h3 style=\"text-align: justify;\"><img loading=\"lazy\" decoding=\"async\" class=\"size-medium wp-image-362 aligncenter\" src=\"http:\/\/harmonia-zmyslow.pl\/wp-content\/uploads\/2016\/11\/manicure-japo\u0144ski-\u2013-polecamy-287x300.png\" alt=\"manicure-japonski-polecamy\" width=\"287\" height=\"300\" srcset=\"https:\/\/harmonia-zmyslow.pl\/wp-content\/uploads\/2016\/11\/manicure-japo\u0144ski-\u2013-polecamy-287x300.png 287w, https:\/\/harmonia-zmyslow.pl\/wp-content\/uploads\/2016\/11\/manicure-japo\u0144ski-\u2013-polecamy.png 499w\" sizes=\"(max-width: 287px) 100vw, 287px\" \/><\/h3>\n<p style=\"text-align: justify;\">to metoda, kt\u00f3ra wzmacnia naturalne paznokcie nadaj\u0105c im r\u00f3wnocze\u015bnie po\u0142ysk. zawarte w manikiurze japo\u0144skim witaminy a, e, h, prowitamina b5, keratyna, py\u0142ek pszczeli i krzemionka z morza martwego wzmacniaj\u0105 p\u0142ytk\u0119 paznokcia. technologia p. shine pobudza kr\u0105\u017cenie krwi, wspiera zdrowy wzrost paznokci prowadzi do ich wzmocnienia i wzbogaca w wa\u017cne witaminy zapobiega \u0142uszczeniu i rozdwajaniu si\u0119 p\u0142ytki paznokcia.<\/p>\n<p style=\"text-align: justify;\"><u>dla kogo wskazany jest manicure japo\u0144ski?<\/u><\/p>\n<h4 style=\"text-align: justify;\">p. shine manicure japo\u0144ski zalecany jest na paznokcie \u0142amliwe o nier\u00f3wnej powierzchni z rozdwajaj\u0105c\u0105 si\u0119 p\u0142ytk\u0105. ka\u017cdy m\u0119\u017cczyzna, kt\u00f3ry ceni sobie zadbany wygl\u0105d, powinien si\u0119 na niego zdecydowa\u0107!<\/h4>\n<p style=\"text-align: justify;\"><u>na czym polega zabieg?<\/u><\/p>\n<p style=\"text-align: justify;\">zabieg polega na wmasowaniu pasty w p\u0142ytk\u0119 paznokcia.skoncentrowane sk\u0142adniki i witaminy wi\u0105\u017c\u0105 wod\u0119, u\u0142atwiaj\u0105c przenikanie substancji od\u017cywczych. g\u0142\u00f3wnym zadaniem pasty jest g\u0142\u0119boko od\u017cywi\u0107 p\u0142ytk\u0119 paznokcia. na\u0142o\u017con\u0105 past\u0119 zabezpieczamy wcieraj\u0105c w p\u0142ytk\u0119 paznokcia puder. powoduje on zatrzymanie sk\u0142adnik\u00f3w zawartych w pa\u015bcie i chroni przed szybkim ich wyp\u0142ukaniem z paznokcia. jednocze\u015bnie p\u0142ytka zabezpieczona jest przed detergentami i wod\u0105. dodatkowym efektem jest \u0142adny, jedwabisty po\u0142ysk, kt\u00f3ry utrzymuje si\u0119 do 2 tygodni.<\/p>\n<p style=\"text-align: justify;\"><u>jakie s\u0105 zalecenia po manikiurze japo\u0144skim?<\/u><\/p>\n<p style=\"text-align: justify;\">po wykonaniu zabiegu nie jest wskazane malowanie paznokci 4-5 dni.<\/p>\n<p style=\"text-align: right;\"><strong>cena zabiegu 70 z\u0142<\/strong><\/p>\n<p style=\"text-align: justify;\">\u00a0\u00a0\u00a0<img loading=\"lazy\" decoding=\"async\" class=\"size-medium wp-image-361 aligncenter\" src=\"http:\/\/harmonia-zmyslow.pl\/wp-content\/uploads\/2016\/11\/manicure-expresowy-287x300.png\" alt=\"manicure-expresowy\" width=\"287\" height=\"300\" srcset=\"https:\/\/harmonia-zmyslow.pl\/wp-content\/uploads\/2016\/11\/manicure-expresowy-287x300.png 287w, https:\/\/harmonia-zmyslow.pl\/wp-content\/uploads\/2016\/11\/manicure-expresowy.png 499w\" sizes=\"(max-width: 287px) 100vw, 287px\" \/><\/p>\n<p style=\"text-align: justify;\">\u00a0Czyli klasyczny zabieg piel\u0119gnacyjny paznokci, obejmuje zmi\u0119kczenie i usuni\u0119cie sk\u00f3rek, opi\u0142owanie i pomalowanie paznokci lakierami Manucurist<\/p>\n<p style=\"text-align: right;\"><strong>czas zabiegu 60 minut<\/strong><\/p>\n<p style=\"text-align: right;\"><strong>cena zabiegu 80 z\u0142<\/strong><\/p>\n<p style=\"text-align: justify;\"><img loading=\"lazy\" decoding=\"async\" class=\"size-medium wp-image-360 aligncenter\" src=\"http:\/\/harmonia-zmyslow.pl\/wp-content\/uploads\/2016\/11\/kolorowy-lakiero\u017cel-287x300.png\" alt=\"kolorowy-lakierozel\" width=\"287\" height=\"300\" srcset=\"https:\/\/harmonia-zmyslow.pl\/wp-content\/uploads\/2016\/11\/kolorowy-lakiero\u017cel-287x300.png 287w, https:\/\/harmonia-zmyslow.pl\/wp-content\/uploads\/2016\/11\/kolorowy-lakiero\u017cel.png 499w\" sizes=\"(max-width: 287px) 100vw, 287px\" \/><\/p>\n<p style=\"text-align: justify;\">Bardzo wygodna, naturalnie wygl\u0105daj\u0105ca metoda zapewniaj\u0105ca zadbany wygl\u0105d paznokci przez d\u0142ugi czas.<\/p>\n<p style=\"text-align: justify;\"><strong>\u00a0lakiero\u017cele s\u0105:<\/strong><\/p>\n<p style=\"text-align: justify;\">-\u0142atwe do na\u0142o\u017cenia i zapewniaj\u0105 g\u0142adki, elegancki i nieskazitelny efekt,<\/p>\n<p style=\"text-align: justify;\">-paznokcie wygl\u0105daj\u0105 jak pomalowane zwyk\u0142ym lakierem z idealnym po\u0142yskiem,<\/p>\n<p style=\"text-align: justify;\">-wyst\u0119puj\u0105 w wielu odcieniach od czerwieni do bieli (french),<\/p>\n<p style=\"text-align: justify;\">-eliminuj\u0105 problem odpryskiwania lakieru na okres 2-3 tygodni,<\/p>\n<p style=\"text-align: justify;\">-idealne na specjalne okazje, takie jak \u015blub; \u015bwietnie r\u00f3wnie\u017c na wakacje i d\u0142u\u017csze wyjazdy,<\/p>\n<p style=\"text-align: right;\"><strong>czas zabiegu oko\u0142o 60-90 minut<\/strong><\/p>\n<p style=\"text-align: right;\"><strong>manicure hybrydowy 120 z\u0142<\/strong><\/p>\n<p style=\"text-align: right;\"><strong>manicure hybrydowy z nadbudow\u0105 baz\u0105 130 z\u0142<\/strong><\/p>\n<p style=\"text-align: right;\"><strong>manicure hybrydowy z \u017celem na naturalnej p\u0142ytce 140 z\u0142<\/strong><\/p>\n<p style=\"text-align: right;\"><strong>ombre\/ Babyboomer\/ French od 20 z\u0142<\/strong><\/p>\n<p style=\"text-align: right;\"><strong>zdobienia od 5 z\u0142<\/strong><\/p>\n<p style=\"text-align: right;\"><strong>usuni\u0119cie hybrydy 40 z\u0142<\/strong><\/p>\n<p style=\"text-align: justify;\"><img loading=\"lazy\" decoding=\"async\" class=\"size-medium wp-image-364 aligncenter\" src=\"http:\/\/harmonia-zmyslow.pl\/wp-content\/uploads\/2016\/11\/paznokcie-\u017celowe-287x300.png\" alt=\"paznokcie-zelowe\" width=\"287\" height=\"300\" srcset=\"https:\/\/harmonia-zmyslow.pl\/wp-content\/uploads\/2016\/11\/paznokcie-\u017celowe-287x300.png 287w, https:\/\/harmonia-zmyslow.pl\/wp-content\/uploads\/2016\/11\/paznokcie-\u017celowe.png 499w\" sizes=\"(max-width: 287px) 100vw, 287px\" \/><\/p>\n<p style=\"text-align: right;\"><strong>przed\u0142u\u017canie \u017celem lub akrylo\u017celem 180 z\u0142<\/strong><\/p>\n<p style=\"text-align: right;\"><strong>korekta 150 z\u0142<\/strong><\/p>\n<p style=\"text-align: right;\"><strong>usuni\u0119cie \u017celu lub akrylo\u017celu 60 z\u0142<\/strong><\/p>\n<p style=\"text-align: right;\"><strong>ombre\/ Babyboomer\/ French od 20 z\u0142<\/strong><\/p>\n<p style=\"text-align: right;\"><strong>zdobienia od 5 z\u0142<\/strong><\/p>\n<h3 style=\"text-align: justify;\"><\/h3>\n<p style=\"text-align: right;\">\n","protected":false},"excerpt":{"rendered":"<p>Kiedy na powitanie podajemy komu\u015b d\u0142o\u0144, to tak, jakby\u015bmy wr\u0119czali mu swoj\u0105 wizyt\u00f3wk\u0119. zadbaj wi\u0119c, aby sk\u00f3ra r\u0105k by\u0142a zawsze g\u0142adka, a paznokcie zdrowe, l\u015bni\u0105ce i zadbane. to metoda, kt\u00f3ra wzmacnia naturalne paznokcie nadaj\u0105c im r\u00f3wnocze\u015bnie po\u0142ysk. zawarte w manikiurze japo\u0144skim witaminy a, e, h, prowitamina b5, keratyna, py\u0142ek pszczeli i krzemionka z morza martwego [&hellip;]<\/p>\n","protected":false},"author":1,"featured_media":0,"parent":0,"menu_order":0,"comment_status":"closed","ping_status":"closed","template":"","meta":{"_et_pb_use_builder":"","_et_pb_old_content":"","_et_gb_content_width":"","footnotes":""},"_links":{"self":[{"href":"https:\/\/harmonia-zmyslow.pl\/index.php\/wp-json\/wp\/v2\/pages\/357"}],"collection":[{"href":"https:\/\/harmonia-zmyslow.pl\/index.php\/wp-json\/wp\/v2\/pages"}],"about":[{"href":"https:\/\/harmonia-zmyslow.pl\/index.php\/wp-json\/wp\/v2\/types\/page"}],"author":[{"embeddable":true,"href":"https:\/\/harmonia-zmyslow.pl\/index.php\/wp-json\/wp\/v2\/users\/1"}],"replies":[{"embeddable":true,"href":"https:\/\/harmonia-zmyslow.pl\/index.php\/wp-json\/wp\/v2\/comments?post=357"}],"version-history":[{"count":9,"href":"https:\/\/harmonia-zmyslow.pl\/index.php\/wp-json\/wp\/v2\/pages\/357\/revisions"}],"predecessor-version":[{"id":1132,"href":"https:\/\/harmonia-zmyslow.pl\/index.php\/wp-json\/wp\/v2\/pages\/357\/revisions\/1132"}],"wp:attachment":[{"href":"https:\/\/harmonia-zmyslow.pl\/index.php\/wp-json\/wp\/v2\/media?parent=357"}],"curies":[{"name":"wp","href":"https:\/\/api.w.org\/{rel}","templated":true}]}}