{"id":351,"date":"2016-11-14T13:46:25","date_gmt":"2016-11-14T12:46:25","guid":{"rendered":"http:\/\/harmonia-zmyslow.pl\/?page_id=351"},"modified":"2024-09-04T09:53:24","modified_gmt":"2024-09-04T07:53:24","slug":"makijaz","status":"publish","type":"page","link":"https:\/\/harmonia-zmyslow.pl\/index.php\/makijaz\/","title":{"rendered":"makija\u017c"},"content":{"rendered":"<div style=\"text-align: center;\">Zanim zapoznasz si\u0119 z ofert\u0105 przeczytaj regulamin!<\/div>\n<p style=\"text-align: center;\"><a href=\"http:\/\/harmonia-zmyslow.pl\/index.php\/regulamin-makijaz\/\"><img loading=\"lazy\" decoding=\"async\" class=\"alignnone wp-image-578\" src=\"http:\/\/harmonia-zmyslow.pl\/wp-content\/uploads\/2016\/11\/justix-297x300.png\" alt=\"justix\" width=\"270\" height=\"273\" srcset=\"https:\/\/harmonia-zmyslow.pl\/wp-content\/uploads\/2016\/11\/justix-297x300.png 297w, https:\/\/harmonia-zmyslow.pl\/wp-content\/uploads\/2016\/11\/justix.png 592w\" sizes=\"(max-width: 270px) 100vw, 270px\" \/><\/a><\/p>\n<p style=\"text-align: center;\"><strong>Dla wszystkich kobiet, kt\u00f3re ceni\u0105 pi\u0119kno i wygod\u0119.<br \/>\nPragniecie wygl\u0105da\u0107 pi\u0119knie i m\u0142odo o ka\u017cdej porze dnia i nocy? &#8230;z perfekcyjnym makija\u017cem? &#8230;bardziej pewne siebie i zrelaksowane?<br \/>\nW zale\u017cno\u015bci od okoliczno\u015bci powinni\u015bmy odpowiednio dobra\u0107 sw\u00f3j makija\u017c. Dobry makija\u017c to podstawa dobrego samopoczucia i pewno\u015bci siebie w r\u00f3\u017cnych okoliczno\u015bciach, nieodzowny element kobiecej urody.<\/strong><\/p>\n<p style=\"text-align: justify;\"><strong>\u00a0\u00a0\u00a0<\/strong><\/p>\n<p style=\"text-align: justify;\"><strong>Warto przygotowa\u0107 twarz do makija\u017cu korzystaj\u0105c z odpowiednich do naszej cery zabieg\u00f3w.<\/strong> Je\u015bli niedoskona\u0142o\u015bci naszej cery s\u0105 widoczne, to mo\u017cemy zaleci\u0107 na przyk\u0142ad z\u0142uszczanie kwasami, ale te nale\u017cy wykonywa\u0107 du\u017co wcze\u015bniej, najlepiej w okresie jesiennym lub wiosennym. By cer\u0119 od\u015bwie\u017cy\u0107, odpowiednie mog\u0105 by\u0107 r\u00f3\u017cnego rodzaju peelingi i maski algowe. Warto te\u017c pomy\u015ble\u0107 o zabiegu oczyszczania twarzy, ale nie p\u00f3\u017aniej ni\u017c trzy tygodnie przed \u015blubem. Nale\u017cy te\u017c pami\u0119ta\u0107 o regulacji brwi ( najlepiej kilka dni przed) oraz, je\u015bli to koniecznie, o depilacji w\u0105sika ( najlepiej dwa tygodnie wcze\u015bniej, gdy\u017c mo\u017ce wyst\u0105pi\u0107 zapalenie mieszk\u00f3w w\u0142osowych, kt\u00f3re pojawia si\u0119 kilka dni po depilacji i znika r\u00f3wnie\u017c po kilku dniach, a objawia si\u0119 krostkami, kt\u00f3re bardzo trudno przykry\u0107 makija\u017cem). Twarz powinna by\u0107 nawil\u017cona i wypocz\u0119ta.<strong><\/p>\n<p><\/strong><\/p>\n<p style=\"text-align: justify;\">\n<img loading=\"lazy\" decoding=\"async\" class=\"size-medium wp-image-354 aligncenter\" src=\"http:\/\/harmonia-zmyslow.pl\/wp-content\/uploads\/2016\/11\/makija\u017c-wieczorowy-287x300.png\" alt=\"makijaz-wieczorowy\" width=\"287\" height=\"300\" srcset=\"https:\/\/harmonia-zmyslow.pl\/wp-content\/uploads\/2016\/11\/makija\u017c-wieczorowy-287x300.png 287w, https:\/\/harmonia-zmyslow.pl\/wp-content\/uploads\/2016\/11\/makija\u017c-wieczorowy.png 499w\" sizes=\"(max-width: 287px) 100vw, 287px\" \/><\/p>\n<p style=\"text-align: justify;\">Bale studni\u00f3wkowe, po\u0142owinki, imprezy u znajomych&#8230; w karnawale okazji na makija\u017c wieczorowy jest wiele.<\/p>\n<p style=\"text-align: justify;\">Makija\u017c wieczorowy powinien by\u0107 wyrazisty. Wa\u017cny jest wi\u0119c akcent &#8211; na oczy, usta lub na jedno i drugie (chocia\u017c ten ostatni sprawdza si\u0119 najlepiej przy wyrazistym typie urody). My stawiamy w tym sezonie na oczy i makija\u017ce wieczorowe, kt\u00f3re je podkre\u015blaj\u0105.<\/p>\n<p style=\"text-align: justify;\"><strong>\u00a0<\/strong><\/p>\n<p style=\"text-align: justify;\"><strong>Cena makija\u017cu 200 z\u0142<\/strong><\/p>\n<p style=\"text-align: justify;\"><strong>Czas wykonania makija\u017cu oko\u0142o \u00a0godziny<\/strong><\/p>\n<p style=\"text-align: justify;\"><strong><img loading=\"lazy\" decoding=\"async\" class=\"size-medium wp-image-353 aligncenter\" src=\"http:\/\/harmonia-zmyslow.pl\/wp-content\/uploads\/2016\/11\/makija\u017c-\u015blubny-287x300.png\" alt=\"makijaz-slubny\" width=\"287\" height=\"300\" srcset=\"https:\/\/harmonia-zmyslow.pl\/wp-content\/uploads\/2016\/11\/makija\u017c-\u015blubny-287x300.png 287w, https:\/\/harmonia-zmyslow.pl\/wp-content\/uploads\/2016\/11\/makija\u017c-\u015blubny.png 499w\" sizes=\"(max-width: 287px) 100vw, 287px\" \/><\/strong><\/p>\n<p style=\"text-align: justify;\"><strong>Makija\u017c \u015blubny wbrew pozorom nie jest prosty &#8211; \u0142\u0105czy w sobie cechy makija\u017cu dziennego, fotograficznego i wieczorowego<\/strong>. \u015alub zazwyczaj ma miejsce w godzinach po\u0142udniowych b\u0105d\u017a popo\u0142udniowych, czyli w \u015bwietle dziennym. Wa\u017cne zatem jest to, aby kolorystyka nie by\u0142a zbyt intensywna, by makija\u017c by\u0142 do\u015b\u0107 subtelny i jednocze\u015bnie podkre\u015bla\u0142 np. pi\u0119kne oczy panny m\u0142odej czy \u0142adne, pe\u0142ne usta.<\/p>\n<p style=\"text-align: justify;\">Warto te\u017c pami\u0119ta\u0107 o tym, \u017ce <strong>pi\u0119knie prezentuj\u0105 si\u0119 wszelkie pudry roz\u015bwietlaj\u0105ce<\/strong>, na\u0142o\u017cone w odpowiednich partiach twarzy, kt\u00f3rych drobinki mieni\u0105 si\u0119 w \u015bwietle s\u0142o\u0144ca. K\u0142\u00f3ci si\u0119 to troch\u0119 z poj\u0119ciem makija\u017cu fotograficznego, kt\u00f3ry powinien by\u0107 matowy oraz mocniejszy, gdy\u017c na zdj\u0119ciach, kt\u00f3re niew\u0105tpliwie s\u0105 wykonywane podczas uroczysto\u015bci <strong>makija\u017c zawsze wygl\u0105da na l\u017cejszy ni\u017c jest. <\/strong><\/p>\n<p style=\"text-align: justify;\">Wykonuj\u0105c makija\u017c \u015blubny zawsze bior\u0119 pod uwag\u0119 to, jakie panna m\u0142oda ma podej\u015bcie do niego, jak si\u0119 w nim czuje, czy lubi si\u0119 malowa\u0107 czy mo\u017ce stawia na 100% naturalno\u015bci, czyli <strong>make up &#8222;no make up&#8221;<\/strong>, kt\u00f3ry te\u017c jest bardzo popularny. Bior\u0105c to wszystko pod uwag\u0119 mo\u017cna przyst\u0105pi\u0107 do odpowiedniego makija\u017cu, kt\u00f3ry <strong>ma za zadanie podkre\u015bli\u0107 naturalne pi\u0119kno, wydoby\u0107 to, co najlepsze, w miar\u0119 mo\u017cliwo\u015bci ukry\u0107 mankamenty<\/strong>. Powinien te\u017c pasowa\u0107 do panny m\u0142odej nie tylko pod wzgl\u0119dem typu kolorystycznego, ale te\u017c pod wzgl\u0119dem charakteru. A o tym bardzo szybko mo\u017cna si\u0119 przekona\u0107 rozmawiaj\u0105c o kreacji i dodatkach na ten specjalny dzie\u0144.<\/p>\n<p style=\"text-align: justify;\"><strong>M<\/strong><strong>akija\u017c \u015blubny powinien by\u0107 mocny czy delikatny<\/strong><strong>?<\/strong> Z zasady powinien by\u0107 subtelny, ale widoczny i w stonowanych odcieniach, raczej matowy, cho\u0107 z delikatnym roz\u015bwietleniem poszczeg\u00f3lnych partii twarzy. Bezpieczniej podkre\u015bli\u0107 oczy ni\u017c usta i nale\u017cy pami\u0119ta\u0107 o najwa\u017cniejszej zasadzie, \u017ce co za du\u017co to niezdrowo. Je\u015bli jednak upieramy si\u0119 na przyk\u0142ad na usta w odcieniach maliny, to oko powinno by\u0107 ju\u017c jasne i stonowane.<\/p>\n<p style=\"text-align: justify;\"><strong>Bazy spowoduj\u0105, \u017ce makija\u017c b\u0119dzie trwalszy i d\u0142u\u017cej utrzyma\u00a0si\u0119 na twarzy.<\/strong> \u015awietnie sprawdzaj\u0105 si\u0119 tak\u017ce pudry fixuj\u0105ce oraz fixery w spray&#8217;u kt\u00f3re utrwal\u0105 makija\u017c na wiele godzin.<\/p>\n<p style=\"text-align: justify;\"><strong>Dzie\u0144 \u015blubu to nie jest czas na eksperymenty<\/strong>. Warto postawi\u0107 na makija\u017c naturalny, ale podkre\u015blaj\u0105cy urod\u0119 panny m\u0142odej. Cz\u0119sto spotykam si\u0119 z pro\u015bb\u0105, by wykona\u0107 taki makija\u017c by tego dnia wygl\u0105da\u0107 nieco inaczej i ol\u015bni\u0107 przyby\u0142ych go\u015bci. By to zrobi\u0107, czasem wystarczy przyklei\u0107 k\u0119pki rz\u0119s lub doda\u0107 uroku odpowiednim odcieniem r\u00f3\u017cu. Nie warto eksperymentowa\u0107 z egzotycznymi makija\u017cami chyba, \u017ce kreacja oraz charakter \u015blubu na to pozwalaj\u0105.<\/p>\n<p style=\"text-align: justify;\"><strong>Warto um\u00f3wi\u0107 si\u0119\u00a0na makija\u017c pr\u00f3bny<\/strong> z kilku, wa\u017cnych powod\u00f3w. Zaoszcz\u0119dzi nam to dodatkowego stresu w dniu \u015blubu. Podczas pr\u00f3by dobieramy kolorystyk\u0119 uwzgl\u0119dniaj\u0105c dodatki do sukni, typ kolorystyczny panny m\u0142odej oraz jej preferencje. Mo\u017cna w\u00f3wczas te\u017c uwypukli\u0107 charakter panny m\u0142odej pokazuj\u0105c, \u017ce jest na przyk\u0142ad osob\u0105 odwa\u017cn\u0105, szalon\u0105, ekscentryczn\u0105 lub przeciwnie: spokojn\u0105, delikatn\u0105 i stonowan\u0105. Wa\u017cne, by makija\u017c by\u0142 naturalnym uzupe\u0142nieniem, a nie rzucaj\u0105cym si\u0119 w oczy elementem ca\u0142o\u015bci. Poza tym makija\u017c pr\u00f3bny pozwoli nam sprawdzi\u0107 czy nie wyst\u0119puj\u0105 reakcje alergiczne na u\u017cyte kosmetyki i zaoszcz\u0119dzi nieprzyjemnych ewentualnych objaw\u00f3w w dniu \u015blubu.<\/p>\n<p style=\"text-align: justify;\"><strong>Taka pr\u00f3ba to nie tylko sam make up, ale te\u017c rozmowa dotycz\u0105ca oczekiwa\u0107 panny m\u0142odej, <\/strong>doradzenie jej lub wzi\u0119cie pod uwag\u0119 ciekawych pomys\u0142\u00f3w, gdy\u017c najwa\u017cniejszy jest efekt ko\u0144cowy oraz to, by panna m\u0142oda dobrze czu\u0142a si\u0119 w makija\u017cu. Makija\u017c pr\u00f3bny jest potrzebny, by razem zastanowi\u0107 si\u0119 nad ewentualn\u0105 modyfikacj\u0105, zobaczy\u0107 jak prezentuje si\u0119 na zdj\u0119ciach, sprawdzi\u0107 wytrzyma\u0142o\u015b\u0107 makija\u017cu i na co zwr\u00f3ci\u0107 szczeg\u00f3ln\u0105 uwag\u0119 przy jego utrwalaniu.<\/p>\n<p style=\"text-align: justify;\"><strong>Cena makija\u017cu 250 z\u0142\u00a0<\/strong><\/p>\n<p style=\"text-align: justify;\"><strong>Czas wykonania makija\u017cu oko\u0142o 1 godziny<\/strong><\/p>\n","protected":false},"excerpt":{"rendered":"<p>Zanim zapoznasz si\u0119 z ofert\u0105 przeczytaj regulamin! Dla wszystkich kobiet, kt\u00f3re ceni\u0105 pi\u0119kno i wygod\u0119. Pragniecie wygl\u0105da\u0107 pi\u0119knie i m\u0142odo o ka\u017cdej porze dnia i nocy? &#8230;z perfekcyjnym makija\u017cem? &#8230;bardziej pewne siebie i zrelaksowane? W zale\u017cno\u015bci od okoliczno\u015bci powinni\u015bmy odpowiednio dobra\u0107 sw\u00f3j makija\u017c. Dobry makija\u017c to podstawa dobrego samopoczucia i pewno\u015bci siebie w r\u00f3\u017cnych okoliczno\u015bciach, [&hellip;]<\/p>\n","protected":false},"author":1,"featured_media":0,"parent":0,"menu_order":0,"comment_status":"closed","ping_status":"closed","template":"","meta":{"_et_pb_use_builder":"","_et_pb_old_content":"","_et_gb_content_width":"","footnotes":""},"_links":{"self":[{"href":"https:\/\/harmonia-zmyslow.pl\/index.php\/wp-json\/wp\/v2\/pages\/351"}],"collection":[{"href":"https:\/\/harmonia-zmyslow.pl\/index.php\/wp-json\/wp\/v2\/pages"}],"about":[{"href":"https:\/\/harmonia-zmyslow.pl\/index.php\/wp-json\/wp\/v2\/types\/page"}],"author":[{"embeddable":true,"href":"https:\/\/harmonia-zmyslow.pl\/index.php\/wp-json\/wp\/v2\/users\/1"}],"replies":[{"embeddable":true,"href":"https:\/\/harmonia-zmyslow.pl\/index.php\/wp-json\/wp\/v2\/comments?post=351"}],"version-history":[{"count":10,"href":"https:\/\/harmonia-zmyslow.pl\/index.php\/wp-json\/wp\/v2\/pages\/351\/revisions"}],"predecessor-version":[{"id":1100,"href":"https:\/\/harmonia-zmyslow.pl\/index.php\/wp-json\/wp\/v2\/pages\/351\/revisions\/1100"}],"wp:attachment":[{"href":"https:\/\/harmonia-zmyslow.pl\/index.php\/wp-json\/wp\/v2\/media?parent=351"}],"curies":[{"name":"wp","href":"https:\/\/api.w.org\/{rel}","templated":true}]}}