{"id":235,"date":"2016-08-30T12:24:01","date_gmt":"2016-08-30T10:24:01","guid":{"rendered":"http:\/\/harmonia-zmyslow.pl\/?page_id=235"},"modified":"2016-08-30T12:24:01","modified_gmt":"2016-08-30T10:24:01","slug":"depilacja-pasta-cukrowa","status":"publish","type":"page","link":"https:\/\/harmonia-zmyslow.pl\/index.php\/depilacja-pasta-cukrowa\/","title":{"rendered":"DEPILACJA PAST\u0104 CUKROW\u0105"},"content":{"rendered":"<div id=\"art-main\">\n<div class=\"art-sheet clearfix\">\n<div class=\"art-layout-wrapper\">\n<div class=\"art-content-layout\">\n<div class=\"art-content-layout-row\">\n<div class=\"art-layout-cell art-content\">\n<article id=\"post-23\" class=\"art-post art-article  post-23 page type-page status-publish hentry\">\n<div class=\"art-postcontent clearfix\">\n<p><img loading=\"lazy\" decoding=\"async\" class=\"alignnone size-medium wp-image-228 aligncenter\" src=\"http:\/\/harmonia-zmyslow.pl\/wp-content\/uploads\/2016\/07\/depilacja-cukrem-287x300.png\" alt=\"depilacja cukrem\" width=\"287\" height=\"300\" srcset=\"https:\/\/harmonia-zmyslow.pl\/wp-content\/uploads\/2016\/07\/depilacja-cukrem-287x300.png 287w, https:\/\/harmonia-zmyslow.pl\/wp-content\/uploads\/2016\/07\/depilacja-cukrem.png 499w\" sizes=\"(max-width: 287px) 100vw, 287px\" \/><\/p>\n<p>Jest nowoczesn\u0105 wersj\u0105 stosowanej przez kobiety z Bliskiego Wschodu od stuleci substancji i techniki depilacyjnej.<\/p>\n<p>Dzi\u0119ki zmodernizowaniu zabiegu oraz samej substancji depiluj\u0105cej t\u0105 staro\u017cytn\u0105 metod\u0119 mo\u017cna stosowa\u0107 w salonach kosmetycznych.<\/p>\n<p>Sk\u0142ad pasty cukrowej oparty jest na staro\u017cytnych bliskowschodnich przepisach, zawiera wi\u0119c cukier i wod\u0119. Pasta wykonana jest wy\u0142\u0105cznie z surowc\u00f3w naturalnych i nie zawiera \u017cadnych substancji chemicznych.<\/p>\n<p>POR\u00d3WNANIE DEPILACYJNEJ PASTY CUKROWEJ I WOSKU:<\/p>\n<ul>\n<li>Pasta cukrowa zawiera wy\u0142\u0105cznie sk\u0142adniki naturalne. Wi\u0119kszo\u015b\u0107 znajduj\u0105cych si\u0119 w obrocie wosk\u00f3w zawiera dodatki chemiczne , kt\u00f3re w przypadku sk\u00f3ry wra\u017cliwej mog\u0105 wywo\u0142a\u0107 podra\u017cnienie sk\u00f3ry lub reakcje alergiczne. Pasta cukrowa nie zawiera alergen\u00f3w.<\/li>\n<li>Pasta cukrowa nie przykleja si\u0119 do sk\u00f3ry natomiast woski przywieraj\u0105 \u015bci\u015ble do sk\u00f3ry, przez co w trakcie odrywania usuwaj\u0105 r\u00f3wnie\u017c powierzchniow\u0105 warstw\u0119 nask\u00f3rka. Dlatego depilacja woskiem jest tak bolesna i mo\u017ce wywo\u0142a\u0107 zaczerwienienie sk\u00f3ry po zabiegu.<\/li>\n<li>Pasta cukrowa jest usuwana ze sk\u00f3ry w kierunku zgodnym z kierunkiem wzrostu w\u0142osa. Dzi\u0119ki delikatno\u015bci tego zabiegu pasta mo\u017ce by\u0107 kilkakrotnie naniesiona na t\u0119 sam\u0105 parti\u0119 sk\u00f3ry. Ca\u0142kowicie usuwa w\u0142oski, nie pozostawiaj\u0105c ich z\u0142amanych wewn\u0105trz mieszka. W miejscach wra\u017cliwych \u2013 na g\u00f3rnej wardze, czy brwiach zaczerwienienie wyst\u0119puj\u0105ce po zabiegu wykonanym past\u0105 jest znacznie mniejsze i mija szybciej, ni\u017c w przypadku woskowania.<\/li>\n<li>Past\u0119 cukrow\u0105 mo\u017cna dok\u0142adnie zmy\u0107 letni\u0105 wod\u0105 ze sk\u00f3ry, tkanin i wszelkiego rodzaju materia\u0142\u00f3w i powierzchni, tak wi\u0119c przywr\u00f3cenie czysto\u015bci po zabiegu jest o wiele \u0142atwiejsze ni\u017c po woskowaniu. Co wi\u0119cej \u2013 nie s\u0105 potrzebne \u017cadne \u015brodki chemiczne. Znika wi\u0119c zwi\u0105zany z woskowaniem problem plam do usuni\u0119cia i wiecznego klejenia.<\/li>\n<\/ul>\n<p><strong>Zalety pasty cukrowej wyp\u0142ywaj\u0105ce z r\u00f3\u017cnic w zastosowaniu, uwzgl\u0119dniaj\u0105ce temperatur\u0119 i spos\u00f3b nak\u0142adania:<\/strong><\/p>\n<ul>\n<li>Nie zachodzi niebezpiecze\u0144stwo poparzenia, co stanowi niebanalne zagro\u017cenie w przypadku wosku.<\/li>\n<li>Sk\u00f3ra nie jest nara\u017cona na stres wywo\u0142any na\u0142o\u017ceniem gor\u0105cej substancji.<\/li>\n<li>Past\u0119 cukrow\u0105 wmasowuje si\u0119 w mieszki w\u0142osowe, dzi\u0119ki temu du\u017co rzadziej, ni\u017c w przypadku woskowania zdarza si\u0119 u\u0142amanie w\u0142osa w mieszku.<\/li>\n<\/ul>\n<p>REWELACYJNE EFEKTY UZYSKUJEMY \u0141\u0104CZ\u0104C TECHNIK\u0118 DEPILACJI Past\u0105 Cukrow\u0105 Z KOMPLEKSEM ENZYM\u00d3W EpilaDerm\u00ae. (wi\u0119cej informacji w zak\u0142adce \u201eDEPILACJA ENZYMATYCZNA\u201d)<\/p>\n<p><strong>\u00a0<\/strong><\/p>\n<p><strong>Obszary cia\u0142a jakie depilujemy w gabinecie:<\/strong><\/p>\n<ul>\n<li>ca\u0142e nogi 140 z\u0142<\/li>\n<li>ca\u0142e nogi z okolic\u0105 bikini 160 z\u0142<\/li>\n<li>\u0142ydki z kolanami 90 z\u0142<\/li>\n<li>\u0142ydki bez kolan 80 z\u0142<\/li>\n<li>uda 80 z\u0142<\/li>\n<li>uda z okolic\u0105 bikini 100 z\u0142<\/li>\n<li>okolice bikini 45 z\u0142<\/li>\n<li>po\u015bladki 50 z\u0142<\/li>\n<li>plecy 100 z\u0142<\/li>\n<li>klatka piersiowa 110 z\u0142<\/li>\n<li>ca\u0142e r\u0119ce 90 z\u0142<\/li>\n<li>przedramiona 50 z\u0142<\/li>\n<li>pachy 35 z\u0142<\/li>\n<li>broda 20 z\u0142<\/li>\n<li>w\u0105sik 20 z\u0142<\/li>\n<li>w\u0105sik z brod\u0105 30 z\u0142<\/li>\n<li>w\u0105sik z brod\u0105 i baki 35 z\u0142<\/li>\n<\/ul>\n<p>&nbsp;<\/p>\n<\/div>\n<\/article>\n<\/div>\n<\/div>\n<\/div>\n<\/div>\n<footer class=\"art-footer\">\n<div class=\"art-footer-text\"><\/div>\n<\/footer>\n<\/div>\n<\/div>\n<div id=\"wp-footer\"><\/div>\n","protected":false},"excerpt":{"rendered":"<p>Jest nowoczesn\u0105 wersj\u0105 stosowanej przez kobiety z Bliskiego Wschodu od stuleci substancji i techniki depilacyjnej. Dzi\u0119ki zmodernizowaniu zabiegu oraz samej substancji depiluj\u0105cej t\u0105 staro\u017cytn\u0105 metod\u0119 mo\u017cna stosowa\u0107 w salonach kosmetycznych. Sk\u0142ad pasty cukrowej oparty jest na staro\u017cytnych bliskowschodnich przepisach, zawiera wi\u0119c cukier i wod\u0119. Pasta wykonana jest wy\u0142\u0105cznie z surowc\u00f3w naturalnych i nie zawiera \u017cadnych [&hellip;]<\/p>\n","protected":false},"author":1,"featured_media":0,"parent":0,"menu_order":0,"comment_status":"closed","ping_status":"closed","template":"","meta":{"_et_pb_use_builder":"","_et_pb_old_content":"","_et_gb_content_width":"","footnotes":""},"_links":{"self":[{"href":"https:\/\/harmonia-zmyslow.pl\/index.php\/wp-json\/wp\/v2\/pages\/235"}],"collection":[{"href":"https:\/\/harmonia-zmyslow.pl\/index.php\/wp-json\/wp\/v2\/pages"}],"about":[{"href":"https:\/\/harmonia-zmyslow.pl\/index.php\/wp-json\/wp\/v2\/types\/page"}],"author":[{"embeddable":true,"href":"https:\/\/harmonia-zmyslow.pl\/index.php\/wp-json\/wp\/v2\/users\/1"}],"replies":[{"embeddable":true,"href":"https:\/\/harmonia-zmyslow.pl\/index.php\/wp-json\/wp\/v2\/comments?post=235"}],"version-history":[{"count":1,"href":"https:\/\/harmonia-zmyslow.pl\/index.php\/wp-json\/wp\/v2\/pages\/235\/revisions"}],"predecessor-version":[{"id":236,"href":"https:\/\/harmonia-zmyslow.pl\/index.php\/wp-json\/wp\/v2\/pages\/235\/revisions\/236"}],"wp:attachment":[{"href":"https:\/\/harmonia-zmyslow.pl\/index.php\/wp-json\/wp\/v2\/media?parent=235"}],"curies":[{"name":"wp","href":"https:\/\/api.w.org\/{rel}","templated":true}]}}