{"id":23,"date":"2016-07-21T12:06:03","date_gmt":"2016-07-21T10:06:03","guid":{"rendered":"http:\/\/harmonia-zmyslow.pl\/?page_id=23"},"modified":"2024-09-04T09:51:12","modified_gmt":"2024-09-04T07:51:12","slug":"depilacja","status":"publish","type":"page","link":"https:\/\/harmonia-zmyslow.pl\/index.php\/depilacja\/","title":{"rendered":"depilacja"},"content":{"rendered":"<div class=\"art-content-layout\">\n<div class=\"art-content-layout-row\">\n<div class=\"art-layout-cell art-content\">\n<article id=\"post-233\" class=\"art-post art-article post-233 page type-page status-publish hentry\">\n<div class=\"art-postcontent clearfix\">\n<p><img loading=\"lazy\" decoding=\"async\" class=\"size-medium wp-image-229 aligncenter\" src=\"http:\/\/harmonia-zmyslow.pl\/wp-content\/uploads\/2016\/07\/depilacja-woskiem-287x300.png\" sizes=\"(max-width: 287px) 100vw, 287px\" srcset=\"http:\/\/harmonia-zmyslow.pl\/wp-content\/uploads\/2016\/07\/depilacja-woskiem-287x300.png 287w, http:\/\/harmonia-zmyslow.pl\/wp-content\/uploads\/2016\/07\/depilacja-woskiem.png 499w\" alt=\"depilacja woskiem\" width=\"287\" height=\"300\" \/><\/p>\n<p><img loading=\"lazy\" decoding=\"async\" class=\"wp-image-600 aligncenter\" src=\"http:\/\/harmonia-zmyslow.pl\/wp-content\/uploads\/2016\/07\/lakom-287x300.png\" alt=\"lakom\" width=\"195\" height=\"201\" \/><img loading=\"lazy\" decoding=\"async\" class=\"size-medium wp-image-643 aligncenter\" src=\"http:\/\/harmonia-zmyslow.pl\/wp-content\/uploads\/2016\/07\/LYCONCOLOUR_A4-212x300.jpg\" alt=\"LYCONCOLOUR_A4\" width=\"212\" height=\"300\" srcset=\"https:\/\/harmonia-zmyslow.pl\/wp-content\/uploads\/2016\/07\/LYCONCOLOUR_A4-212x300.jpg 212w, https:\/\/harmonia-zmyslow.pl\/wp-content\/uploads\/2016\/07\/LYCONCOLOUR_A4-768x1086.jpg 768w, https:\/\/harmonia-zmyslow.pl\/wp-content\/uploads\/2016\/07\/LYCONCOLOUR_A4-724x1024.jpg 724w\" sizes=\"(max-width: 212px) 100vw, 212px\" \/><\/p>\n<p style=\"text-align: center;\"><strong>Depilacja Lycon \u2013\u00a0nowe podej\u015bcie do depilacji<\/strong><\/p>\n<p>W ofercie gabinetu posiadamy depilacj\u0119 ekskluzywnymi woskami australijskiej firmy LYCON. Dzi\u0119ki unikalnej technologii woski te s\u0105 niezwykle efektywne, a depilacja niemal bezbolesna. Do grona wielbicielek depilacji woskami LYCON nale\u017c\u0105: Victoria Beckham, Beyonce, Paris Hilton.<\/p>\n<p>Do produkcji wosk\u00f3w Lycon u\u017cywa si\u0119 jedynie naturalnych sk\u0142adnik\u00f3w min. olejk\u00f3w aromaterapeutycznych czy najwy\u017cszej jako\u015bci \u017cywic. Dzi\u0119ki temu woski Lycon s\u0105 niezwykle elastyczne, kurcz\u0105c si\u0119 mocno chwytaj\u0105 w\u0142oski i usuwaj\u0105 nawet te najkr\u00f3tsze o d\u0142ugo\u015bci 1 mm. Niska temperatura topnienia w po\u0142\u0105czeniu z delikatn\u0105 receptur\u0105 dodaj\u0105 woskom od\u017cywczo-regeneruj\u0105cych w\u0142a\u015bciwo\u015bci. Zabiegi z wykorzystaniem wosk\u00f3w Lycon pozostawiaj\u0105 sk\u00f3r\u0119 g\u0142adk\u0105 i delikatn\u0105 w dotyku.<\/p>\n<p>Z Systemem Lycon nie musisz si\u0119 ju\u017c martwi\u0107 o podra\u017cnion\u0105 czy zaczerwienion\u0105 sk\u00f3r\u0119 po zabiegu, zw\u0142aszcza gdy wykonujesz depilacj\u0119 okolic wra\u017cliwych takich jak twarz, pachy czy bikini. Lycon to nowe podej\u015bcie do depilacji. To doskonale opracowany system, tak aby zabieg by\u0142 w najwy\u017cszym stopniu skuteczny i bezbolesny dla klienta, a przy tym \u0142atwy i przyjemny dla kosmetyczki.<\/p>\n<p>Istniej\u0105 cztery r\u00f3\u017cne systemy depilacji woskami LYCON:<\/p>\n<p><strong>depilacja HOT WAX \u2013 depilacja woskiem twardym, bezpaskowym<\/strong><\/p>\n<p><strong>LYCOJET \u2013 depilacja woskiem twardym, bezpaskowym o cienkiej aplikacji<\/strong><\/p>\n<p><strong>STRIP WAX \u2013 depilacja woskiem mi\u0119kkim, przy u\u017cyciu pask\u00f3w do depilacji<\/strong><\/p>\n<p><strong>LYCOdream \u2013 pierwszy na \u015bwiecie wosk hybrydowy<\/strong><\/p>\n<p>LYCOdream to po\u0142\u0105czenie wosk\u00f3w syntetycznych i naturalnych \u017cywic z zawarto\u015bci\u0105 olejku arganowego , aloe vera i arniki. Delikatny i skuteczny wosk mog\u0105cy zast\u0105pi\u0107 wosk paskowy.<\/p>\n<p>Depiluj\u0105c du\u017ce obszary cia\u0142a oraz je\u015bli w\u0142osy s\u0105 wystarczaj\u0105co d\u0142ugie, zalecamy LYCON STRIP WAX, kt\u00f3ry mo\u017ce usun\u0105\u0107 w\u0142osy o d\u0142ugo\u015bci nawet 2mm. Je\u017celi w\u0142osy s\u0105 kr\u00f3tkie i kruche, zalecamy wszystkie LYCON HOT WAX lub LYCOJET, kt\u00f3re mog\u0105 usun\u0105\u0107 w\u0142osy o d\u0142ugo\u015bci nawet 1 mm.<\/p>\n<p>Depilacja woskiem LYCON jest efektywna, niedra\u017cni\u0105ca i prawie bezbolesna.<\/p>\n<p><strong>Cennik:<\/strong><\/p>\n<p><strong>Lycon depilacja broda \u2013 25 z\u0142<br \/>\nLycon depilacja w\u0105sik \u2013 25 z\u0142<br \/>\nLycon depilacja broda i w\u0105sik \u2013 40 z\u0142<\/strong><\/p>\n<p><strong>Lycon depilacja broda, w\u0105sik, baki \u2013 50 z\u0142<\/strong><\/p>\n<p><strong>Lycon depilacja nos -20 z\u0142<br \/>\nLycon depilacja pachy \u2013 50 z\u0142<br \/>\nLycon depilacja przedramiona \u2013 60 z\u0142<\/strong><\/p>\n<p><strong>Lycon depilacja ca\u0142e r\u0119ce \u2013 100 z\u0142<\/strong><\/p>\n<p><strong>Lycon depilacja \u0142ydki + kolana &#8211; 100 z\u0142<br \/>\nLycon depilacja uda \u2013 90 z\u0142<br \/>\nLycon depilacja ca\u0142ych n\u00f3g \u2013 150 z\u0142<\/strong><\/p>\n<p>Lycon depilacja okolic bikini \u2013 80 z\u0142<\/p>\n<p><strong>Lycon depilacja brazylian \/ hollywood \u2013 110 z\u0142<\/strong><\/p>\n<p><strong>Lycon depilacja po\u015bladki \u2013 80 z\u0142<br \/>\nLycon depilacja tors \u2013 80 z\u0142<br \/>\nLycon depilacja kark \u2013 20 z\u0142<br \/>\nLycon depilacja plecy \u2013 120 z\u0142<\/strong><\/p>\n<p><strong>Depilacja: nogi + bikini Brazilian = 200 z\u0142<br \/>\nDepilacja: \u0142ydki + bikini Brazilian + pachy = 180 z\u0142<\/strong><\/p>\n<p><strong>Depilacja: ca\u0142e r\u0119ce + pachy + bikini Brazilian = 180 z\u0142<\/strong><\/p>\n<\/div>\n<\/article>\n<\/div>\n<\/div>\n<\/div>\n","protected":false},"excerpt":{"rendered":"<p>Depilacja Lycon \u2013\u00a0nowe podej\u015bcie do depilacji W ofercie gabinetu posiadamy depilacj\u0119 ekskluzywnymi woskami australijskiej firmy LYCON. Dzi\u0119ki unikalnej technologii woski te s\u0105 niezwykle efektywne, a depilacja niemal bezbolesna. Do grona wielbicielek depilacji woskami LYCON nale\u017c\u0105: Victoria Beckham, Beyonce, Paris Hilton. Do produkcji wosk\u00f3w Lycon u\u017cywa si\u0119 jedynie naturalnych sk\u0142adnik\u00f3w min. olejk\u00f3w aromaterapeutycznych czy najwy\u017cszej jako\u015bci [&hellip;]<\/p>\n","protected":false},"author":1,"featured_media":0,"parent":0,"menu_order":0,"comment_status":"closed","ping_status":"closed","template":"","meta":{"_et_pb_use_builder":"","_et_pb_old_content":"","_et_gb_content_width":"","footnotes":""},"_links":{"self":[{"href":"https:\/\/harmonia-zmyslow.pl\/index.php\/wp-json\/wp\/v2\/pages\/23"}],"collection":[{"href":"https:\/\/harmonia-zmyslow.pl\/index.php\/wp-json\/wp\/v2\/pages"}],"about":[{"href":"https:\/\/harmonia-zmyslow.pl\/index.php\/wp-json\/wp\/v2\/types\/page"}],"author":[{"embeddable":true,"href":"https:\/\/harmonia-zmyslow.pl\/index.php\/wp-json\/wp\/v2\/users\/1"}],"replies":[{"embeddable":true,"href":"https:\/\/harmonia-zmyslow.pl\/index.php\/wp-json\/wp\/v2\/comments?post=23"}],"version-history":[{"count":22,"href":"https:\/\/harmonia-zmyslow.pl\/index.php\/wp-json\/wp\/v2\/pages\/23\/revisions"}],"predecessor-version":[{"id":1098,"href":"https:\/\/harmonia-zmyslow.pl\/index.php\/wp-json\/wp\/v2\/pages\/23\/revisions\/1098"}],"wp:attachment":[{"href":"https:\/\/harmonia-zmyslow.pl\/index.php\/wp-json\/wp\/v2\/media?parent=23"}],"curies":[{"name":"wp","href":"https:\/\/api.w.org\/{rel}","templated":true}]}}