{"id":213,"date":"2016-08-30T12:04:00","date_gmt":"2016-08-30T10:04:00","guid":{"rendered":"http:\/\/harmonia-zmyslow.pl\/?page_id=213"},"modified":"2024-09-06T09:46:31","modified_gmt":"2024-09-06T07:46:31","slug":"przekluwanie-uszu","status":"publish","type":"page","link":"https:\/\/harmonia-zmyslow.pl\/index.php\/przekluwanie-uszu\/","title":{"rendered":"przek\u0142uwanie uszu"},"content":{"rendered":"<p><strong>Kolczyki \u2013 symbol wdzi\u0119ku, pi\u0119kna, delikatno\u015bci\u2026<br \/>\nJednak by m\u00f3c je nosi\u0107 musimy zdecydowa\u0107 si\u0119 na przek\u0142ucie uszu.<\/strong><\/p>\n<p>System 75 firmy Studex jest bardzo delikatn\u0105 i praktycznie\u00a0<strong>bezg\u0142o\u015bn\u0105 metod\u0105 przek\u0142ucia uszu co czyni go idealnym dla dziec<\/strong>i.<\/p>\n<p>Zabieg przek\u0142uwania uszu wykonujemy profesjonalnym urz\u0105dzeniem ameryka\u0144skiej firmy STUDEX\u00ae z zastosowaniem sterylnych, antyalergicznych kolczyk\u00f3w, z najwy\u017cszej jako\u015bci nieprzetworzonej stali chirurgicznej.<\/p>\n<p>Zabieg jest kr\u00f3tki, CICHY w pe\u0142ni bezpieczny oraz nie powoduje nadmiernego b\u00f3lu jak przy tradycyjnej metodzie przek\u0142uwania ucha.<br \/>\nT\u0119 metod\u0119 mo\u017cna stosowa\u0107 u doros\u0142ych, jak i u dzieci. U niemowl\u0105t zalecamy najwcze\u015bniej, w okresie po pierwszych szczepieniach czyli ok. 6 miesi\u0105ca \u017cycia.<\/p>\n<p><img loading=\"lazy\" decoding=\"async\" class=\"size-medium wp-image-408 aligncenter\" src=\"http:\/\/harmonia-zmyslow.pl\/wp-content\/uploads\/2016\/08\/kolczyki-studex-300x200.jpg\" alt=\"kolczyki-studex\" width=\"300\" height=\"200\" srcset=\"https:\/\/harmonia-zmyslow.pl\/wp-content\/uploads\/2016\/08\/kolczyki-studex-300x200.jpg 300w, https:\/\/harmonia-zmyslow.pl\/wp-content\/uploads\/2016\/08\/kolczyki-studex.jpg 747w\" sizes=\"(max-width: 300px) 100vw, 300px\" \/><\/p>\n<p>Po wykonaniu zabiegu, wszystkie nasze najm\u0142odsze klientki, otrzymuj\u0105 Dyplom lub naklejk\u0119 dla Super Odwa\u017cnej Dziewczynki.<\/p>\n<p style=\"text-align: center;\">\u00a0<img loading=\"lazy\" decoding=\"async\" class=\"alignnone wp-image-410\" src=\"http:\/\/harmonia-zmyslow.pl\/wp-content\/uploads\/2016\/08\/1_max-300x212.jpg\" alt=\"1_max\" width=\"425\" height=\"300\" srcset=\"https:\/\/harmonia-zmyslow.pl\/wp-content\/uploads\/2016\/08\/1_max-300x212.jpg 300w, https:\/\/harmonia-zmyslow.pl\/wp-content\/uploads\/2016\/08\/1_max-768x544.jpg 768w, https:\/\/harmonia-zmyslow.pl\/wp-content\/uploads\/2016\/08\/1_max.jpg 1000w\" sizes=\"(max-width: 425px) 100vw, 425px\" \/>\u00a0 \u00a0 \u00a0 \u00a0 \u00a0 \u00a0 \u00a0 \u00a0 \u00a0 \u00a0 \u00a0<img loading=\"lazy\" decoding=\"async\" class=\"alignnone size-medium wp-image-411\" src=\"http:\/\/harmonia-zmyslow.pl\/wp-content\/uploads\/2016\/08\/4_max-300x300.jpg\" alt=\"4_max\" width=\"300\" height=\"300\" srcset=\"https:\/\/harmonia-zmyslow.pl\/wp-content\/uploads\/2016\/08\/4_max-300x300.jpg 300w, https:\/\/harmonia-zmyslow.pl\/wp-content\/uploads\/2016\/08\/4_max-150x150.jpg 150w, https:\/\/harmonia-zmyslow.pl\/wp-content\/uploads\/2016\/08\/4_max.jpg 669w\" sizes=\"(max-width: 300px) 100vw, 300px\" \/><\/p>\n<p><strong>KOLCZYKI<\/strong><br \/>\nDo pistoletu aplikujemy specjalne, antyalergiczne kolczyki. Wykonane s\u0105 one ze stali chirurgicznej.<br \/>\nS\u0105 troch\u0119 grubsze ni\u017c zwyk\u0142e kolczyki, tak aby nieco rozepchn\u0105\u0107 dziurk\u0119 i u\u0142atwi\u0107 p\u00f3\u017aniejsze zak\u0142adanie zwyk\u0142ych kolczyk\u00f3w.<br \/>\nS\u0105 to kolczyki z drobnymi oczkami. Przed zabiegiem istnieje mo\u017cliwo\u015b\u0107 wyboru wzoru.<\/p>\n<p><strong>JAK WYGL\u0104DA ZABIEG<\/strong><br \/>\nZabieg wykonywany jest przy u\u017cyciu specjalnego pistoletu STUDEX\u00ae u\u0142atwiaj\u0105cego symetryczne przek\u0142ucie uszu, pod k\u0105tem prostym do p\u0142atk\u00f3w uszu. Kosmetolog dezynfekuje p\u0142atki uszu i zaznacza antybakteryjnym pisakiem miejsca wk\u0142ucia kolczyka, tak by by\u0142y one idealnie symetryczne. Nast\u0119pnie do pistoletu wprowadzamy kolczyki, po czym nast\u0119puje CICHE \u201eprzestrzelenie\u201d ucha.<\/p>\n<p><strong>CZAS GOJENIA<\/strong><br \/>\nCzas gojenia si\u0119 uszu zale\u017cy od organizmu oraz higieny. Zazwyczaj uwa\u017ca si\u0119, \u017ce dziurki w uszach goj\u0105 si\u0119 oko\u0142o trzech czterech tygodni. Praktyka pokazuje jednak, \u017ce pe\u0142ne zagojenie si\u0119 uszu nast\u0119puje dopiero po ok. dw\u00f3ch miesi\u0105cach.<br \/>\nPo pierwszym miesi\u0105cu dziurki s\u0105 na tyle trwa\u0142e, \u017ce mo\u017cna zak\u0142ada\u0107 inne kolczyki. Trzeba jednak robi\u0107 to bardzo ostro\u017cnie i wci\u0105\u017c dba\u0107 o higien\u0119 przek\u0142utych miejsc.<\/p>\n<p><strong>PIEL\u0118GNACJA PO ZABIEGU<\/strong><br \/>\n&#8211; Umyj dok\u0142adnie r\u0119ce przed dotkni\u0119ciem kolczyka lub ucha.<br \/>\n&#8211; Oczyszczaj prz\u00f3d i ty\u0142 ucha dwa razy dziennie, u\u017cywaj\u0105c wody utlenionej lub specjalnego p\u0142ynu Studex bez wyjmowania kolczyk\u00f3w.<br \/>\n&#8211; Obracaj kolczyki o 180 stopni w lewo i 180 stopni w prawo, tzn tylko p\u00f3\u0142 obrotu, w ten spos\u00f3b zapobiegniesz owini\u0119ciu si\u0119 w\u0142os\u00f3w wok\u00f3\u0142 drutu kolczyka.<br \/>\n&#8211; W okresie pomi\u0119dzy czyszczeniem ucho powinno by\u0107 SUCHE.<br \/>\n&#8211; Lakier do w\u0142os\u00f3w, szampon, myd\u0142o i inne preparaty trzymaj z dala od uszu. Po u\u017cyciu szamponu, ucho powinno zosta\u0107 wyp\u0142ukane czysta woda.<br \/>\n&#8211; Kontroluj u\u0142o\u017cenie p\u0142atka ucha podczas snu dziecka, aby nie dosz\u0142o do odci\u015bni\u0119cia kolczyka na twarzy.<br \/>\n&#8211; Przez oko\u0142o 1 tygodnia nie polecamy korzysta\u0107 z basenu, sauny itd.<br \/>\n&#8211; Kontroluj aby nie dosz\u0142o do tzw wpadni\u0119cia kolczyka w ucho<\/p>\n<p>Przed przyst\u0105pieniem do przek\u0142uwania uszu, klient musi podpisa\u0107 formularz zgody na przek\u0142ucie uszu!!!<\/p>\n<p><strong>\u00a0<\/strong><\/p>\n<p><strong>Przek\u0142ucie nie powinno by\u0107 wykonane u:<\/strong><\/p>\n<p>&#8211; nosicieli wirusa HIV<\/p>\n<p>&#8211; os\u00f3b cierpi\u0105cych na chorob\u0119 nowotworow\u0105<\/p>\n<p>&#8211; cukrzyk\u00f3w<\/p>\n<p>&#8211; kobiet ci\u0119\u017carnych<\/p>\n<p>&#8211; os\u00f3b, kt\u00f3re przyjmuj\u0105 leki obni\u017caj\u0105ce krzepni\u0119cie krwi<\/p>\n<p>&#8211; os\u00f3b, kt\u00f3re przyjmuj\u0105 leki immunosupresyjne<\/p>\n<p>&#8211; b\u0105d\u017a sterydowe<\/p>\n<p>&#8211; chorych na hemofili\u0119<\/p>\n<p>&#8211; chorych na bia\u0142aczk\u0119<\/p>\n<p>&#8211; os\u00f3b cierpi\u0105cych na niewydolno\u015b\u0107 nerek, w\u0105troby, serca<\/p>\n<p>&#8211; os\u00f3b cierpi\u0105cych na nie wymienione wcze\u015bniej choroby przebiegaj\u0105ce z zaburzeniami metabolicznymi, zaburzeniami wch\u0142aniania lub zaburzeniami odporno\u015bci<\/p>\n<p>&#8211; os\u00f3b ze stwierdzon\u0105 infekcj\u0105 paso\u017cytnicz\u0105<\/p>\n<p>&#8211; os\u00f3b z grzybic\u0105 lub innymi zmianami chorobowymi w miejscu planowanego przek\u0142ucia<\/p>\n<p><strong>\u00a0<\/strong><\/p>\n<p><strong>Przeciwwskazania wzgl\u0119dne<\/strong><br \/>\n(przek\u0142ucie mo\u017ce by\u0107 wykonane, jednak efekt estetyczny mo\u017ce nie by\u0107 zadowalaj\u0105cy):<\/p>\n<p>&#8211; alergia na metale (nikiel)<\/p>\n<p>&#8211; sk\u0142onno\u015b\u0107 do przerastania blizn<\/p>\n<p>&#8211; sk\u0142onno\u015b\u0107 do keloidu<\/p>\n<p>&#8211; sk\u0142onno\u015b\u0107 do migracji lub odrzucania kolczyk\u00f3w<\/p>\n<p>&#8211; atopowe zapalenie sk\u00f3ry lub \u0142uszczyca (zmiany chorobowe cz\u0119sto pojawiaj\u0105 si\u0119 w pobli\u017cu przek\u0142utych miejsc)<\/p>\n<p><strong>\u00a0<\/strong><\/p>\n<p><strong>P\u0142atek ucha:<\/strong><br \/>\nPozostaw kolczyki w uszach nieprzerwanie przez 6 tygodni.<br \/>\nPo 6 tygodniach kolczyk mo\u017ce zosta\u0107 wyj\u0119ty i inne kolczyki o prostym drucie mog\u0105 by\u0107 noszone w spos\u00f3b ci\u0105g\u0142y.<br \/>\nU\u017cywaj wy\u0142\u0105cznie kolczyk\u00f3w z prostym drutem nieprzerwanie przez pierwsze 6 miesi\u0119cy od przek\u0142ucia. Kolczyk powinien by\u0107 wykonany z medycznej stali chirurgicznej lub innego nie alergizuj\u0105cego (nie powoduj\u0105cego uczulenia) materia\u0142u.<br \/>\nNiewielki b\u00f3l\/zaczerwienienie mo\u017ce wyst\u0105pi\u0107 natychmiast \u2013 to normalne. To powinno ust\u0105pi\u0107 w ci\u0105gu 48 godzin pod warunkiem, \u017ce piel\u0119gnacja po przek\u0142uciu jest wykonywana w\u0142a\u015bciwie. Je\u015bli wyst\u0105pi nadmierny b\u00f3l\/obrz\u0119k\/zaczerwienienie, natychmiast zasi\u0119gnij porady lekarza. Je\u015bli wda\u0142a si\u0119 infekcja, nie wyjmuj kolczyka, dop\u00f3ki nie zasi\u0119gniesz porady lekarza.<\/p>\n<p style=\"text-align: right;\"><strong>Cena za przek\u0142ucie z kompletem kolczyk\u00f3w 150 z\u0142<br \/>\n<\/strong><\/p>\n<p style=\"text-align: right;\"><strong>przek\u0142ucie jednej dziurki z kolczykiem 90 z\u0142<\/strong><\/p>\n<p><strong>\u00a0<\/strong><\/p>\n","protected":false},"excerpt":{"rendered":"<p>Kolczyki \u2013 symbol wdzi\u0119ku, pi\u0119kna, delikatno\u015bci\u2026 Jednak by m\u00f3c je nosi\u0107 musimy zdecydowa\u0107 si\u0119 na przek\u0142ucie uszu. System 75 firmy Studex jest bardzo delikatn\u0105 i praktycznie\u00a0bezg\u0142o\u015bn\u0105 metod\u0105 przek\u0142ucia uszu co czyni go idealnym dla dzieci. Zabieg przek\u0142uwania uszu wykonujemy profesjonalnym urz\u0105dzeniem ameryka\u0144skiej firmy STUDEX\u00ae z zastosowaniem sterylnych, antyalergicznych kolczyk\u00f3w, z najwy\u017cszej jako\u015bci nieprzetworzonej stali chirurgicznej. [&hellip;]<\/p>\n","protected":false},"author":1,"featured_media":0,"parent":0,"menu_order":0,"comment_status":"closed","ping_status":"closed","template":"","meta":{"_et_pb_use_builder":"","_et_pb_old_content":"","_et_gb_content_width":"","footnotes":""},"_links":{"self":[{"href":"https:\/\/harmonia-zmyslow.pl\/index.php\/wp-json\/wp\/v2\/pages\/213"}],"collection":[{"href":"https:\/\/harmonia-zmyslow.pl\/index.php\/wp-json\/wp\/v2\/pages"}],"about":[{"href":"https:\/\/harmonia-zmyslow.pl\/index.php\/wp-json\/wp\/v2\/types\/page"}],"author":[{"embeddable":true,"href":"https:\/\/harmonia-zmyslow.pl\/index.php\/wp-json\/wp\/v2\/users\/1"}],"replies":[{"embeddable":true,"href":"https:\/\/harmonia-zmyslow.pl\/index.php\/wp-json\/wp\/v2\/comments?post=213"}],"version-history":[{"count":4,"href":"https:\/\/harmonia-zmyslow.pl\/index.php\/wp-json\/wp\/v2\/pages\/213\/revisions"}],"predecessor-version":[{"id":1109,"href":"https:\/\/harmonia-zmyslow.pl\/index.php\/wp-json\/wp\/v2\/pages\/213\/revisions\/1109"}],"wp:attachment":[{"href":"https:\/\/harmonia-zmyslow.pl\/index.php\/wp-json\/wp\/v2\/media?parent=213"}],"curies":[{"name":"wp","href":"https:\/\/api.w.org\/{rel}","templated":true}]}}