{"id":1329,"date":"2025-11-11T15:33:47","date_gmt":"2025-11-11T14:33:47","guid":{"rendered":"https:\/\/harmonia-zmyslow.pl\/?page_id=1329"},"modified":"2026-03-12T12:17:56","modified_gmt":"2026-03-12T11:17:56","slug":"bloomea-2","status":"publish","type":"page","link":"https:\/\/harmonia-zmyslow.pl\/index.php\/bloomea-2\/","title":{"rendered":"BLOOMEA"},"content":{"rendered":"<p>[et_pb_section fb_built=&#8221;1&#8243; fullwidth=&#8221;on&#8221; _builder_version=&#8221;4.23.3&#8243; _module_preset=&#8221;default&#8221; global_colors_info=&#8221;{}&#8221;][et_pb_fullwidth_header _builder_version=&#8221;4.23.3&#8243; _module_preset=&#8221;default&#8221; background_color=&#8221;#008e58&#8243; background_image=&#8221;http:\/\/harmonia-zmyslow.pl\/wp-content\/uploads\/2025\/11\/A-Ty-czy-jestesI\u0081-gotowa-zmienicI\u0081-swojaI\u00a8-skoI\u0081reI\u00a8.png&#8221; custom_margin=&#8221;||-45px|||&#8221; custom_padding=&#8221;50px||494px|||&#8221; global_colors_info=&#8221;{}&#8221;][\/et_pb_fullwidth_header][\/et_pb_section][et_pb_section fb_built=&#8221;1&#8243; _builder_version=&#8221;4.23.3&#8243; _module_preset=&#8221;default&#8221; min_height=&#8221;68.1px&#8221; global_colors_info=&#8221;{}&#8221;][et_pb_row _builder_version=&#8221;4.23.3&#8243; _module_preset=&#8221;default&#8221; custom_padding=&#8221;0px|||||&#8221; global_colors_info=&#8221;{}&#8221;][et_pb_column type=&#8221;4_4&#8243; _builder_version=&#8221;4.23.3&#8243; _module_preset=&#8221;default&#8221; global_colors_info=&#8221;{}&#8221;][et_pb_text _builder_version=&#8221;4.23.3&#8243; _module_preset=&#8221;default&#8221; global_colors_info=&#8221;{}&#8221;]<\/p>\n<h2 data-start=\"360\" data-end=\"414\"><strong data-start=\"363\" data-end=\"414\">bloomea\u00ae \u2013 innowacyjny modeling i lifting sk\u00f3ry<\/strong><\/h2>\n<p data-start=\"416\" data-end=\"723\"><strong data-start=\"416\" data-end=\"428\">Bloomea\u00ae<\/strong> to nowoczesny, nieinwazyjny zabieg odm\u0142adzaj\u0105cy, wykorzystuj\u0105cy zaawansowan\u0105 technologi\u0119 <strong data-start=\"518\" data-end=\"533\">TRIO M.M.L.<\/strong> \u2013 makroeksfoliacj\u0119, mikrowibracj\u0119 i luminoterapi\u0119. To kompleksowa metoda, kt\u00f3ra w spos\u00f3b bezpieczny i skuteczny regeneruje, wyg\u0142adza i rozja\u015bnia sk\u00f3r\u0119, przywracaj\u0105c jej m\u0142odzie\u0144czy blask.<\/p>\n<p data-start=\"725\" data-end=\"933\">Zabieg zosta\u0142 opracowany przez francuskich specjalist\u00f3w z my\u015bl\u0105 o poprawie kondycji sk\u00f3ry twarzy i cia\u0142a, a jego efekty por\u00f3wnywane s\u0105 do resurfacingu laserowego \u2013 bez konieczno\u015bci d\u0142ugiej rekonwalescencji.<\/p>\n<p>[\/et_pb_text][\/et_pb_column][\/et_pb_row][\/et_pb_section][et_pb_section fb_built=&#8221;1&#8243; fullwidth=&#8221;on&#8221; _builder_version=&#8221;4.23.3&#8243; _module_preset=&#8221;default&#8221; global_colors_info=&#8221;{}&#8221;][et_pb_fullwidth_image src=&#8221;http:\/\/harmonia-zmyslow.pl\/wp-content\/uploads\/2025\/11\/4-2.png&#8221; title_text=&#8221;4 2&#8243; _builder_version=&#8221;4.23.3&#8243; _module_preset=&#8221;default&#8221; min_height=&#8221;50px&#8221; custom_margin=&#8221;-4px|||||&#8221; global_colors_info=&#8221;{}&#8221;][\/et_pb_fullwidth_image][\/et_pb_section][et_pb_section fb_built=&#8221;1&#8243; _builder_version=&#8221;4.23.3&#8243; _module_preset=&#8221;default&#8221; custom_padding=&#8221;0px||0px|||&#8221; global_colors_info=&#8221;{}&#8221;][et_pb_row _builder_version=&#8221;4.23.3&#8243; _module_preset=&#8221;default&#8221; min_height=&#8221;237px&#8221; global_colors_info=&#8221;{}&#8221;][et_pb_column type=&#8221;4_4&#8243; _builder_version=&#8221;4.23.3&#8243; _module_preset=&#8221;default&#8221; global_colors_info=&#8221;{}&#8221;][et_pb_text _builder_version=&#8221;4.23.3&#8243; _module_preset=&#8221;default&#8221; global_colors_info=&#8221;{}&#8221;]<\/p>\n<h3 data-start=\"940\" data-end=\"975\"><strong data-start=\"944\" data-end=\"975\">Jak dzia\u0142a zabieg Bloomea\u00ae?<\/strong><\/h3>\n<ol data-start=\"977\" data-end=\"1872\">\n<li data-start=\"977\" data-end=\"1274\">\n<p data-start=\"980\" data-end=\"1274\"><strong data-start=\"980\" data-end=\"1033\">Makroeksfoliacja \u2013 delikatne z\u0142uszczanie nask\u00f3rka<\/strong><br data-start=\"1033\" data-end=\"1036\" \/>Pierwszym etapem zabiegu jest kontrolowane z\u0142uszczenie martwego nask\u00f3rka przy u\u017cyciu specjalnej g\u0142owicy z indywidualnie dobranym tipem. Usuwa ona zrogowacia\u0142\u0105 warstw\u0119 sk\u00f3ry, wyg\u0142adza j\u0105 i przygotowuje na przyj\u0119cie substancji aktywnych.<\/p>\n<\/li>\n<li data-start=\"1276\" data-end=\"1567\">\n<p data-start=\"1279\" data-end=\"1567\"><strong data-start=\"1279\" data-end=\"1323\">Mikrowibracja \u2013 stymulacja i regeneracja<\/strong><br data-start=\"1323\" data-end=\"1326\" \/>W drugim etapie wykorzystywane s\u0105 delikatne mikrowibracje, kt\u00f3re pobudzaj\u0105 mikrokr\u0105\u017cenie, stymuluj\u0105 kom\u00f3rki sk\u00f3ry oraz u\u0142atwiaj\u0105 wch\u0142anianie sk\u0142adnik\u00f3w od\u017cywczych zawartych w <strong data-start=\"1504\" data-end=\"1528\">koktajlu Bloomea\u00ae HA<\/strong> (kwas hialuronowy, kolagen, elastyna).<\/p>\n<\/li>\n<li data-start=\"1569\" data-end=\"1872\">\n<p data-start=\"1572\" data-end=\"1872\"><strong data-start=\"1572\" data-end=\"1616\">Luminoterapia \u2013 \u015bwiat\u0142o dla odnowy sk\u00f3ry<\/strong><br data-start=\"1616\" data-end=\"1619\" \/>Ostatnim etapem jest dzia\u0142anie \u015bwiat\u0142a LED o d\u0142ugo\u015bci fali <strong data-start=\"1681\" data-end=\"1691\">633 nm<\/strong>, kt\u00f3re pobudza fibroblasty do produkcji kolagenu i elastyny. Proces ten wspomaga regeneracj\u0119 sk\u00f3ry, poprawia jej g\u0119sto\u015b\u0107 i elastyczno\u015b\u0107 oraz nadaje jej zdrowy, roz\u015bwietlony wygl\u0105d.<\/p>\n<\/li>\n<\/ol>\n<p>[\/et_pb_text][\/et_pb_column][\/et_pb_row][\/et_pb_section][et_pb_section fb_built=&#8221;1&#8243; fullwidth=&#8221;on&#8221; _builder_version=&#8221;4.23.3&#8243; _module_preset=&#8221;default&#8221; custom_margin=&#8221;-18px|||||&#8221; hover_enabled=&#8221;0&#8243; global_colors_info=&#8221;{}&#8221; sticky_enabled=&#8221;0&#8243;][et_pb_fullwidth_header title=&#8221;Dla kogo?&#8221; _builder_version=&#8221;4.23.3&#8243; _module_preset=&#8221;default&#8221; background_color=&#8221;#008e58&#8243; custom_margin=&#8221;-5px|||||&#8221; custom_padding=&#8221;37px|||||&#8221; hover_enabled=&#8221;0&#8243; global_colors_info=&#8221;{}&#8221; sticky_enabled=&#8221;0&#8243;]<\/p>\n<p data-start=\"1932\" data-end=\"1988\">abieg Bloomea\u00ae rekomendowany jest osobom, kt\u00f3re chc\u0105:<\/p>\n<ul data-start=\"1989\" data-end=\"2352\">\n<li data-start=\"1989\" data-end=\"2028\">\n<p data-start=\"1991\" data-end=\"2028\">poprawi\u0107 j\u0119drno\u015b\u0107 i napi\u0119cie sk\u00f3ry,<\/p>\n<\/li>\n<li data-start=\"2029\" data-end=\"2069\">\n<p data-start=\"2031\" data-end=\"2069\">wyg\u0142adzi\u0107 zmarszczki i drobne linie,<\/p>\n<\/li>\n<li data-start=\"2070\" data-end=\"2128\">\n<p data-start=\"2072\" data-end=\"2128\">zredukowa\u0107 przebarwienia, plamy pigmentacyjne i piegi,<\/p>\n<\/li>\n<li data-start=\"2129\" data-end=\"2170\">\n<p data-start=\"2131\" data-end=\"2170\">rozja\u015bni\u0107, od\u015bwie\u017cy\u0107 i dotleni\u0107 cer\u0119,<\/p>\n<\/li>\n<li data-start=\"2171\" data-end=\"2230\">\n<p data-start=\"2173\" data-end=\"2230\">zmniejszy\u0107 widoczno\u015b\u0107 blizn potr\u0105dzikowych i rozst\u0119p\u00f3w,<\/p>\n<\/li>\n<li data-start=\"2231\" data-end=\"2283\">\n<p data-start=\"2233\" data-end=\"2283\">wyr\u00f3wna\u0107 koloryt sk\u00f3ry i poprawi\u0107 jej struktur\u0119,<\/p>\n<\/li>\n<li data-start=\"2284\" data-end=\"2352\">\n<p data-start=\"2286\" data-end=\"2352\">przygotowa\u0107 sk\u00f3r\u0119 do wa\u017cnych wydarze\u0144 \u2013 tzw. \u201eefekt bankietowy\u201d.<\/p>\n<\/li>\n<\/ul>\n<p data-start=\"2354\" data-end=\"2508\">Zabieg mo\u017cna wykonywa\u0107 zar\u00f3wno jako delikatne od\u015bwie\u017cenie sk\u00f3ry, jak i intensywn\u0105 terapi\u0119 przebudowuj\u0105c\u0105 \u2013 w zale\u017cno\u015bci od potrzeb i zastosowanej g\u0142owicy.<\/p>\n<p>[\/et_pb_fullwidth_header][\/et_pb_section][et_pb_section fb_built=&#8221;1&#8243; fullwidth=&#8221;on&#8221; _builder_version=&#8221;4.23.3&#8243; _module_preset=&#8221;default&#8221; global_colors_info=&#8221;{}&#8221;][et_pb_fullwidth_header title=&#8221;Efekty i zalety zabiegu&#8221; _builder_version=&#8221;4.23.3&#8243; _module_preset=&#8221;default&#8221; background_color=&#8221;#FFFFFF&#8221; background_layout=&#8221;light&#8221; custom_margin=&#8221;21px|||||&#8221; custom_padding=&#8221;0px|||||&#8221; global_colors_info=&#8221;{}&#8221;]<\/p>\n<p data-start=\"2548\" data-end=\"2591\">Ju\u017c po pierwszym zabiegu sk\u00f3ra staje si\u0119:<\/p>\n<ul data-start=\"2592\" data-end=\"2725\">\n<li data-start=\"2592\" data-end=\"2621\">\n<p data-start=\"2594\" data-end=\"2621\">wyg\u0142adzona i rozja\u015bniona,<\/p>\n<\/li>\n<li data-start=\"2622\" data-end=\"2656\">\n<p data-start=\"2624\" data-end=\"2656\">lepiej nawil\u017cona i dotleniona,<\/p>\n<\/li>\n<li data-start=\"2657\" data-end=\"2682\">\n<p data-start=\"2659\" data-end=\"2682\">napi\u0119ta i elastyczna,<\/p>\n<\/li>\n<li data-start=\"2683\" data-end=\"2725\">\n<p data-start=\"2685\" data-end=\"2725\">z widocznie poprawionym owalem twarzy.<\/p>\n<\/li>\n<\/ul>\n<p data-start=\"2727\" data-end=\"2780\">Po serii zabieg\u00f3w zauwa\u017calne s\u0105 efekty d\u0142ugofalowe:<\/p>\n<ul data-start=\"2781\" data-end=\"3002\">\n<li data-start=\"2781\" data-end=\"2813\">\n<p data-start=\"2783\" data-end=\"2813\">redukcja zmarszczek i bruzd,<\/p>\n<\/li>\n<li data-start=\"2814\" data-end=\"2864\">\n<p data-start=\"2816\" data-end=\"2864\">rozja\u015bnienie przebarwie\u0144 i plam pos\u0142onecznych,<\/p>\n<\/li>\n<li data-start=\"2865\" data-end=\"2912\">\n<p data-start=\"2867\" data-end=\"2912\">sp\u0142ycenie blizn potr\u0105dzikowych i rozst\u0119p\u00f3w,<\/p>\n<\/li>\n<li data-start=\"2913\" data-end=\"2968\">\n<p data-start=\"2915\" data-end=\"2968\">zag\u0119szczenie sk\u00f3ry i widoczna poprawa jej g\u0119sto\u015bci,<\/p>\n<\/li>\n<li data-start=\"2969\" data-end=\"3002\">\n<p data-start=\"2971\" data-end=\"3002\">odm\u0142odzony, promienny wygl\u0105d.<\/p>\n<\/li>\n<\/ul>\n<p>[\/et_pb_fullwidth_header][et_pb_fullwidth_header title=&#8221;Przeciwwskazania &#8221; _builder_version=&#8221;4.23.3&#8243; _module_preset=&#8221;default&#8221; background_color=&#8221;#008e58&#8243; custom_margin=&#8221;-5px|||||&#8221; custom_padding=&#8221;37px|||||&#8221; global_colors_info=&#8221;{}&#8221;]<\/p>\n<h3 data-start=\"3329\" data-end=\"3373\"><\/h3>\n<p data-start=\"3375\" data-end=\"3484\">Cho\u0107 zabieg jest wyj\u0105tkowo bezpieczny, istniej\u0105 pewne sytuacje, w kt\u00f3rych jego wykonanie nie jest zalecane:<\/p>\n<ul data-start=\"3485\" data-end=\"3783\">\n<li data-start=\"3485\" data-end=\"3515\">\n<p data-start=\"3487\" data-end=\"3515\">choroby nowotworowe sk\u00f3ry,<\/p>\n<\/li>\n<li data-start=\"3516\" data-end=\"3562\">\n<p data-start=\"3518\" data-end=\"3562\">niezdiagnozowane znamiona i zmiany sk\u00f3rne,<\/p>\n<\/li>\n<li data-start=\"3563\" data-end=\"3607\">\n<p data-start=\"3565\" data-end=\"3607\">aktywny tr\u0105dzik lub terapia retinoidami,<\/p>\n<\/li>\n<li data-start=\"3608\" data-end=\"3654\">\n<p data-start=\"3610\" data-end=\"3654\">obecno\u015b\u0107 nad\u017cerek i naczyniak\u00f3w jamistych,<\/p>\n<\/li>\n<li data-start=\"3655\" data-end=\"3722\">\n<p data-start=\"3657\" data-end=\"3722\">infekcje sk\u00f3ry o pod\u0142o\u017cu wirusowym, bakteryjnym lub grzybiczym,<\/p>\n<\/li>\n<li data-start=\"3723\" data-end=\"3783\">\n<p data-start=\"3725\" data-end=\"3783\">uszkodzenia nask\u00f3rka, otwarte rany, oparzenia s\u0142oneczne.<\/p>\n<\/li>\n<\/ul>\n<p>[\/et_pb_fullwidth_header][\/et_pb_section][et_pb_section fb_built=&#8221;1&#8243; _builder_version=&#8221;4.23.3&#8243; _module_preset=&#8221;default&#8221; min_height=&#8221;98px&#8221; custom_padding=&#8221;0px|||||&#8221; global_colors_info=&#8221;{}&#8221;][et_pb_row _builder_version=&#8221;4.23.3&#8243; _module_preset=&#8221;default&#8221; module_alignment=&#8221;center&#8221; global_colors_info=&#8221;{}&#8221;][et_pb_column type=&#8221;4_4&#8243; _builder_version=&#8221;4.23.3&#8243; _module_preset=&#8221;default&#8221; global_colors_info=&#8221;{}&#8221;][et_pb_button button_url=&#8221;tel:+48604156054&#8243; button_text=&#8221;um\u00f3w si\u0119 na wizyt\u0119&#8221; button_alignment=&#8221;center&#8221; _builder_version=&#8221;4.23.3&#8243; _module_preset=&#8221;default&#8221; custom_button=&#8221;on&#8221; button_text_color=&#8221;#FFFFFF&#8221; button_bg_color=&#8221;#008e58&#8243; background_layout=&#8221;dark&#8221; global_colors_info=&#8221;{}&#8221;][\/et_pb_button][\/et_pb_column][\/et_pb_row][\/et_pb_section][et_pb_section fb_built=&#8221;1&#8243; _builder_version=&#8221;4.23.3&#8243; _module_preset=&#8221;default&#8221; custom_margin=&#8221;-101px|||||&#8221; global_colors_info=&#8221;{}&#8221;][et_pb_row column_structure=&#8221;1_2,1_2&#8243; _builder_version=&#8221;4.23.3&#8243; _module_preset=&#8221;default&#8221; global_colors_info=&#8221;{}&#8221;][et_pb_column type=&#8221;1_2&#8243; _builder_version=&#8221;4.23.3&#8243; _module_preset=&#8221;default&#8221; global_colors_info=&#8221;{}&#8221;][et_pb_blurb title=&#8221;czas zabiegu&#8221; use_icon=&#8221;on&#8221; font_icon=&#8221;&#x7d;||divi||400&#8243; icon_color=&#8221;#008e58&#8243; _builder_version=&#8221;4.23.3&#8243; _module_preset=&#8221;default&#8221; header_text_align=&#8221;center&#8221; global_colors_info=&#8221;{}&#8221;]<\/p>\n<p style=\"text-align: center;\">60 min<\/p>\n<p>[\/et_pb_blurb][\/et_pb_column][et_pb_column type=&#8221;1_2&#8243; _builder_version=&#8221;4.23.3&#8243; _module_preset=&#8221;default&#8221; global_colors_info=&#8221;{}&#8221;][et_pb_blurb title=&#8221;cena&#8221; use_icon=&#8221;on&#8221; font_icon=&#8221;&#xe100;||divi||400&#8243; icon_color=&#8221;#008e58&#8243; _builder_version=&#8221;4.23.3&#8243; _module_preset=&#8221;default&#8221; header_text_align=&#8221;center&#8221; global_colors_info=&#8221;{}&#8221;]<\/p>\n<p style=\"text-align: center;\"><strong>400 z\u0142<\/strong><\/p>\n<p>[\/et_pb_blurb][\/et_pb_column][\/et_pb_row][\/et_pb_section]<\/p>\n","protected":false},"excerpt":{"rendered":"<p>bloomea\u00ae \u2013 innowacyjny modeling i lifting sk\u00f3ry Bloomea\u00ae to nowoczesny, nieinwazyjny zabieg odm\u0142adzaj\u0105cy, wykorzystuj\u0105cy zaawansowan\u0105 technologi\u0119 TRIO M.M.L. \u2013 makroeksfoliacj\u0119, mikrowibracj\u0119 i luminoterapi\u0119. To kompleksowa metoda, kt\u00f3ra w spos\u00f3b bezpieczny i skuteczny regeneruje, wyg\u0142adza i rozja\u015bnia sk\u00f3r\u0119, przywracaj\u0105c jej m\u0142odzie\u0144czy blask. Zabieg zosta\u0142 opracowany przez francuskich specjalist\u00f3w z my\u015bl\u0105 o poprawie kondycji sk\u00f3ry twarzy i [&hellip;]<\/p>\n","protected":false},"author":1,"featured_media":0,"parent":0,"menu_order":0,"comment_status":"closed","ping_status":"closed","template":"","meta":{"_et_pb_use_builder":"on","_et_pb_old_content":"","_et_gb_content_width":"","footnotes":""},"_links":{"self":[{"href":"https:\/\/harmonia-zmyslow.pl\/index.php\/wp-json\/wp\/v2\/pages\/1329"}],"collection":[{"href":"https:\/\/harmonia-zmyslow.pl\/index.php\/wp-json\/wp\/v2\/pages"}],"about":[{"href":"https:\/\/harmonia-zmyslow.pl\/index.php\/wp-json\/wp\/v2\/types\/page"}],"author":[{"embeddable":true,"href":"https:\/\/harmonia-zmyslow.pl\/index.php\/wp-json\/wp\/v2\/users\/1"}],"replies":[{"embeddable":true,"href":"https:\/\/harmonia-zmyslow.pl\/index.php\/wp-json\/wp\/v2\/comments?post=1329"}],"version-history":[{"count":4,"href":"https:\/\/harmonia-zmyslow.pl\/index.php\/wp-json\/wp\/v2\/pages\/1329\/revisions"}],"predecessor-version":[{"id":1354,"href":"https:\/\/harmonia-zmyslow.pl\/index.php\/wp-json\/wp\/v2\/pages\/1329\/revisions\/1354"}],"wp:attachment":[{"href":"https:\/\/harmonia-zmyslow.pl\/index.php\/wp-json\/wp\/v2\/media?parent=1329"}],"curies":[{"name":"wp","href":"https:\/\/api.w.org\/{rel}","templated":true}]}}