{"id":1183,"date":"2025-11-10T19:09:41","date_gmt":"2025-11-10T18:09:41","guid":{"rendered":"https:\/\/harmonia-zmyslow.pl\/?page_id=1183"},"modified":"2025-11-11T13:37:50","modified_gmt":"2025-11-11T12:37:50","slug":"peeling-kawitacyjny","status":"publish","type":"page","link":"https:\/\/harmonia-zmyslow.pl\/index.php\/peeling-kawitacyjny\/","title":{"rendered":"peeling kawitacyjny\u00a0"},"content":{"rendered":"<p>[et_pb_section fb_built=&#8221;1&#8243; fullwidth=&#8221;on&#8221; _builder_version=&#8221;4.23.3&#8243; _module_preset=&#8221;default&#8221; global_colors_info=&#8221;{}&#8221;][et_pb_fullwidth_header _builder_version=&#8221;4.23.3&#8243; _module_preset=&#8221;default&#8221; background_color=&#8221;#008e58&#8243; custom_margin=&#8221;||-45px|||&#8221; custom_padding=&#8221;50px|||||&#8221; hover_enabled=&#8221;0&#8243; global_colors_info=&#8221;{}&#8221; sticky_enabled=&#8221;0&#8243;][\/et_pb_fullwidth_header][\/et_pb_section][et_pb_section fb_built=&#8221;1&#8243; _builder_version=&#8221;4.23.3&#8243; _module_preset=&#8221;default&#8221; min_height=&#8221;225.1px&#8221; global_colors_info=&#8221;{}&#8221;][et_pb_row _builder_version=&#8221;4.23.3&#8243; _module_preset=&#8221;default&#8221; custom_padding=&#8221;0px|||||&#8221; global_colors_info=&#8221;{}&#8221;][et_pb_column type=&#8221;4_4&#8243; _builder_version=&#8221;4.23.3&#8243; _module_preset=&#8221;default&#8221; global_colors_info=&#8221;{}&#8221;][et_pb_text _builder_version=&#8221;4.23.3&#8243; _module_preset=&#8221;default&#8221; hover_enabled=&#8221;0&#8243; global_colors_info=&#8221;{}&#8221; sticky_enabled=&#8221;0&#8243;]<\/p>\n<div>\n<h2 data-start=\"172\" data-end=\"243\">Peeling kawitacyjny \u2013 delikatne, a skuteczne oczyszczenie sk\u00f3ry<\/h2>\n<p data-start=\"245\" data-end=\"555\">\n<p data-start=\"245\" data-end=\"555\">Peeling kawitacyjny to <strong data-start=\"268\" data-end=\"303\">nieinwazyjny, bezbolesny zabieg<\/strong> wykorzystuj\u0105cy <strong data-start=\"319\" data-end=\"335\">ultrad\u017awi\u0119ki<\/strong> do dog\u0142\u0119bnego oczyszczenia sk\u00f3ry z martwego nask\u00f3rka, sebum i zanieczyszcze\u0144. Podczas zabiegu na wilgotnej sk\u00f3rze tworz\u0105 si\u0119 mikrop\u0119cherzyki gazu, kt\u00f3re p\u0119kaj\u0105c, delikatnie rozbijaj\u0105 martwe kom\u00f3rki i oczyszczaj\u0105 pory.<\/p>\n<p data-start=\"557\" data-end=\"700\">Dzi\u0119ki temu sk\u00f3ra staje si\u0119 <strong data-start=\"585\" data-end=\"666\">g\u0142adsza, ja\u015bniejsza i lepiej przygotowana na wch\u0142anianie sk\u0142adnik\u00f3w aktywnych<\/strong> z kolejnych etap\u00f3w piel\u0119gnacji.<\/p>\n<\/div>\n<p>[\/et_pb_text][\/et_pb_column][\/et_pb_row][\/et_pb_section][et_pb_section fb_built=&#8221;1&#8243; fullwidth=&#8221;on&#8221; _builder_version=&#8221;4.23.3&#8243; _module_preset=&#8221;default&#8221; global_colors_info=&#8221;{}&#8221;][et_pb_fullwidth_image src=&#8221;http:\/\/harmonia-zmyslow.pl\/wp-content\/uploads\/2025\/11\/0-7b30abb3-199b-40f2-87a8-0eee798d0efa-512&#215;512.jpg&#8221; _builder_version=&#8221;4.23.3&#8243; _module_preset=&#8221;default&#8221; min_height=&#8221;50px&#8221; custom_margin=&#8221;-4px|||||&#8221; global_colors_info=&#8221;{}&#8221;][\/et_pb_fullwidth_image][\/et_pb_section][et_pb_section fb_built=&#8221;1&#8243; _builder_version=&#8221;4.23.3&#8243; _module_preset=&#8221;default&#8221; custom_padding=&#8221;0px||0px|||&#8221; global_colors_info=&#8221;{}&#8221;][et_pb_row _builder_version=&#8221;4.23.3&#8243; _module_preset=&#8221;default&#8221; min_height=&#8221;237px&#8221; global_colors_info=&#8221;{}&#8221;][et_pb_column type=&#8221;4_4&#8243; _builder_version=&#8221;4.23.3&#8243; _module_preset=&#8221;default&#8221; global_colors_info=&#8221;{}&#8221;][et_pb_text _builder_version=&#8221;4.23.3&#8243; _module_preset=&#8221;default&#8221; hover_enabled=&#8221;0&#8243; global_colors_info=&#8221;{}&#8221; sticky_enabled=&#8221;0&#8243;]<\/p>\n<h2 data-start=\"707\" data-end=\"746\">Jak dzia\u0142a peeling kawitacyjny?<strong data-start=\"751\" data-end=\"779\"><\/strong><\/h2>\n<p>&nbsp;<\/p>\n<ol data-start=\"748\" data-end=\"1162\">\n<li data-start=\"748\" data-end=\"909\">\n<p data-start=\"751\" data-end=\"909\"><strong data-start=\"751\" data-end=\"779\">Kawitacja ultrad\u017awi\u0119kowa<\/strong> \u2013 na zwil\u017conej sk\u00f3rze, przy u\u017cyciu specjalnej szpatu\u0142ki emituj\u0105cej fale ultrad\u017awi\u0119kowe, powstaj\u0105 mikroskopijne p\u0119cherzyki gazu.<\/p>\n<\/li>\n<li data-start=\"910\" data-end=\"1037\">\n<p data-start=\"913\" data-end=\"1037\"><strong data-start=\"913\" data-end=\"929\">Oczyszczanie<\/strong> \u2013 p\u0119cherzyki te p\u0119kaj\u0105, usuwaj\u0105c z powierzchni sk\u00f3ry martwe kom\u00f3rki, nadmiar sebum oraz zanieczyszczenia.<\/p>\n<\/li>\n<li data-start=\"1038\" data-end=\"1162\">\n<p data-start=\"1041\" data-end=\"1162\"><strong data-start=\"1041\" data-end=\"1064\">Efekt \u015bwie\u017cej sk\u00f3ry<\/strong> \u2013 zabieg dzia\u0142a g\u0142\u0119biej ni\u017c tradycyjne peelingi, pozostawiaj\u0105c cer\u0119 czyst\u0105, g\u0142adk\u0105 i promienn\u0105.<\/p>\n<\/li>\n<\/ol>\n<p>[\/et_pb_text][\/et_pb_column][\/et_pb_row][\/et_pb_section][et_pb_section fb_built=&#8221;1&#8243; fullwidth=&#8221;on&#8221; _builder_version=&#8221;4.23.3&#8243; _module_preset=&#8221;default&#8221; custom_margin=&#8221;-18px|||||&#8221; global_colors_info=&#8221;{}&#8221;][et_pb_fullwidth_header title=&#8221;Dla kogo?&#8221; _builder_version=&#8221;4.23.3&#8243; _module_preset=&#8221;default&#8221; background_color=&#8221;#008e58&#8243; custom_margin=&#8221;-5px|||||&#8221; custom_padding=&#8221;37px|||||&#8221; hover_enabled=&#8221;0&#8243; global_colors_info=&#8221;{}&#8221; sticky_enabled=&#8221;0&#8243;]<\/p>\n<h2 data-start=\"1169\" data-end=\"1186\"><\/h2>\n<p data-start=\"1188\" data-end=\"1382\">Peeling kawitacyjny to idealne rozwi\u0105zanie dla os\u00f3b z <strong data-start=\"1242\" data-end=\"1279\">cer\u0105 t\u0142ust\u0105, mieszan\u0105, tr\u0105dzikow\u0105<\/strong>, a tak\u017ce dla <strong data-start=\"1293\" data-end=\"1326\">sk\u00f3ry wra\u017cliwej i naczyniowej<\/strong>, poniewa\u017c jest <strong data-start=\"1342\" data-end=\"1379\">delikatny i ca\u0142kowicie bezpieczny<\/strong>.<\/p>\n<p>[\/et_pb_fullwidth_header][\/et_pb_section][et_pb_section fb_built=&#8221;1&#8243; fullwidth=&#8221;on&#8221; _builder_version=&#8221;4.23.3&#8243; _module_preset=&#8221;default&#8221; global_colors_info=&#8221;{}&#8221;][et_pb_fullwidth_header title=&#8221;Efekty i zalety zabiegu&#8221; _builder_version=&#8221;4.23.3&#8243; _module_preset=&#8221;default&#8221; background_color=&#8221;#FFFFFF&#8221; background_layout=&#8221;light&#8221; custom_padding=&#8221;0px|||||&#8221; global_colors_info=&#8221;{}&#8221; custom_margin=&#8221;21px|||||&#8221;]<\/p>\n<ul>\n<li data-start=\"1431\" data-end=\"1469\">dog\u0142\u0119bne oczyszczenie sk\u00f3ry i por\u00f3w,<\/li>\n<li data-start=\"1470\" data-end=\"1502\">\n<p data-start=\"1472\" data-end=\"1502\">usuni\u0119cie martwego nask\u00f3rka,<\/p>\n<\/li>\n<li data-start=\"1503\" data-end=\"1540\">\n<p data-start=\"1505\" data-end=\"1540\">wyg\u0142adzenie i roz\u015bwietlenie cery,<\/p>\n<\/li>\n<li data-start=\"1541\" data-end=\"1591\">\n<p data-start=\"1543\" data-end=\"1591\">wyr\u00f3wnanie kolorytu i poprawa struktury sk\u00f3ry,<\/p>\n<\/li>\n<li data-start=\"1592\" data-end=\"1634\">\n<p data-start=\"1594\" data-end=\"1634\">redukcja zask\u00f3rnik\u00f3w i nadmiaru sebum,<\/p>\n<\/li>\n<li data-start=\"1635\" data-end=\"1685\">\n<p data-start=\"1637\" data-end=\"1685\">lepsze wch\u0142anianie kosmetyk\u00f3w piel\u0119gnacyjnych,<\/p>\n<\/li>\n<li data-start=\"1686\" data-end=\"1737\">\n<p data-start=\"1688\" data-end=\"1737\">od\u015bwie\u017cenie i natychmiastowe uczucie czysto\u015bci.<\/p>\n<\/li>\n<\/ul>\n<p data-start=\"1739\" data-end=\"1915\">Peeling kawitacyjny to doskona\u0142y spos\u00f3b na <strong data-start=\"1782\" data-end=\"1828\">oczyszczenie i odnow\u0119 sk\u00f3ry bez podra\u017cnie\u0144<\/strong> \u2013 idealny nawet przed wa\u017cnym wyj\u015bciem lub jako regularny element piel\u0119gnacji twarzy.<\/p>\n<p data-start=\"1739\" data-end=\"1915\">\n<p data-start=\"1739\" data-end=\"1915\">\n<p>[\/et_pb_fullwidth_header][\/et_pb_section][et_pb_section fb_built=&#8221;1&#8243; _builder_version=&#8221;4.23.3&#8243; _module_preset=&#8221;default&#8221; min_height=&#8221;98px&#8221; global_colors_info=&#8221;{}&#8221; custom_padding=&#8221;0px|||||&#8221;][et_pb_row _builder_version=&#8221;4.23.3&#8243; _module_preset=&#8221;default&#8221; hover_enabled=&#8221;0&#8243; global_colors_info=&#8221;{}&#8221; module_alignment=&#8221;center&#8221; sticky_enabled=&#8221;0&#8243;][et_pb_column type=&#8221;4_4&#8243; _builder_version=&#8221;4.23.3&#8243; _module_preset=&#8221;default&#8221; global_colors_info=&#8221;{}&#8221;][et_pb_button button_text=&#8221;um\u00f3w si\u0119 na wizyt\u0119&#8221; _builder_version=&#8221;4.23.3&#8243; _module_preset=&#8221;default&#8221; button_alignment=&#8221;center&#8221; background_layout=&#8221;dark&#8221; custom_button=&#8221;on&#8221; button_text_color=&#8221;#FFFFFF&#8221; hover_enabled=&#8221;0&#8243; sticky_enabled=&#8221;0&#8243; button_bg_color=&#8221;#008e58&#8243; button_bg_enable_color=&#8221;on&#8221; button_url=&#8221;tel:+48604156054&#8243;][\/et_pb_button][\/et_pb_column][\/et_pb_row][\/et_pb_section][et_pb_section fb_built=&#8221;1&#8243; _builder_version=&#8221;4.23.3&#8243; _module_preset=&#8221;default&#8221; custom_margin=&#8221;-101px|||||&#8221; global_colors_info=&#8221;{}&#8221;][et_pb_row column_structure=&#8221;1_2,1_2&#8243; _builder_version=&#8221;4.23.3&#8243; _module_preset=&#8221;default&#8221; global_colors_info=&#8221;{}&#8221;][et_pb_column type=&#8221;1_2&#8243; _builder_version=&#8221;4.23.3&#8243; _module_preset=&#8221;default&#8221; global_colors_info=&#8221;{}&#8221;][et_pb_blurb title=&#8221;czas zabiegu&#8221; use_icon=&#8221;on&#8221; font_icon=&#8221;&#x7d;||divi||400&#8243; icon_color=&#8221;#008e58&#8243; _builder_version=&#8221;4.23.3&#8243; _module_preset=&#8221;default&#8221; header_text_align=&#8221;center&#8221; hover_enabled=&#8221;0&#8243; global_colors_info=&#8221;{}&#8221; sticky_enabled=&#8221;0&#8243;]<\/p>\n<p style=\"text-align: center;\">60 min<\/p>\n<p>[\/et_pb_blurb][\/et_pb_column][et_pb_column type=&#8221;1_2&#8243; _builder_version=&#8221;4.23.3&#8243; _module_preset=&#8221;default&#8221; global_colors_info=&#8221;{}&#8221;][et_pb_blurb title=&#8221;koszt&#8221; use_icon=&#8221;on&#8221; font_icon=&#8221;&#xe100;||divi||400&#8243; icon_color=&#8221;#008e58&#8243; _builder_version=&#8221;4.23.3&#8243; _module_preset=&#8221;default&#8221; header_text_align=&#8221;center&#8221; hover_enabled=&#8221;0&#8243; global_colors_info=&#8221;{}&#8221; sticky_enabled=&#8221;0&#8243;]<\/p>\n<p style=\"text-align: center;\">120 z\u0142<\/p>\n<p>[\/et_pb_blurb][\/et_pb_column][\/et_pb_row][\/et_pb_section]<\/p>\n","protected":false},"excerpt":{"rendered":"<p>Peeling kawitacyjny \u2013 delikatne, a skuteczne oczyszczenie sk\u00f3ry Peeling kawitacyjny to nieinwazyjny, bezbolesny zabieg wykorzystuj\u0105cy ultrad\u017awi\u0119ki do dog\u0142\u0119bnego oczyszczenia sk\u00f3ry z martwego nask\u00f3rka, sebum i zanieczyszcze\u0144. Podczas zabiegu na wilgotnej sk\u00f3rze tworz\u0105 si\u0119 mikrop\u0119cherzyki gazu, kt\u00f3re p\u0119kaj\u0105c, delikatnie rozbijaj\u0105 martwe kom\u00f3rki i oczyszczaj\u0105 pory. Dzi\u0119ki temu sk\u00f3ra staje si\u0119 g\u0142adsza, ja\u015bniejsza i lepiej przygotowana na [&hellip;]<\/p>\n","protected":false},"author":1,"featured_media":0,"parent":0,"menu_order":0,"comment_status":"closed","ping_status":"closed","template":"","meta":{"_et_pb_use_builder":"on","_et_pb_old_content":"","_et_gb_content_width":"","footnotes":""},"_links":{"self":[{"href":"https:\/\/harmonia-zmyslow.pl\/index.php\/wp-json\/wp\/v2\/pages\/1183"}],"collection":[{"href":"https:\/\/harmonia-zmyslow.pl\/index.php\/wp-json\/wp\/v2\/pages"}],"about":[{"href":"https:\/\/harmonia-zmyslow.pl\/index.php\/wp-json\/wp\/v2\/types\/page"}],"author":[{"embeddable":true,"href":"https:\/\/harmonia-zmyslow.pl\/index.php\/wp-json\/wp\/v2\/users\/1"}],"replies":[{"embeddable":true,"href":"https:\/\/harmonia-zmyslow.pl\/index.php\/wp-json\/wp\/v2\/comments?post=1183"}],"version-history":[{"count":16,"href":"https:\/\/harmonia-zmyslow.pl\/index.php\/wp-json\/wp\/v2\/pages\/1183\/revisions"}],"predecessor-version":[{"id":1236,"href":"https:\/\/harmonia-zmyslow.pl\/index.php\/wp-json\/wp\/v2\/pages\/1183\/revisions\/1236"}],"wp:attachment":[{"href":"https:\/\/harmonia-zmyslow.pl\/index.php\/wp-json\/wp\/v2\/media?parent=1183"}],"curies":[{"name":"wp","href":"https:\/\/api.w.org\/{rel}","templated":true}]}}